{"id":3254,"date":"2023-05-17T20:13:39","date_gmt":"2023-05-17T20:13:39","guid":{"rendered":"https:\/\/ipsmarty.store\/?page_id=3254"},"modified":"2024-12-05T15:42:14","modified_gmt":"2024-12-05T15:42:14","slug":"ruckerstattungs-und-ruckgaberecht","status":"publish","type":"page","link":"https:\/\/zap4ktv.com\/de\/ruckerstattungs-und-ruckgaberecht\/","title":{"rendered":"R\u00fcckerstattungs- und R\u00fcckgaberecht"},"content":{"rendered":"<div data-elementor-type=\"wp-page\" data-elementor-id=\"3254\" class=\"elementor elementor-3254\">\n\t\t\t\t<div class=\"elementor-element elementor-element-df2fe9e e-flex e-con-boxed e-con e-parent\" data-id=\"df2fe9e\" data-element_type=\"container\" data-settings=\"{&quot;background_background&quot;:&quot;classic&quot;}\">\n\t\t\t\t\t<div class=\"e-con-inner\">\n\t\t\t\t<div class=\"elementor-element elementor-element-8d9e6bd elementor-widget elementor-widget-heading\" data-id=\"8d9e6bd\" data-element_type=\"widget\" data-widget_type=\"heading.default\">\n\t\t\t\t<div class=\"elementor-widget-container\">\n\t\t\t\t\t<h2 class=\"elementor-heading-title elementor-size-default\">R\u00fcckerstattungs- und R\u00fcckgaberecht<\/h2>\t\t\t\t<\/div>\n\t\t\t\t<\/div>\n\t\t\t\t\t<\/div>\n\t\t\t\t<\/div>\n\t\t<div class=\"elementor-element elementor-element-0f18c5c e-flex e-con-boxed e-con e-parent\" data-id=\"0f18c5c\" data-element_type=\"container\" data-settings=\"{&quot;background_background&quot;:&quot;classic&quot;}\">\n\t\t\t\t\t<div class=\"e-con-inner\">\n\t\t\t\t<div class=\"elementor-element elementor-element-165dfa4 elementor-widget elementor-widget-text-editor\" data-id=\"165dfa4\" data-element_type=\"widget\" data-widget_type=\"text-editor.default\">\n\t\t\t\t<div class=\"elementor-widget-container\">\n\t\t\t\t\t\t\t\t\t<p>Bitte lesen Sie das Folgende sorgf\u00e4ltig durch, bevor Sie eine R\u00fcckerstattungsanforderung senden, indem Sie ein Ticket im Supportbereich erstellen.<\/p><p>R\u00fcckerstattungsantr\u00e4ge m\u00fcssen klar sein und die folgenden Bedingungen erf\u00fcllen:<\/p><ol><li><p><strong>Empfehlung f\u00fcr ein Testkonto<\/strong>: Fordern Sie vor dem Kauf ein Testkonto an, um unsere Dienste zu testen. Wenn Sie mit der Testversion nicht zufrieden sind, schlie\u00dfen Sie kein langfristiges Abonnement ab.<\/p><\/li><li><p><strong>Anforderungen an die Internetgeschwindigkeit<\/strong>: Stellen Sie sicher, dass Ihre Internetgeschwindigkeit ausreicht, um die Dienste von Zap4kTV zu nutzen. F\u00fcr Probleme, die durch langsame Internetverbindungen verursacht werden, werden keine R\u00fcckerstattungen gew\u00e4hrt.<\/p><\/li><li><p><strong>Setup-Probleme<\/strong>: Unser Team steht Ihnen rund um die Uhr zur Verf\u00fcgung, um Sie bei der Einrichtung und dem Support zu unterst\u00fctzen. Es erfolgt jedoch keine R\u00fcckerstattung, wenn Sie den Dienst auf Ihren Ger\u00e4ten nicht konfigurieren k\u00f6nnen. Bitte beachten Sie die bereitgestellten Tutorials, um eine ordnungsgem\u00e4\u00dfe Einrichtung sicherzustellen.<\/p><\/li><li><p><strong>Falsche Serviceauswahl<\/strong>: Wenn Sie versehentlich den falschen Service ausw\u00e4hlen und bezahlen (z. B. einen 1-Jahres-Plan statt eines 3-Monats-Plans w\u00e4hlen), erstellen Sie ein Ticket im Support-Bereich. Unser Team wird Ihren Fall pr\u00fcfen und bei Genehmigung eine R\u00fcckerstattung ausstellen.<\/p><\/li><li><p><strong>Ablauf des Kontos<\/strong>: R\u00fcckerstattungsantr\u00e4ge werden nicht akzeptiert, wenn Ihr Konto innerhalb von 7 Tagen abl\u00e4uft.<\/p><\/li><\/ol><p>Erstellen Sie f\u00fcr alle Anfragen bez\u00fcglich R\u00fcckerstattungen bitte ein Ticket in der entsprechenden Kategorie im Support-Bereich. Unser Team wird Ihnen umgehend helfen.<\/p>\t\t\t\t\t\t\t\t<\/div>\n\t\t\t\t<\/div>\n\t\t\t\t\t<\/div>\n\t\t\t\t<\/div>\n\t\t\t\t<\/div>","protected":false},"excerpt":{"rendered":"<p>Refund and Returns Policy Please read the following carefully before submitting a refund request by creating a ticket in the support section. Refund requests must be clear and meet the following conditions: Trial Account Recommendation: Before purchasing, request a trial account to test our services. If you are not satisfied with the trial, do not [&hellip;]<\/p>","protected":false},"author":2,"featured_media":0,"parent":0,"menu_order":0,"comment_status":"closed","ping_status":"closed","template":"","meta":{"footnotes":""},"class_list":["post-3254","page","type-page","status-publish","hentry"],"blocksy_meta":{"page_title_panel":"","has_hero_section":"disabled","24a716533436107933a52363f5ab8f7e":"","hero_section":"type-1","hero_elements":[{"id":"custom_title","enabled":true,"heading_tag":"h1","title":"Heim"},{"id":"custom_description","enabled":true,"description_visibility":{"desktop":true,"tablet":true,"mobile":false}},{"id":"custom_meta","enabled":false,"meta_elements":[{"id":"author","enabled":true,"label":"By","has_author_avatar":"yes","avatar_size":25},{"id":"post_date","enabled":true,"label":"On","date_format_source":"default","date_format":"M j, Y"},{"id":"updated_date","enabled":false,"label":"On","date_format_source":"default","date_format":"M j, Y"},{"id":"categories","enabled":false,"label":"In","style":"simple"},{"id":"comments","enabled":true}],"page_meta_elements":{"joined":true,"articles_count":true,"comments":true}},{"id":"breadcrumbs","enabled":false}],"6ffd2d564cf7a86fa37232a3f7cf19a3":"","hero_alignment1":"CT_CSS_SKIP_RULE","hero_margin":40,"hero_alignment2":"center","hero_vertical_alignment":"center","3aca50897909981e61e36bfa22b0d995":"","hero_structure":"narrow","41bf9b501568498c842f1e2e55fa051a":"","page_title_bg_type":"featured_image","custom_hero_background":{"attachment_id":null},"page_title_image_size":"full","parallax":{"desktop":false,"tablet":false,"mobile":false},"26c4c92295fdc3dff318d145205ecb1b":"","hero_height":"250px","pageTitleFont":{"family":"Default","variation":"Default","size":"30px","line-height":"CT_CSS_SKIP_RULE","letter-spacing":"CT_CSS_SKIP_RULE","text-transform":"CT_CSS_SKIP_RULE","text-decoration":"CT_CSS_SKIP_RULE"},"pageTitleFontColor":{"default":{"color":"CT_CSS_SKIP_RULEDEFAULT"}},"pageMetaFont":{"family":"Default","variation":"n6","size":"12px","line-height":"1.3","letter-spacing":"CT_CSS_SKIP_RULE","text-transform":"uppercase","text-decoration":"CT_CSS_SKIP_RULE"},"pageMetaFontColor":{"default":{"color":"CT_CSS_SKIP_RULEDEFAULT"},"hover":{"color":"CT_CSS_SKIP_RULEDEFAULT"}},"page_meta_button_type_font_colors":{"default":{"color":"CT_CSS_SKIP_RULEDEFAULT"},"hover":{"color":"CT_CSS_SKIP_RULEDEFAULT"}},"page_meta_button_type_background_colors":{"default":{"color":"CT_CSS_SKIP_RULEDEFAULT"},"hover":{"color":"CT_CSS_SKIP_RULEDEFAULT"}},"pageExcerptFont":{"family":"Default","variation":"Default","size":"CT_CSS_SKIP_RULE","line-height":"CT_CSS_SKIP_RULE","letter-spacing":"CT_CSS_SKIP_RULE","text-transform":"CT_CSS_SKIP_RULE","text-decoration":"CT_CSS_SKIP_RULE"},"pageExcerptColor":{"default":{"color":"CT_CSS_SKIP_RULEDEFAULT"}},"breadcrumbsFont":{"family":"Default","variation":"Default","size":"CT_CSS_SKIP_RULE","line-height":"CT_CSS_SKIP_RULE","letter-spacing":"CT_CSS_SKIP_RULE","text-transform":"CT_CSS_SKIP_RULE","text-decoration":"CT_CSS_SKIP_RULE"},"breadcrumbsFontColor":{"default":{"color":"CT_CSS_SKIP_RULEDEFAULT"},"initial":{"color":"CT_CSS_SKIP_RULEDEFAULT"},"hover":{"color":"CT_CSS_SKIP_RULEDEFAULT"}},"pageTitleOverlay":{"background_type":"color","background_pattern":"type-1","background_image":{"attachment_id":null,"x":0,"y":0},"gradient":"linear-gradient(135deg,rgba(6,147,227,1) 0%,rgb(155,81,224) 100%)","background_repeat":"repeat","background_size":"auto","background_attachment":"scroll","patternColor":{"default":{"color":"#e5e7ea"}},"overlayColor":{"default":{"color":"CT_CSS_SKIP_RULE"}},"backgroundColor":{"default":{"color":"CT_CSS_SKIP_RULE"}}},"pageTitleBackground":{"background_type":"color","background_pattern":"type-1","background_image":{"attachment_id":null,"x":0,"y":0},"gradient":"linear-gradient(135deg,rgba(6,147,227,1) 0%,rgb(155,81,224) 100%)","background_repeat":"repeat","background_size":"auto","background_attachment":"scroll","patternColor":{"default":{"color":"#e5e7ea"}},"overlayColor":{"default":{"color":"CT_CSS_SKIP_RULE"}},"backgroundColor":{"default":{"color":"var(--theme-palette-color-6)"}}},"pageTitlePadding":{"top":"50px","bottom":"50px","left":"auto","right":"auto","linked":true},"a0794c1dc283c4ded9a39189a9306047":"","page_structure_type":"default","7471d577b0186ec57603ee093a45bb67":"","content_style_source":"inherit","content_style":"wide","vertical_spacing_source":"custom","content_area_spacing":"none","background":{"background_type":"color","background_pattern":"type-1","background_image":{"attachment_id":null,"x":0,"y":0},"gradient":"linear-gradient(135deg,rgba(6,147,227,1) 0%,rgb(155,81,224) 100%)","background_repeat":"repeat","background_size":"auto","background_attachment":"scroll","patternColor":{"default":{"color":"#e5e7ea"}},"overlayColor":{"default":{"color":"CT_CSS_SKIP_RULE"}},"backgroundColor":{"default":{"color":"CT_CSS_SKIP_RULE"}}},"content_background":{"background_type":"color","background_pattern":"type-1","background_image":{"attachment_id":null,"x":0,"y":0},"gradient":"linear-gradient(135deg,rgba(6,147,227,1) 0%,rgb(155,81,224) 100%)","background_repeat":"repeat","background_size":"auto","background_attachment":"scroll","patternColor":{"default":{"color":"#e5e7ea"}},"overlayColor":{"default":{"color":"CT_CSS_SKIP_RULE"}},"backgroundColor":{"default":{"color":"var(--theme-palette-color-8)"}}},"content_boxed_shadow":{"inherit":false,"blur":18,"spread":-6,"v_offset":12,"h_offset":0,"inset":false,"enable":true,"color":{"color":"rgba(34, 56, 101, 0.04)"}},"content_boxed_border":{"width":1,"style":"none","color":{"color":"rgba(44,62,80,0.2)"}},"content_boxed_radius":{"top":"3px","bottom":"3px","left":"3px","right":"3px","linked":true},"boxed_content_spacing":{"desktop":{"top":"40px","bottom":"40px","left":"40px","right":"40px","linked":true},"tablet":{"top":"35px","bottom":"35px","left":"35px","right":"35px","linked":true},"mobile":{"top":"20px","bottom":"20px","left":"20px","right":"20px","linked":true}},"745dac3c11a60e777d75e63a71e0acf3":"","disable_featured_image":"no","disable_share_box":"no","disable_header":"no","disable_footer":"no","styles_descriptor":{"styles":{"desktop":"","tablet":"","mobile":""},"google_fonts":[],"version":6}},"yoast_head":"<!-- This site is optimized with the Yoast SEO Premium plugin v24.0 (Yoast SEO v24.1) - https:\/\/yoast.com\/wordpress\/plugins\/seo\/ -->\n<title>Refund and Returns Policy - Zap4kTv - Best IPTV Subscription Service 2025<\/title>\n<meta name=\"robots\" content=\"index, follow, max-snippet:-1, max-image-preview:large, max-video-preview:-1\" \/>\n<link rel=\"canonical\" href=\"https:\/\/zap4ktv.com\/de\/ruckerstattungs-und-ruckgaberecht\/\" \/>\n<meta property=\"og:locale\" content=\"de_DE\" \/>\n<meta property=\"og:type\" content=\"article\" \/>\n<meta property=\"og:title\" content=\"Refund and Returns Policy\" \/>\n<meta property=\"og:description\" content=\"Refund and Returns Policy Please read the following carefully before submitting a refund request by creating a ticket in the support section. Refund requests must be clear and meet the following conditions: Trial Account Recommendation: Before purchasing, request a trial account to test our services. If you are not satisfied with the trial, do not [&hellip;]\" \/>\n<meta property=\"og:url\" content=\"https:\/\/zap4ktv.com\/de\/ruckerstattungs-und-ruckgaberecht\/\" \/>\n<meta property=\"og:site_name\" content=\"Zap4kTv - Best IPTV Subscription Service 2025\" \/>\n<meta property=\"article:modified_time\" content=\"2024-12-05T15:42:14+00:00\" \/>\n<meta name=\"twitter:card\" content=\"summary_large_image\" \/>\n<meta name=\"twitter:label1\" content=\"Gesch\u00e4tzte Lesezeit\" \/>\n\t<meta name=\"twitter:data1\" content=\"1\u00a0Minute\" \/>\n<script type=\"application\/ld+json\" class=\"yoast-schema-graph\">{\"@context\":\"https:\/\/schema.org\",\"@graph\":[{\"@type\":\"WebPage\",\"@id\":\"https:\/\/zap4ktv.com\/refund-and-returns-policy\/\",\"url\":\"https:\/\/zap4ktv.com\/refund-and-returns-policy\/\",\"name\":\"Refund and Returns Policy - Zap4kTv - Best IPTV Subscription Service 2025\",\"isPartOf\":{\"@id\":\"https:\/\/zap4ktv.com\/#website\"},\"datePublished\":\"2023-05-17T20:13:39+00:00\",\"dateModified\":\"2024-12-05T15:42:14+00:00\",\"breadcrumb\":{\"@id\":\"https:\/\/zap4ktv.com\/refund-and-returns-policy\/#breadcrumb\"},\"inLanguage\":\"de\",\"potentialAction\":[{\"@type\":\"ReadAction\",\"target\":[\"https:\/\/zap4ktv.com\/refund-and-returns-policy\/\"]}]},{\"@type\":\"BreadcrumbList\",\"@id\":\"https:\/\/zap4ktv.com\/refund-and-returns-policy\/#breadcrumb\",\"itemListElement\":[{\"@type\":\"ListItem\",\"position\":1,\"name\":\"Home\",\"item\":\"https:\/\/zap4ktv.com\/\"},{\"@type\":\"ListItem\",\"position\":2,\"name\":\"Refund and Returns Policy\"}]},{\"@type\":\"WebSite\",\"@id\":\"https:\/\/zap4ktv.com\/#website\",\"url\":\"https:\/\/zap4ktv.com\/\",\"name\":\"Zap4kTv - Best IPTV Subscription Service 2025\",\"description\":\"Top IPTV Subscription Provider in 2025\",\"publisher\":{\"@id\":\"https:\/\/zap4ktv.com\/#organization\"},\"potentialAction\":[{\"@type\":\"SearchAction\",\"target\":{\"@type\":\"EntryPoint\",\"urlTemplate\":\"https:\/\/zap4ktv.com\/?s={search_term_string}\"},\"query-input\":{\"@type\":\"PropertyValueSpecification\",\"valueRequired\":true,\"valueName\":\"search_term_string\"}}],\"inLanguage\":\"de\"},{\"@type\":\"Organization\",\"@id\":\"https:\/\/zap4ktv.com\/#organization\",\"name\":\"Zap4kTv - Best IPTV Subscription Service 2025\",\"url\":\"https:\/\/zap4ktv.com\/\",\"logo\":{\"@type\":\"ImageObject\",\"inLanguage\":\"de\",\"@id\":\"https:\/\/zap4ktv.com\/#\/schema\/logo\/image\/\",\"url\":\"https:\/\/ml6f5dkbciyx.i.optimole.com\/w:auto\/h:auto\/q:mauto\/ig:avif\/https:\/\/zap4ktv.com\/wp-content\/uploads\/2024\/12\/Design-sans-titre-13.png\",\"contentUrl\":\"https:\/\/ml6f5dkbciyx.i.optimole.com\/w:auto\/h:auto\/q:mauto\/ig:avif\/https:\/\/zap4ktv.com\/wp-content\/uploads\/2024\/12\/Design-sans-titre-13.png\",\"width\":1080,\"height\":1080,\"caption\":\"Zap4kTv - Best IPTV Subscription Service 2025\"},\"image\":{\"@id\":\"https:\/\/zap4ktv.com\/#\/schema\/logo\/image\/\"}}]}<\/script>\n<!-- \/ Yoast SEO Premium plugin. -->","yoast_head_json":{"title":"R\u00fcckerstattungs- und R\u00fcckgaberichtlinien - Zap4kTv - Bester IPTV-Abonnementdienst 2025","robots":{"index":"index","follow":"follow","max-snippet":"max-snippet:-1","max-image-preview":"max-image-preview:large","max-video-preview":"max-video-preview:-1"},"canonical":"https:\/\/zap4ktv.com\/de\/ruckerstattungs-und-ruckgaberecht\/","og_locale":"de_DE","og_type":"article","og_title":"Refund and Returns Policy","og_description":"Refund and Returns Policy Please read the following carefully before submitting a refund request by creating a ticket in the support section. Refund requests must be clear and meet the following conditions: Trial Account Recommendation: Before purchasing, request a trial account to test our services. If you are not satisfied with the trial, do not [&hellip;]","og_url":"https:\/\/zap4ktv.com\/de\/ruckerstattungs-und-ruckgaberecht\/","og_site_name":"Zap4kTv - Best IPTV Subscription Service 2025","article_modified_time":"2024-12-05T15:42:14+00:00","twitter_card":"summary_large_image","twitter_misc":{"Gesch\u00e4tzte Lesezeit":"1\u00a0Minute"},"schema":{"@context":"https:\/\/schema.org","@graph":[{"@type":"WebPage","@id":"https:\/\/zap4ktv.com\/refund-and-returns-policy\/","url":"https:\/\/zap4ktv.com\/refund-and-returns-policy\/","name":"R\u00fcckerstattungs- und R\u00fcckgaberichtlinien - Zap4kTv - Bester IPTV-Abonnementdienst 2025","isPartOf":{"@id":"https:\/\/zap4ktv.com\/#website"},"datePublished":"2023-05-17T20:13:39+00:00","dateModified":"2024-12-05T15:42:14+00:00","breadcrumb":{"@id":"https:\/\/zap4ktv.com\/refund-and-returns-policy\/#breadcrumb"},"inLanguage":"de","potentialAction":[{"@type":"ReadAction","target":["https:\/\/zap4ktv.com\/refund-and-returns-policy\/"]}]},{"@type":"BreadcrumbList","@id":"https:\/\/zap4ktv.com\/refund-and-returns-policy\/#breadcrumb","itemListElement":[{"@type":"ListItem","position":1,"name":"Home","item":"https:\/\/zap4ktv.com\/"},{"@type":"ListItem","position":2,"name":"Refund and Returns Policy"}]},{"@type":"WebSite","@id":"https:\/\/zap4ktv.com\/#website","url":"https:\/\/zap4ktv.com\/","name":"Zap4kTv \u2013 Bester IPTV-Abonnementdienst 2025","description":"Top-IPTV-Abonnementanbieter im Jahr 2025","publisher":{"@id":"https:\/\/zap4ktv.com\/#organization"},"potentialAction":[{"@type":"SearchAction","target":{"@type":"EntryPoint","urlTemplate":"https:\/\/zap4ktv.com\/?s={search_term_string}"},"query-input":{"@type":"PropertyValueSpecification","valueRequired":true,"valueName":"search_term_string"}}],"inLanguage":"de"},{"@type":"Organization","@id":"https:\/\/zap4ktv.com\/#organization","name":"Zap4kTv \u2013 Bester IPTV-Abonnementdienst 2025","url":"https:\/\/zap4ktv.com\/","logo":{"@type":"ImageObject","inLanguage":"de","@id":"https:\/\/zap4ktv.com\/#\/schema\/logo\/image\/","url":"https:\/\/ml6f5dkbciyx.i.optimole.com\/w:auto\/h:auto\/q:mauto\/ig:avif\/https:\/\/zap4ktv.com\/wp-content\/uploads\/2024\/12\/Design-sans-titre-13.png","contentUrl":"https:\/\/ml6f5dkbciyx.i.optimole.com\/w:auto\/h:auto\/q:mauto\/ig:avif\/https:\/\/zap4ktv.com\/wp-content\/uploads\/2024\/12\/Design-sans-titre-13.png","width":1080,"height":1080,"caption":"Zap4kTv - Best IPTV Subscription Service 2025"},"image":{"@id":"https:\/\/zap4ktv.com\/#\/schema\/logo\/image\/"}}]}},"jetpack_sharing_enabled":true,"_links":{"self":[{"href":"https:\/\/zap4ktv.com\/de\/wp-json\/wp\/v2\/pages\/3254","targetHints":{"allow":["GET"]}}],"collection":[{"href":"https:\/\/zap4ktv.com\/de\/wp-json\/wp\/v2\/pages"}],"about":[{"href":"https:\/\/zap4ktv.com\/de\/wp-json\/wp\/v2\/types\/page"}],"author":[{"embeddable":true,"href":"https:\/\/zap4ktv.com\/de\/wp-json\/wp\/v2\/users\/2"}],"replies":[{"embeddable":true,"href":"https:\/\/zap4ktv.com\/de\/wp-json\/wp\/v2\/comments?post=3254"}],"version-history":[{"count":13,"href":"https:\/\/zap4ktv.com\/de\/wp-json\/wp\/v2\/pages\/3254\/revisions"}],"predecessor-version":[{"id":3966,"href":"https:\/\/zap4ktv.com\/de\/wp-json\/wp\/v2\/pages\/3254\/revisions\/3966"}],"wp:attachment":[{"href":"https:\/\/zap4ktv.com\/de\/wp-json\/wp\/v2\/media?parent=3254"}],"curies":[{"name":"wp","href":"https:\/\/api.w.org\/{rel}","templated":true}]}}