{"id":3232,"date":"2023-05-17T20:01:10","date_gmt":"2023-05-17T20:01:10","guid":{"rendered":"https:\/\/ipsmarty.store\/?page_id=3232"},"modified":"2024-12-05T15:41:10","modified_gmt":"2024-12-05T15:41:10","slug":"tietosuojakaytanto","status":"publish","type":"page","link":"https:\/\/zap4ktv.com\/fi\/tietosuojakaytanto\/","title":{"rendered":"Tietosuojak\u00e4yt\u00e4nt\u00f6"},"content":{"rendered":"<div data-elementor-type=\"wp-page\" data-elementor-id=\"3232\" class=\"elementor elementor-3232\">\n\t\t\t\t<div class=\"elementor-element elementor-element-df2fe9e e-flex e-con-boxed e-con e-parent\" data-id=\"df2fe9e\" data-element_type=\"container\" data-settings=\"{&quot;background_background&quot;:&quot;classic&quot;}\">\n\t\t\t\t\t<div class=\"e-con-inner\">\n\t\t\t\t<div class=\"elementor-element elementor-element-8d9e6bd elementor-widget elementor-widget-heading\" data-id=\"8d9e6bd\" data-element_type=\"widget\" data-widget_type=\"heading.default\">\n\t\t\t\t<div class=\"elementor-widget-container\">\n\t\t\t\t\t<h2 class=\"elementor-heading-title elementor-size-default\">Tietosuojak\u00e4yt\u00e4nt\u00f6<\/h2>\t\t\t\t<\/div>\n\t\t\t\t<\/div>\n\t\t\t\t\t<\/div>\n\t\t\t\t<\/div>\n\t\t<div class=\"elementor-element elementor-element-0f18c5c e-flex e-con-boxed e-con e-parent\" data-id=\"0f18c5c\" data-element_type=\"container\" data-settings=\"{&quot;background_background&quot;:&quot;classic&quot;}\">\n\t\t\t\t\t<div class=\"e-con-inner\">\n\t\t\t\t<div class=\"elementor-element elementor-element-165dfa4 elementor-widget elementor-widget-text-editor\" data-id=\"165dfa4\" data-element_type=\"widget\" data-widget_type=\"text-editor.default\">\n\t\t\t\t<div class=\"elementor-widget-container\">\n\t\t\t\t\t\t\t\t\t<h3>Zap4kTV:n tietosuojak\u00e4yt\u00e4nt\u00f6<\/h3><p>Tervetuloa Zap4kTV.com-sivustolle (&quot;sivusto&quot;). Yksityisyytesi suojaaminen verkossa on meille t\u00e4rke\u00e4\u00e4, erityisesti liiketoiminnassa. T\u00e4m\u00e4 tietosuojalausunto m\u00e4\u00e4rittelee k\u00e4yt\u00e4nt\u00f6mme, jotka koskevat tietojen ker\u00e4\u00e4mist\u00e4, k\u00e4ytt\u00f6\u00e4 ja jakamista Sivuston k\u00e4ytt\u00e4jille (&quot;K\u00e4vij\u00e4t&quot;) ja niille, jotka rekister\u00f6ityv\u00e4t k\u00e4ytt\u00e4\u00e4kseen palveluitamme (&quot;Valtuutetut asiakkaat&quot;).<\/p><p>Henkil\u00f6kohtaiset tunnistetiedot (PII) viittaavat mihin tahansa tietoon, joka tunnistaa tietyn henkil\u00f6n, ottaa yhteytt\u00e4 tai paikantaa tietyn henkil\u00f6n. T\u00e4m\u00e4 sis\u00e4lt\u00e4\u00e4 nimet, osoitteet, puhelinnumerot, s\u00e4hk\u00f6postiosoitteet ja taloudelliset tiedot. Henkil\u00f6kohtaiset tunnistetiedot eiv\u00e4t sis\u00e4ll\u00e4 anonymisoituja tai demografisia tietoja, joita ei ole sidottu tiettyyn henkil\u00f6\u00f6n.<\/p><p>Ker\u00e4\u00e4mme kaikilta vierailijoilta perusprofiilitietoja, kuten selaintyypin ja mieltymykset. Valtuutetut asiakkaat voivat antaa lis\u00e4tietoja, kuten nimi\u00e4, yhteystietoja ja liiketoiminta- tai mainostietoja, jotka liittyv\u00e4t heid\u00e4n toimintaansa Sivustolla.<\/p><p>Zap4kTV voi ty\u00f6skennell\u00e4 kolmannen osapuolen toimittajien, kuten maksujen k\u00e4sittelij\u00f6iden, kanssa, jotka my\u00f6s ker\u00e4\u00e4v\u00e4t henkil\u00f6kohtaisia tunnistetietoja. Vaikka vaadimme n\u00e4it\u00e4 toimittajia paljastamaan k\u00e4yt\u00e4nt\u00f6ns\u00e4, heid\u00e4n tietojesi k\u00e4ytt\u00f6 on meid\u00e4n hallinnassamme.<\/p><p>K\u00e4yt\u00e4mme henkil\u00f6kohtaisia tunnistetietoja Sivuston personointiin, liiketoimien helpottamiseen ja palvelupyynt\u00f6jen t\u00e4ytt\u00e4miseen. Saatamme my\u00f6s l\u00e4hett\u00e4\u00e4 p\u00e4ivityksi\u00e4, mainossis\u00e4lt\u00f6\u00e4 tai vastauksia tiedusteluihin.<\/p><p>Henkil\u00f6kohtaisia tunnistetietoja voidaan jakaa muiden valtuutettujen asiakkaiden kanssa liiketoimintamahdollisuuksia tai tapahtumia varten, ja yhdistettyj\u00e4, tunnistamattomia tietoja voidaan jakaa tyt\u00e4ryhti\u00f6iden tai toimittajien kanssa. Vierailijat ja valtuutetut asiakkaat voivat kielt\u00e4yty\u00e4 vastaanottamasta ei-toivottuja tietoja.<\/p><p>Ev\u00e4steit\u00e4 k\u00e4ytet\u00e4\u00e4n k\u00e4ytt\u00e4jien mieltymysten seuraamiseen, toimivuuden parantamiseen ja tilien suojaamiseen kirjaamalla ulos ei-aktiiviset k\u00e4ytt\u00e4j\u00e4t 10 minuutin kuluttua. Kirjautumistiedot, kuten IP-osoitteet ja selaintyypit, analysoidaan k\u00e4ytt\u00f6trendien seuraamiseksi ja turvallisuuden parantamiseksi.<\/p><p>Zap4kTV k\u00e4ytt\u00e4\u00e4 tiukkoja turvatoimenpiteit\u00e4 tietojesi suojaamiseksi. P\u00e4\u00e4sy henkil\u00f6kohtaisiin tunnistetietoihin on suojattu salasanalla ja vain valtuutetuille ty\u00f6ntekij\u00f6ille. Arkaluonteiset tiedot, kuten luottokorttitiedot, salataan. Vaikka ryhdymme laajoihin varotoimiin, mik\u00e4\u00e4n j\u00e4rjestelm\u00e4 ei ole t\u00e4ysin immuuni tietomurroilta, emmek\u00e4 voi taata t\u00e4ydellist\u00e4 suojaa luvattomalta k\u00e4yt\u00f6lt\u00e4.<\/p><p>Vierailijat ja Valtuutetut asiakkaat voivat pyyt\u00e4\u00e4 p\u00e4ivityksi\u00e4 henkil\u00f6kohtaisiin tunnistetietoihinsa tai pyyt\u00e4\u00e4 tietojensa deaktivointia tai poistamista. T\u00e4ydellinen poistaminen ei v\u00e4ltt\u00e4m\u00e4tt\u00e4 aina ole mahdollista j\u00e4rjestelm\u00e4n varmuuskopioiden vuoksi, mutta deaktivoituja tietoja ei en\u00e4\u00e4 k\u00e4ytet\u00e4 tai jaeta.<\/p><p>Ilmoitamme k\u00e4ytt\u00e4jille t\u00e4m\u00e4n k\u00e4yt\u00e4nn\u00f6n muutoksista julkaisemalla p\u00e4ivityksi\u00e4 sivustolle. Jos merkitt\u00e4v\u00e4t muutokset vaikuttavat aiemmin ker\u00e4ttyihin tietoihin, otamme yhteytt\u00e4 asianomaisiin henkil\u00f6ihin, jotta he voivat kielt\u00e4yty\u00e4.<\/p><p>Zap4kTV.com voi linkitt\u00e4\u00e4 muille verkkosivustoille. Kehotamme sinua tutustumaan heid\u00e4n tietosuojak\u00e4yt\u00e4nt\u00f6ihins\u00e4, sill\u00e4 emme ole vastuussa heid\u00e4n k\u00e4yt\u00e4nn\u00f6ist\u00e4\u00e4n.<\/p><p>Jos sinulla on kysytt\u00e4v\u00e4\u00e4 tai haluat p\u00e4ivitt\u00e4\u00e4 tietosuoja-asetuksesi, ota meihin yhteytt\u00e4 osoitteessa <a href=\"mailto:Contact@Zap4kTV.com\">Ota yhteytt\u00e4@Zap4kTV.com<\/a>.<\/p>\t\t\t\t\t\t\t\t<\/div>\n\t\t\t\t<\/div>\n\t\t\t\t\t<\/div>\n\t\t\t\t<\/div>\n\t\t\t\t<\/div>","protected":false},"excerpt":{"rendered":"<p>Privacy Policy Privacy Policy for Zap4kTV Welcome to Zap4kTV.com (the \u201cSite\u201d). Protecting your privacy online is important to us, especially when conducting business. This privacy statement outlines our policies regarding the collection, use, and sharing of information for users of the Site (\u201cVisitors\u201d) and for those who register to access our services (\u201cAuthorized Customers\u201d). Personally [&hellip;]<\/p>","protected":false},"author":2,"featured_media":0,"parent":0,"menu_order":0,"comment_status":"closed","ping_status":"closed","template":"","meta":{"footnotes":""},"class_list":["post-3232","page","type-page","status-publish","hentry"],"blocksy_meta":{"page_title_panel":"","has_hero_section":"disabled","24a716533436107933a52363f5ab8f7e":"","hero_section":"type-1","hero_elements":[{"id":"custom_title","enabled":true,"heading_tag":"h1","title":"Kotiin"},{"id":"custom_description","enabled":true,"description_visibility":{"desktop":true,"tablet":true,"mobile":false}},{"id":"custom_meta","enabled":false,"meta_elements":[{"id":"author","enabled":true,"label":"By","has_author_avatar":"yes","avatar_size":25},{"id":"post_date","enabled":true,"label":"On","date_format_source":"default","date_format":"M j, Y"},{"id":"updated_date","enabled":false,"label":"On","date_format_source":"default","date_format":"M j, Y"},{"id":"categories","enabled":false,"label":"In","style":"simple"},{"id":"comments","enabled":true}],"page_meta_elements":{"joined":true,"articles_count":true,"comments":true}},{"id":"breadcrumbs","enabled":false}],"6ffd2d564cf7a86fa37232a3f7cf19a3":"","hero_alignment1":"CT_CSS_SKIP_RULE","hero_margin":40,"hero_alignment2":"center","hero_vertical_alignment":"center","3aca50897909981e61e36bfa22b0d995":"","hero_structure":"narrow","41bf9b501568498c842f1e2e55fa051a":"","page_title_bg_type":"featured_image","custom_hero_background":{"attachment_id":null},"page_title_image_size":"full","parallax":{"desktop":false,"tablet":false,"mobile":false},"26c4c92295fdc3dff318d145205ecb1b":"","hero_height":"250px","pageTitleFont":{"family":"Default","variation":"Default","size":"30px","line-height":"CT_CSS_SKIP_RULE","letter-spacing":"CT_CSS_SKIP_RULE","text-transform":"CT_CSS_SKIP_RULE","text-decoration":"CT_CSS_SKIP_RULE"},"pageTitleFontColor":{"default":{"color":"CT_CSS_SKIP_RULEDEFAULT"}},"pageMetaFont":{"family":"Default","variation":"n6","size":"12px","line-height":"1.3","letter-spacing":"CT_CSS_SKIP_RULE","text-transform":"uppercase","text-decoration":"CT_CSS_SKIP_RULE"},"pageMetaFontColor":{"default":{"color":"CT_CSS_SKIP_RULEDEFAULT"},"hover":{"color":"CT_CSS_SKIP_RULEDEFAULT"}},"page_meta_button_type_font_colors":{"default":{"color":"CT_CSS_SKIP_RULEDEFAULT"},"hover":{"color":"CT_CSS_SKIP_RULEDEFAULT"}},"page_meta_button_type_background_colors":{"default":{"color":"CT_CSS_SKIP_RULEDEFAULT"},"hover":{"color":"CT_CSS_SKIP_RULEDEFAULT"}},"pageExcerptFont":{"family":"Default","variation":"Default","size":"CT_CSS_SKIP_RULE","line-height":"CT_CSS_SKIP_RULE","letter-spacing":"CT_CSS_SKIP_RULE","text-transform":"CT_CSS_SKIP_RULE","text-decoration":"CT_CSS_SKIP_RULE"},"pageExcerptColor":{"default":{"color":"CT_CSS_SKIP_RULEDEFAULT"}},"breadcrumbsFont":{"family":"Default","variation":"Default","size":"CT_CSS_SKIP_RULE","line-height":"CT_CSS_SKIP_RULE","letter-spacing":"CT_CSS_SKIP_RULE","text-transform":"CT_CSS_SKIP_RULE","text-decoration":"CT_CSS_SKIP_RULE"},"breadcrumbsFontColor":{"default":{"color":"CT_CSS_SKIP_RULEDEFAULT"},"initial":{"color":"CT_CSS_SKIP_RULEDEFAULT"},"hover":{"color":"CT_CSS_SKIP_RULEDEFAULT"}},"pageTitleOverlay":{"background_type":"color","background_pattern":"type-1","background_image":{"attachment_id":null,"x":0,"y":0},"gradient":"linear-gradient(135deg,rgba(6,147,227,1) 0%,rgb(155,81,224) 100%)","background_repeat":"repeat","background_size":"auto","background_attachment":"scroll","patternColor":{"default":{"color":"#e5e7ea"}},"overlayColor":{"default":{"color":"CT_CSS_SKIP_RULE"}},"backgroundColor":{"default":{"color":"CT_CSS_SKIP_RULE"}}},"pageTitleBackground":{"background_type":"color","background_pattern":"type-1","background_image":{"attachment_id":null,"x":0,"y":0},"gradient":"linear-gradient(135deg,rgba(6,147,227,1) 0%,rgb(155,81,224) 100%)","background_repeat":"repeat","background_size":"auto","background_attachment":"scroll","patternColor":{"default":{"color":"#e5e7ea"}},"overlayColor":{"default":{"color":"CT_CSS_SKIP_RULE"}},"backgroundColor":{"default":{"color":"var(--theme-palette-color-6)"}}},"pageTitlePadding":{"top":"50px","bottom":"50px","left":"auto","right":"auto","linked":true},"a0794c1dc283c4ded9a39189a9306047":"","page_structure_type":"default","7471d577b0186ec57603ee093a45bb67":"","content_style_source":"inherit","content_style":"wide","vertical_spacing_source":"custom","content_area_spacing":"none","background":{"background_type":"color","background_pattern":"type-1","background_image":{"attachment_id":null,"x":0,"y":0},"gradient":"linear-gradient(135deg,rgba(6,147,227,1) 0%,rgb(155,81,224) 100%)","background_repeat":"repeat","background_size":"auto","background_attachment":"scroll","patternColor":{"default":{"color":"#e5e7ea"}},"overlayColor":{"default":{"color":"CT_CSS_SKIP_RULE"}},"backgroundColor":{"default":{"color":"CT_CSS_SKIP_RULE"}}},"content_background":{"background_type":"color","background_pattern":"type-1","background_image":{"attachment_id":null,"x":0,"y":0},"gradient":"linear-gradient(135deg,rgba(6,147,227,1) 0%,rgb(155,81,224) 100%)","background_repeat":"repeat","background_size":"auto","background_attachment":"scroll","patternColor":{"default":{"color":"#e5e7ea"}},"overlayColor":{"default":{"color":"CT_CSS_SKIP_RULE"}},"backgroundColor":{"default":{"color":"var(--theme-palette-color-8)"}}},"content_boxed_shadow":{"inherit":false,"blur":18,"spread":-6,"v_offset":12,"h_offset":0,"inset":false,"enable":true,"color":{"color":"rgba(34, 56, 101, 0.04)"}},"content_boxed_border":{"width":1,"style":"none","color":{"color":"rgba(44,62,80,0.2)"}},"content_boxed_radius":{"top":"3px","bottom":"3px","left":"3px","right":"3px","linked":true},"boxed_content_spacing":{"desktop":{"top":"40px","bottom":"40px","left":"40px","right":"40px","linked":true},"tablet":{"top":"35px","bottom":"35px","left":"35px","right":"35px","linked":true},"mobile":{"top":"20px","bottom":"20px","left":"20px","right":"20px","linked":true}},"745dac3c11a60e777d75e63a71e0acf3":"","disable_featured_image":"no","disable_share_box":"no","disable_header":"no","disable_footer":"no","styles_descriptor":{"styles":{"desktop":"","tablet":"","mobile":""},"google_fonts":[],"version":6}},"yoast_head":"<!-- This site is optimized with the Yoast SEO Premium plugin v24.0 (Yoast SEO v24.1) - https:\/\/yoast.com\/wordpress\/plugins\/seo\/ -->\n<title>Privacy Policy - Zap4kTv - Best IPTV Subscription Service 2025<\/title>\n<meta name=\"robots\" content=\"index, follow, max-snippet:-1, max-image-preview:large, max-video-preview:-1\" \/>\n<link rel=\"canonical\" href=\"https:\/\/zap4ktv.com\/fi\/tietosuojakaytanto\/\" \/>\n<meta property=\"og:locale\" content=\"fi_FI\" \/>\n<meta property=\"og:type\" content=\"article\" \/>\n<meta property=\"og:title\" content=\"Privacy Policy\" \/>\n<meta property=\"og:description\" content=\"Privacy Policy Privacy Policy for Zap4kTV Welcome to Zap4kTV.com (the \u201cSite\u201d). Protecting your privacy online is important to us, especially when conducting business. This privacy statement outlines our policies regarding the collection, use, and sharing of information for users of the Site (\u201cVisitors\u201d) and for those who register to access our services (\u201cAuthorized Customers\u201d). Personally [&hellip;]\" \/>\n<meta property=\"og:url\" content=\"https:\/\/zap4ktv.com\/fi\/tietosuojakaytanto\/\" \/>\n<meta property=\"og:site_name\" content=\"Zap4kTv - Best IPTV Subscription Service 2025\" \/>\n<meta property=\"article:modified_time\" content=\"2024-12-05T15:41:10+00:00\" \/>\n<meta name=\"twitter:card\" content=\"summary_large_image\" \/>\n<meta name=\"twitter:label1\" content=\"Arvioitu lukuaika\" \/>\n\t<meta name=\"twitter:data1\" content=\"2 minuuttia\" \/>\n<script type=\"application\/ld+json\" class=\"yoast-schema-graph\">{\"@context\":\"https:\/\/schema.org\",\"@graph\":[{\"@type\":\"WebPage\",\"@id\":\"https:\/\/zap4ktv.com\/privacy-policy\/\",\"url\":\"https:\/\/zap4ktv.com\/privacy-policy\/\",\"name\":\"Privacy Policy - Zap4kTv - Best IPTV Subscription Service 2025\",\"isPartOf\":{\"@id\":\"https:\/\/zap4ktv.com\/#website\"},\"datePublished\":\"2023-05-17T20:01:10+00:00\",\"dateModified\":\"2024-12-05T15:41:10+00:00\",\"breadcrumb\":{\"@id\":\"https:\/\/zap4ktv.com\/privacy-policy\/#breadcrumb\"},\"inLanguage\":\"fi\",\"potentialAction\":[{\"@type\":\"ReadAction\",\"target\":[\"https:\/\/zap4ktv.com\/privacy-policy\/\"]}]},{\"@type\":\"BreadcrumbList\",\"@id\":\"https:\/\/zap4ktv.com\/privacy-policy\/#breadcrumb\",\"itemListElement\":[{\"@type\":\"ListItem\",\"position\":1,\"name\":\"Home\",\"item\":\"https:\/\/zap4ktv.com\/\"},{\"@type\":\"ListItem\",\"position\":2,\"name\":\"Privacy Policy\"}]},{\"@type\":\"WebSite\",\"@id\":\"https:\/\/zap4ktv.com\/#website\",\"url\":\"https:\/\/zap4ktv.com\/\",\"name\":\"Zap4kTv - Best IPTV Subscription Service 2025\",\"description\":\"Top IPTV Subscription Provider in 2025\",\"publisher\":{\"@id\":\"https:\/\/zap4ktv.com\/#organization\"},\"potentialAction\":[{\"@type\":\"SearchAction\",\"target\":{\"@type\":\"EntryPoint\",\"urlTemplate\":\"https:\/\/zap4ktv.com\/?s={search_term_string}\"},\"query-input\":{\"@type\":\"PropertyValueSpecification\",\"valueRequired\":true,\"valueName\":\"search_term_string\"}}],\"inLanguage\":\"fi\"},{\"@type\":\"Organization\",\"@id\":\"https:\/\/zap4ktv.com\/#organization\",\"name\":\"Zap4kTv - Best IPTV Subscription Service 2025\",\"url\":\"https:\/\/zap4ktv.com\/\",\"logo\":{\"@type\":\"ImageObject\",\"inLanguage\":\"fi\",\"@id\":\"https:\/\/zap4ktv.com\/#\/schema\/logo\/image\/\",\"url\":\"https:\/\/ml6f5dkbciyx.i.optimole.com\/w:auto\/h:auto\/q:mauto\/ig:avif\/https:\/\/zap4ktv.com\/wp-content\/uploads\/2024\/12\/Design-sans-titre-13.png\",\"contentUrl\":\"https:\/\/ml6f5dkbciyx.i.optimole.com\/w:auto\/h:auto\/q:mauto\/ig:avif\/https:\/\/zap4ktv.com\/wp-content\/uploads\/2024\/12\/Design-sans-titre-13.png\",\"width\":1080,\"height\":1080,\"caption\":\"Zap4kTv - Best IPTV Subscription Service 2025\"},\"image\":{\"@id\":\"https:\/\/zap4ktv.com\/#\/schema\/logo\/image\/\"}}]}<\/script>\n<!-- \/ Yoast SEO Premium plugin. -->","yoast_head_json":{"title":"Tietosuojak\u00e4yt\u00e4nt\u00f6 - Zap4kTv - Paras IPTV-tilauspalvelu 2025","robots":{"index":"index","follow":"follow","max-snippet":"max-snippet:-1","max-image-preview":"max-image-preview:large","max-video-preview":"max-video-preview:-1"},"canonical":"https:\/\/zap4ktv.com\/fi\/tietosuojakaytanto\/","og_locale":"fi_FI","og_type":"article","og_title":"Privacy Policy","og_description":"Privacy Policy Privacy Policy for Zap4kTV Welcome to Zap4kTV.com (the \u201cSite\u201d). Protecting your privacy online is important to us, especially when conducting business. This privacy statement outlines our policies regarding the collection, use, and sharing of information for users of the Site (\u201cVisitors\u201d) and for those who register to access our services (\u201cAuthorized Customers\u201d). Personally [&hellip;]","og_url":"https:\/\/zap4ktv.com\/fi\/tietosuojakaytanto\/","og_site_name":"Zap4kTv - Best IPTV Subscription Service 2025","article_modified_time":"2024-12-05T15:41:10+00:00","twitter_card":"summary_large_image","twitter_misc":{"Arvioitu lukuaika":"2 minuuttia"},"schema":{"@context":"https:\/\/schema.org","@graph":[{"@type":"WebPage","@id":"https:\/\/zap4ktv.com\/privacy-policy\/","url":"https:\/\/zap4ktv.com\/privacy-policy\/","name":"Tietosuojak\u00e4yt\u00e4nt\u00f6 - Zap4kTv - Paras IPTV-tilauspalvelu 2025","isPartOf":{"@id":"https:\/\/zap4ktv.com\/#website"},"datePublished":"2023-05-17T20:01:10+00:00","dateModified":"2024-12-05T15:41:10+00:00","breadcrumb":{"@id":"https:\/\/zap4ktv.com\/privacy-policy\/#breadcrumb"},"inLanguage":"fi","potentialAction":[{"@type":"ReadAction","target":["https:\/\/zap4ktv.com\/privacy-policy\/"]}]},{"@type":"BreadcrumbList","@id":"https:\/\/zap4ktv.com\/privacy-policy\/#breadcrumb","itemListElement":[{"@type":"ListItem","position":1,"name":"Home","item":"https:\/\/zap4ktv.com\/"},{"@type":"ListItem","position":2,"name":"Privacy Policy"}]},{"@type":"WebSite","@id":"https:\/\/zap4ktv.com\/#website","url":"https:\/\/zap4ktv.com\/","name":"Zap4kTv - Paras IPTV-tilauspalvelu 2025","description":"Suosituin IPTV-tilauksen tarjoaja vuonna 2025","publisher":{"@id":"https:\/\/zap4ktv.com\/#organization"},"potentialAction":[{"@type":"SearchAction","target":{"@type":"EntryPoint","urlTemplate":"https:\/\/zap4ktv.com\/?s={search_term_string}"},"query-input":{"@type":"PropertyValueSpecification","valueRequired":true,"valueName":"search_term_string"}}],"inLanguage":"fi"},{"@type":"Organization","@id":"https:\/\/zap4ktv.com\/#organization","name":"Zap4kTv - Paras IPTV-tilauspalvelu 2025","url":"https:\/\/zap4ktv.com\/","logo":{"@type":"ImageObject","inLanguage":"fi","@id":"https:\/\/zap4ktv.com\/#\/schema\/logo\/image\/","url":"https:\/\/ml6f5dkbciyx.i.optimole.com\/w:auto\/h:auto\/q:mauto\/ig:avif\/https:\/\/zap4ktv.com\/wp-content\/uploads\/2024\/12\/Design-sans-titre-13.png","contentUrl":"https:\/\/ml6f5dkbciyx.i.optimole.com\/w:auto\/h:auto\/q:mauto\/ig:avif\/https:\/\/zap4ktv.com\/wp-content\/uploads\/2024\/12\/Design-sans-titre-13.png","width":1080,"height":1080,"caption":"Zap4kTv - Best IPTV Subscription Service 2025"},"image":{"@id":"https:\/\/zap4ktv.com\/#\/schema\/logo\/image\/"}}]}},"jetpack_sharing_enabled":true,"_links":{"self":[{"href":"https:\/\/zap4ktv.com\/fi\/wp-json\/wp\/v2\/pages\/3232","targetHints":{"allow":["GET"]}}],"collection":[{"href":"https:\/\/zap4ktv.com\/fi\/wp-json\/wp\/v2\/pages"}],"about":[{"href":"https:\/\/zap4ktv.com\/fi\/wp-json\/wp\/v2\/types\/page"}],"author":[{"embeddable":true,"href":"https:\/\/zap4ktv.com\/fi\/wp-json\/wp\/v2\/users\/2"}],"replies":[{"embeddable":true,"href":"https:\/\/zap4ktv.com\/fi\/wp-json\/wp\/v2\/comments?post=3232"}],"version-history":[{"count":16,"href":"https:\/\/zap4ktv.com\/fi\/wp-json\/wp\/v2\/pages\/3232\/revisions"}],"predecessor-version":[{"id":3963,"href":"https:\/\/zap4ktv.com\/fi\/wp-json\/wp\/v2\/pages\/3232\/revisions\/3963"}],"wp:attachment":[{"href":"https:\/\/zap4ktv.com\/fi\/wp-json\/wp\/v2\/media?parent=3232"}],"curies":[{"name":"wp","href":"https:\/\/api.w.org\/{rel}","templated":true}]}}