{"id":3244,"date":"2023-05-17T20:07:24","date_gmt":"2023-05-17T20:07:24","guid":{"rendered":"https:\/\/ipsmarty.store\/?page_id=3244"},"modified":"2024-12-05T15:47:58","modified_gmt":"2024-12-05T15:47:58","slug":"kayttoehdot","status":"publish","type":"page","link":"https:\/\/zap4ktv.com\/fi\/kayttoehdot\/","title":{"rendered":"K\u00e4ytt\u00f6ehdot"},"content":{"rendered":"<div data-elementor-type=\"wp-page\" data-elementor-id=\"3244\" class=\"elementor elementor-3244\">\n\t\t\t\t<div class=\"elementor-element elementor-element-df2fe9e e-flex e-con-boxed e-con e-parent\" data-id=\"df2fe9e\" data-element_type=\"container\" data-settings=\"{&quot;background_background&quot;:&quot;classic&quot;}\">\n\t\t\t\t\t<div class=\"e-con-inner\">\n\t\t\t\t<div class=\"elementor-element elementor-element-8d9e6bd elementor-widget elementor-widget-heading\" data-id=\"8d9e6bd\" data-element_type=\"widget\" data-widget_type=\"heading.default\">\n\t\t\t\t<div class=\"elementor-widget-container\">\n\t\t\t\t\t<h2 class=\"elementor-heading-title elementor-size-default\">K\u00e4ytt\u00f6ehdot<\/h2>\t\t\t\t<\/div>\n\t\t\t\t<\/div>\n\t\t\t\t\t<\/div>\n\t\t\t\t<\/div>\n\t\t<div class=\"elementor-element elementor-element-0f18c5c e-flex e-con-boxed e-con e-parent\" data-id=\"0f18c5c\" data-element_type=\"container\" data-settings=\"{&quot;background_background&quot;:&quot;classic&quot;}\">\n\t\t\t\t\t<div class=\"e-con-inner\">\n\t\t\t\t<div class=\"elementor-element elementor-element-165dfa4 elementor-widget elementor-widget-text-editor\" data-id=\"165dfa4\" data-element_type=\"widget\" data-widget_type=\"text-editor.default\">\n\t\t\t\t<div class=\"elementor-widget-container\">\n\t\t\t\t\t\t\t\t\t<p>N\u00e4m\u00e4 ehdot s\u00e4\u00e4telev\u00e4t Zap4kTv:n (&quot;me&quot;, &quot;me&quot; tai &quot;meid\u00e4n&quot;) tarjoaman Zap4kTv-verkkosivuston (&quot;Palvelu&quot;) p\u00e4\u00e4sy\u00e4 ja k\u00e4ytt\u00f6\u00e4.<\/p><p>P\u00e4\u00e4sy palveluihimme edellytt\u00e4\u00e4, ett\u00e4 hyv\u00e4ksyt muuttamatta kaikki t\u00e4h\u00e4n sis\u00e4ltyv\u00e4t ehdot ja kaikki muut toimintas\u00e4\u00e4nn\u00f6t ja k\u00e4yt\u00e4nn\u00f6t, jotka julkaisemme tai voimme julkaista tulevaisuudessa.<\/p><p>Lue t\u00e4m\u00e4 sopimus huolellisesti ennen kuin k\u00e4yt\u00e4t palveluitamme. K\u00e4ytt\u00e4m\u00e4ll\u00e4 tai mit\u00e4 tahansa palveluidemme osaa sitoudut noudattamaan n\u00e4it\u00e4 ehtoja. Jos et hyv\u00e4ksy mit\u00e4\u00e4n Sopimuksen osaa, et saa k\u00e4ytt\u00e4\u00e4 tai k\u00e4ytt\u00e4\u00e4 Palveluitamme.<\/p><p><strong>Immateriaaliomaisuus<\/strong><br \/>T\u00e4m\u00e4 sopimus ei siirr\u00e4 sinulle mit\u00e4\u00e4n meid\u00e4n tai kolmannen osapuolen immateriaaliomaisuutta. Kaikki oikeudet, nimikkeet ja edut t\u00e4llaiseen omaisuuteen j\u00e4\u00e4v\u00e4t yksinomaan Zap4kTv:lle ja sen lisenssinantajille.<\/p><p><strong>Kolmannen osapuolen palvelut<\/strong><br \/>Palveluihimme voi sis\u00e4lty\u00e4 kolmannen osapuolen palveluiden, tuotteiden, ohjelmistojen, upotteiden tai sovellusten k\u00e4ytt\u00f6 (&quot;Kolmannen osapuolen palvelut&quot;).<\/p><ul><li>Kolmannen osapuolen palveluiden k\u00e4ytt\u00f6 on omalla vastuullasi, emmek\u00e4 ole vastuussa tai vastuussa t\u00e4llaisista palveluista.<\/li><li>Ymm\u00e4rr\u00e4t, ett\u00e4 emme ole vastuussa mist\u00e4\u00e4n vahingoista tai menetyksist\u00e4, jotka johtuvat kolmannen osapuolen palveluiden k\u00e4yt\u00f6st\u00e4si tai liittyv\u00e4t siihen.<\/li><\/ul><p><strong>Tilit<\/strong><br \/>Jos jonkin Palvelumme osan k\u00e4ytt\u00e4minen edellytt\u00e4\u00e4 tili\u00e4, sitoudut antamaan t\u00e4ydelliset ja oikeat tiedot rekister\u00f6innin yhteydess\u00e4.<\/p><ul><li>Olet yksin vastuussa tilisi toiminnasta ja salasanasi turvaamisesta.<\/li><li>Ilmoita meille v\u00e4litt\u00f6m\u00e4sti tilisi luvattomasta k\u00e4yt\u00f6st\u00e4 tai tietoturvaloukkauksista.<\/li><\/ul><p><strong>Irtisanominen<\/strong><br \/>Voimme keskeytt\u00e4\u00e4 tai lopettaa p\u00e4\u00e4sysi Palveluihimme milloin tahansa, ilman syyt\u00e4 tai ilmoitusta, v\u00e4litt\u00f6m\u00e4sti.<br \/>Jos haluat lopettaa tilisi tai t\u00e4m\u00e4n Sopimuksen, voit lopettaa Palveluidemme k\u00e4yt\u00f6n.<br \/>Sellaiset m\u00e4\u00e4r\u00e4ykset kuin omistusoikeudet, takuun vastuuvapauslausekkeet, korvaukset ja vastuunrajoitukset s\u00e4ilyv\u00e4t voimassa irtisanomisen j\u00e4lkeen.<\/p><p><strong>Vastuuvapauslauseke<\/strong><br \/>Palvelumme tarjotaan &quot;SELLAISENAAN&quot; ja &quot;SAATAVILLA&quot;. Zap4kTv ja sen lisenssinantajat sanovat irti kaikista takuista, mukaan lukien oletetut takuut kaupallisuudesta, sopivuudesta tiettyyn tarkoitukseen ja loukkaamattomuudesta. Emme takaa keskeytym\u00e4t\u00f6nt\u00e4 tai virheet\u00f6nt\u00e4 p\u00e4\u00e4sy\u00e4 Palveluihimme. Palveluidemme k\u00e4ytt\u00f6 on omalla harkintasi ja riskill\u00e4si.<\/p><p><strong>Toimivalta ja sovellettava laki<\/strong><br \/>Ellei laki toisin edellyt\u00e4, t\u00e4t\u00e4 sopimusta ja kaikkea palveluidemme k\u00e4ytt\u00f6\u00e4 s\u00e4\u00e4telev\u00e4t Marokon lait. Kaikki riidat ratkaistaan Marokon tuomioistuimissa.<\/p><p><strong>Muutokset<\/strong><br \/>Zap4kTv pid\u00e4tt\u00e4\u00e4 oikeuden muuttaa tai korvata n\u00e4it\u00e4 ehtoja milloin tahansa oman harkintamme mukaan.<\/p><ul><li>Jos muutokset ovat olennaisia, ilmoitamme sinulle verkkosivustollamme, s\u00e4hk\u00f6postitse tai muulla viestinn\u00e4ll\u00e4 ennen kuin muutokset tulevat voimaan.<\/li><li>Jos et hyv\u00e4ksy muutoksia, lopeta Palveluidemme k\u00e4ytt\u00f6 irtisanomisajan kuluessa.<\/li><\/ul><p>Jatkamalla Palveluidemme k\u00e4ytt\u00f6\u00e4 muutosten voimaantulon j\u00e4lkeen hyv\u00e4ksyt uudet ehdot.<\/p>\t\t\t\t\t\t\t\t<\/div>\n\t\t\t\t<\/div>\n\t\t\t\t\t<\/div>\n\t\t\t\t<\/div>\n\t\t\t\t<\/div>","protected":false},"excerpt":{"rendered":"<p>Terms Of Use These Terms govern your access to and use of all content, products, and services available at the Zap4kTv website (the &#8220;Service&#8221;) operated by Zap4kTv (&#8220;we,&#8221; &#8220;us,&#8221; or &#8220;our&#8221;). Your access to our services is subject to your acceptance, without modification, of all the terms and conditions contained herein and all other operating [&hellip;]<\/p>","protected":false},"author":2,"featured_media":0,"parent":0,"menu_order":0,"comment_status":"closed","ping_status":"closed","template":"","meta":{"footnotes":""},"class_list":["post-3244","page","type-page","status-publish","hentry"],"blocksy_meta":{"page_title_panel":"","has_hero_section":"disabled","24a716533436107933a52363f5ab8f7e":"","hero_section":"type-1","hero_elements":[{"id":"custom_title","enabled":true,"heading_tag":"h1","title":"Kotiin"},{"id":"custom_description","enabled":true,"description_visibility":{"desktop":true,"tablet":true,"mobile":false}},{"id":"custom_meta","enabled":false,"meta_elements":[{"id":"author","enabled":true,"label":"By","has_author_avatar":"yes","avatar_size":25},{"id":"post_date","enabled":true,"label":"On","date_format_source":"default","date_format":"M j, Y"},{"id":"updated_date","enabled":false,"label":"On","date_format_source":"default","date_format":"M j, Y"},{"id":"categories","enabled":false,"label":"In","style":"simple"},{"id":"comments","enabled":true}],"page_meta_elements":{"joined":true,"articles_count":true,"comments":true}},{"id":"breadcrumbs","enabled":false}],"6ffd2d564cf7a86fa37232a3f7cf19a3":"","hero_alignment1":"CT_CSS_SKIP_RULE","hero_margin":40,"hero_alignment2":"center","hero_vertical_alignment":"center","3aca50897909981e61e36bfa22b0d995":"","hero_structure":"narrow","41bf9b501568498c842f1e2e55fa051a":"","page_title_bg_type":"featured_image","custom_hero_background":{"attachment_id":null},"page_title_image_size":"full","parallax":{"desktop":false,"tablet":false,"mobile":false},"26c4c92295fdc3dff318d145205ecb1b":"","hero_height":"250px","pageTitleFont":{"family":"Default","variation":"Default","size":"30px","line-height":"CT_CSS_SKIP_RULE","letter-spacing":"CT_CSS_SKIP_RULE","text-transform":"CT_CSS_SKIP_RULE","text-decoration":"CT_CSS_SKIP_RULE"},"pageTitleFontColor":{"default":{"color":"CT_CSS_SKIP_RULEDEFAULT"}},"pageMetaFont":{"family":"Default","variation":"n6","size":"12px","line-height":"1.3","letter-spacing":"CT_CSS_SKIP_RULE","text-transform":"uppercase","text-decoration":"CT_CSS_SKIP_RULE"},"pageMetaFontColor":{"default":{"color":"CT_CSS_SKIP_RULEDEFAULT"},"hover":{"color":"CT_CSS_SKIP_RULEDEFAULT"}},"page_meta_button_type_font_colors":{"default":{"color":"CT_CSS_SKIP_RULEDEFAULT"},"hover":{"color":"CT_CSS_SKIP_RULEDEFAULT"}},"page_meta_button_type_background_colors":{"default":{"color":"CT_CSS_SKIP_RULEDEFAULT"},"hover":{"color":"CT_CSS_SKIP_RULEDEFAULT"}},"pageExcerptFont":{"family":"Default","variation":"Default","size":"CT_CSS_SKIP_RULE","line-height":"CT_CSS_SKIP_RULE","letter-spacing":"CT_CSS_SKIP_RULE","text-transform":"CT_CSS_SKIP_RULE","text-decoration":"CT_CSS_SKIP_RULE"},"pageExcerptColor":{"default":{"color":"CT_CSS_SKIP_RULEDEFAULT"}},"breadcrumbsFont":{"family":"Default","variation":"Default","size":"CT_CSS_SKIP_RULE","line-height":"CT_CSS_SKIP_RULE","letter-spacing":"CT_CSS_SKIP_RULE","text-transform":"CT_CSS_SKIP_RULE","text-decoration":"CT_CSS_SKIP_RULE"},"breadcrumbsFontColor":{"default":{"color":"CT_CSS_SKIP_RULEDEFAULT"},"initial":{"color":"CT_CSS_SKIP_RULEDEFAULT"},"hover":{"color":"CT_CSS_SKIP_RULEDEFAULT"}},"pageTitleOverlay":{"background_type":"color","background_pattern":"type-1","background_image":{"attachment_id":null,"x":0,"y":0},"gradient":"linear-gradient(135deg,rgba(6,147,227,1) 0%,rgb(155,81,224) 100%)","background_repeat":"repeat","background_size":"auto","background_attachment":"scroll","patternColor":{"default":{"color":"#e5e7ea"}},"overlayColor":{"default":{"color":"CT_CSS_SKIP_RULE"}},"backgroundColor":{"default":{"color":"CT_CSS_SKIP_RULE"}}},"pageTitleBackground":{"background_type":"color","background_pattern":"type-1","background_image":{"attachment_id":null,"x":0,"y":0},"gradient":"linear-gradient(135deg,rgba(6,147,227,1) 0%,rgb(155,81,224) 100%)","background_repeat":"repeat","background_size":"auto","background_attachment":"scroll","patternColor":{"default":{"color":"#e5e7ea"}},"overlayColor":{"default":{"color":"CT_CSS_SKIP_RULE"}},"backgroundColor":{"default":{"color":"var(--theme-palette-color-6)"}}},"pageTitlePadding":{"top":"50px","bottom":"50px","left":"auto","right":"auto","linked":true},"a0794c1dc283c4ded9a39189a9306047":"","page_structure_type":"default","7471d577b0186ec57603ee093a45bb67":"","content_style_source":"inherit","content_style":"wide","vertical_spacing_source":"custom","content_area_spacing":"none","background":{"background_type":"color","background_pattern":"type-1","background_image":{"attachment_id":null,"x":0,"y":0},"gradient":"linear-gradient(135deg,rgba(6,147,227,1) 0%,rgb(155,81,224) 100%)","background_repeat":"repeat","background_size":"auto","background_attachment":"scroll","patternColor":{"default":{"color":"#e5e7ea"}},"overlayColor":{"default":{"color":"CT_CSS_SKIP_RULE"}},"backgroundColor":{"default":{"color":"CT_CSS_SKIP_RULE"}}},"content_background":{"background_type":"color","background_pattern":"type-1","background_image":{"attachment_id":null,"x":0,"y":0},"gradient":"linear-gradient(135deg,rgba(6,147,227,1) 0%,rgb(155,81,224) 100%)","background_repeat":"repeat","background_size":"auto","background_attachment":"scroll","patternColor":{"default":{"color":"#e5e7ea"}},"overlayColor":{"default":{"color":"CT_CSS_SKIP_RULE"}},"backgroundColor":{"default":{"color":"var(--theme-palette-color-8)"}}},"content_boxed_shadow":{"inherit":false,"blur":18,"spread":-6,"v_offset":12,"h_offset":0,"inset":false,"enable":true,"color":{"color":"rgba(34, 56, 101, 0.04)"}},"content_boxed_border":{"width":1,"style":"none","color":{"color":"rgba(44,62,80,0.2)"}},"content_boxed_radius":{"top":"3px","bottom":"3px","left":"3px","right":"3px","linked":true},"boxed_content_spacing":{"desktop":{"top":"40px","bottom":"40px","left":"40px","right":"40px","linked":true},"tablet":{"top":"35px","bottom":"35px","left":"35px","right":"35px","linked":true},"mobile":{"top":"20px","bottom":"20px","left":"20px","right":"20px","linked":true}},"745dac3c11a60e777d75e63a71e0acf3":"","disable_featured_image":"no","disable_share_box":"no","disable_header":"no","disable_footer":"no","styles_descriptor":{"styles":{"desktop":"","tablet":"","mobile":""},"google_fonts":[],"version":6}},"yoast_head":"<!-- This site is optimized with the Yoast SEO Premium plugin v24.0 (Yoast SEO v24.1) - https:\/\/yoast.com\/wordpress\/plugins\/seo\/ -->\n<title>Terms Of Use - Zap4kTv - Best IPTV Subscription Service 2025<\/title>\n<meta name=\"robots\" content=\"index, follow, max-snippet:-1, max-image-preview:large, max-video-preview:-1\" \/>\n<link rel=\"canonical\" href=\"https:\/\/zap4ktv.com\/fi\/kayttoehdot\/\" \/>\n<meta property=\"og:locale\" content=\"fi_FI\" \/>\n<meta property=\"og:type\" content=\"article\" \/>\n<meta property=\"og:title\" content=\"Terms Of Use\" \/>\n<meta property=\"og:description\" content=\"Terms Of Use These Terms govern your access to and use of all content, products, and services available at the Zap4kTv website (the &#8220;Service&#8221;) operated by Zap4kTv (&#8220;we,&#8221; &#8220;us,&#8221; or &#8220;our&#8221;). Your access to our services is subject to your acceptance, without modification, of all the terms and conditions contained herein and all other operating [&hellip;]\" \/>\n<meta property=\"og:url\" content=\"https:\/\/zap4ktv.com\/fi\/kayttoehdot\/\" \/>\n<meta property=\"og:site_name\" content=\"Zap4kTv - Best IPTV Subscription Service 2025\" \/>\n<meta property=\"article:modified_time\" content=\"2024-12-05T15:47:58+00:00\" \/>\n<meta name=\"twitter:card\" content=\"summary_large_image\" \/>\n<meta name=\"twitter:label1\" content=\"Arvioitu lukuaika\" \/>\n\t<meta name=\"twitter:data1\" content=\"2 minuuttia\" \/>\n<script type=\"application\/ld+json\" class=\"yoast-schema-graph\">{\"@context\":\"https:\/\/schema.org\",\"@graph\":[{\"@type\":\"WebPage\",\"@id\":\"https:\/\/zap4ktv.com\/terms-of-use\/\",\"url\":\"https:\/\/zap4ktv.com\/terms-of-use\/\",\"name\":\"Terms Of Use - Zap4kTv - Best IPTV Subscription Service 2025\",\"isPartOf\":{\"@id\":\"https:\/\/zap4ktv.com\/#website\"},\"datePublished\":\"2023-05-17T20:07:24+00:00\",\"dateModified\":\"2024-12-05T15:47:58+00:00\",\"breadcrumb\":{\"@id\":\"https:\/\/zap4ktv.com\/terms-of-use\/#breadcrumb\"},\"inLanguage\":\"fi\",\"potentialAction\":[{\"@type\":\"ReadAction\",\"target\":[\"https:\/\/zap4ktv.com\/terms-of-use\/\"]}]},{\"@type\":\"BreadcrumbList\",\"@id\":\"https:\/\/zap4ktv.com\/terms-of-use\/#breadcrumb\",\"itemListElement\":[{\"@type\":\"ListItem\",\"position\":1,\"name\":\"Home\",\"item\":\"https:\/\/zap4ktv.com\/\"},{\"@type\":\"ListItem\",\"position\":2,\"name\":\"Terms Of Use\"}]},{\"@type\":\"WebSite\",\"@id\":\"https:\/\/zap4ktv.com\/#website\",\"url\":\"https:\/\/zap4ktv.com\/\",\"name\":\"Zap4kTv - Best IPTV Subscription Service 2025\",\"description\":\"Top IPTV Subscription Provider in 2025\",\"publisher\":{\"@id\":\"https:\/\/zap4ktv.com\/#organization\"},\"potentialAction\":[{\"@type\":\"SearchAction\",\"target\":{\"@type\":\"EntryPoint\",\"urlTemplate\":\"https:\/\/zap4ktv.com\/?s={search_term_string}\"},\"query-input\":{\"@type\":\"PropertyValueSpecification\",\"valueRequired\":true,\"valueName\":\"search_term_string\"}}],\"inLanguage\":\"fi\"},{\"@type\":\"Organization\",\"@id\":\"https:\/\/zap4ktv.com\/#organization\",\"name\":\"Zap4kTv - Best IPTV Subscription Service 2025\",\"url\":\"https:\/\/zap4ktv.com\/\",\"logo\":{\"@type\":\"ImageObject\",\"inLanguage\":\"fi\",\"@id\":\"https:\/\/zap4ktv.com\/#\/schema\/logo\/image\/\",\"url\":\"https:\/\/ml6f5dkbciyx.i.optimole.com\/w:auto\/h:auto\/q:mauto\/ig:avif\/https:\/\/zap4ktv.com\/wp-content\/uploads\/2024\/12\/Design-sans-titre-13.png\",\"contentUrl\":\"https:\/\/ml6f5dkbciyx.i.optimole.com\/w:auto\/h:auto\/q:mauto\/ig:avif\/https:\/\/zap4ktv.com\/wp-content\/uploads\/2024\/12\/Design-sans-titre-13.png\",\"width\":1080,\"height\":1080,\"caption\":\"Zap4kTv - Best IPTV Subscription Service 2025\"},\"image\":{\"@id\":\"https:\/\/zap4ktv.com\/#\/schema\/logo\/image\/\"}}]}<\/script>\n<!-- \/ Yoast SEO Premium plugin. -->","yoast_head_json":{"title":"K\u00e4ytt\u00f6ehdot - Zap4kTv - Paras IPTV-tilauspalvelu 2025","robots":{"index":"index","follow":"follow","max-snippet":"max-snippet:-1","max-image-preview":"max-image-preview:large","max-video-preview":"max-video-preview:-1"},"canonical":"https:\/\/zap4ktv.com\/fi\/kayttoehdot\/","og_locale":"fi_FI","og_type":"article","og_title":"Terms Of Use","og_description":"Terms Of Use These Terms govern your access to and use of all content, products, and services available at the Zap4kTv website (the &#8220;Service&#8221;) operated by Zap4kTv (&#8220;we,&#8221; &#8220;us,&#8221; or &#8220;our&#8221;). Your access to our services is subject to your acceptance, without modification, of all the terms and conditions contained herein and all other operating [&hellip;]","og_url":"https:\/\/zap4ktv.com\/fi\/kayttoehdot\/","og_site_name":"Zap4kTv - Best IPTV Subscription Service 2025","article_modified_time":"2024-12-05T15:47:58+00:00","twitter_card":"summary_large_image","twitter_misc":{"Arvioitu lukuaika":"2 minuuttia"},"schema":{"@context":"https:\/\/schema.org","@graph":[{"@type":"WebPage","@id":"https:\/\/zap4ktv.com\/terms-of-use\/","url":"https:\/\/zap4ktv.com\/terms-of-use\/","name":"K\u00e4ytt\u00f6ehdot - Zap4kTv - Paras IPTV-tilauspalvelu 2025","isPartOf":{"@id":"https:\/\/zap4ktv.com\/#website"},"datePublished":"2023-05-17T20:07:24+00:00","dateModified":"2024-12-05T15:47:58+00:00","breadcrumb":{"@id":"https:\/\/zap4ktv.com\/terms-of-use\/#breadcrumb"},"inLanguage":"fi","potentialAction":[{"@type":"ReadAction","target":["https:\/\/zap4ktv.com\/terms-of-use\/"]}]},{"@type":"BreadcrumbList","@id":"https:\/\/zap4ktv.com\/terms-of-use\/#breadcrumb","itemListElement":[{"@type":"ListItem","position":1,"name":"Home","item":"https:\/\/zap4ktv.com\/"},{"@type":"ListItem","position":2,"name":"Terms Of Use"}]},{"@type":"WebSite","@id":"https:\/\/zap4ktv.com\/#website","url":"https:\/\/zap4ktv.com\/","name":"Zap4kTv - Paras IPTV-tilauspalvelu 2025","description":"Suosituin IPTV-tilauksen tarjoaja vuonna 2025","publisher":{"@id":"https:\/\/zap4ktv.com\/#organization"},"potentialAction":[{"@type":"SearchAction","target":{"@type":"EntryPoint","urlTemplate":"https:\/\/zap4ktv.com\/?s={search_term_string}"},"query-input":{"@type":"PropertyValueSpecification","valueRequired":true,"valueName":"search_term_string"}}],"inLanguage":"fi"},{"@type":"Organization","@id":"https:\/\/zap4ktv.com\/#organization","name":"Zap4kTv - Paras IPTV-tilauspalvelu 2025","url":"https:\/\/zap4ktv.com\/","logo":{"@type":"ImageObject","inLanguage":"fi","@id":"https:\/\/zap4ktv.com\/#\/schema\/logo\/image\/","url":"https:\/\/ml6f5dkbciyx.i.optimole.com\/w:auto\/h:auto\/q:mauto\/ig:avif\/https:\/\/zap4ktv.com\/wp-content\/uploads\/2024\/12\/Design-sans-titre-13.png","contentUrl":"https:\/\/ml6f5dkbciyx.i.optimole.com\/w:auto\/h:auto\/q:mauto\/ig:avif\/https:\/\/zap4ktv.com\/wp-content\/uploads\/2024\/12\/Design-sans-titre-13.png","width":1080,"height":1080,"caption":"Zap4kTv - Best IPTV Subscription Service 2025"},"image":{"@id":"https:\/\/zap4ktv.com\/#\/schema\/logo\/image\/"}}]}},"jetpack_sharing_enabled":true,"_links":{"self":[{"href":"https:\/\/zap4ktv.com\/fi\/wp-json\/wp\/v2\/pages\/3244","targetHints":{"allow":["GET"]}}],"collection":[{"href":"https:\/\/zap4ktv.com\/fi\/wp-json\/wp\/v2\/pages"}],"about":[{"href":"https:\/\/zap4ktv.com\/fi\/wp-json\/wp\/v2\/types\/page"}],"author":[{"embeddable":true,"href":"https:\/\/zap4ktv.com\/fi\/wp-json\/wp\/v2\/users\/2"}],"replies":[{"embeddable":true,"href":"https:\/\/zap4ktv.com\/fi\/wp-json\/wp\/v2\/comments?post=3244"}],"version-history":[{"count":13,"href":"https:\/\/zap4ktv.com\/fi\/wp-json\/wp\/v2\/pages\/3244\/revisions"}],"predecessor-version":[{"id":3970,"href":"https:\/\/zap4ktv.com\/fi\/wp-json\/wp\/v2\/pages\/3244\/revisions\/3970"}],"wp:attachment":[{"href":"https:\/\/zap4ktv.com\/fi\/wp-json\/wp\/v2\/media?parent=3244"}],"curies":[{"name":"wp","href":"https:\/\/api.w.org\/{rel}","templated":true}]}}