{"id":3249,"date":"2023-05-17T20:08:56","date_gmt":"2023-05-17T20:08:56","guid":{"rendered":"https:\/\/ipsmarty.store\/?page_id=3249"},"modified":"2024-12-05T16:12:55","modified_gmt":"2024-12-05T16:12:55","slug":"gdpr","status":"publish","type":"page","link":"https:\/\/zap4ktv.com\/fi\/gdpr\/","title":{"rendered":"GDPR"},"content":{"rendered":"<div data-elementor-type=\"wp-page\" data-elementor-id=\"3249\" class=\"elementor elementor-3249\">\n\t\t\t\t<div class=\"elementor-element elementor-element-df2fe9e e-flex e-con-boxed e-con e-parent\" data-id=\"df2fe9e\" data-element_type=\"container\" data-settings=\"{&quot;background_background&quot;:&quot;classic&quot;}\">\n\t\t\t\t\t<div class=\"e-con-inner\">\n\t\t\t\t<div class=\"elementor-element elementor-element-8d9e6bd elementor-widget elementor-widget-heading\" data-id=\"8d9e6bd\" data-element_type=\"widget\" data-widget_type=\"heading.default\">\n\t\t\t\t<div class=\"elementor-widget-container\">\n\t\t\t\t\t<h2 class=\"elementor-heading-title elementor-size-default\">GDPR-politiikka<\/h2>\t\t\t\t<\/div>\n\t\t\t\t<\/div>\n\t\t\t\t\t<\/div>\n\t\t\t\t<\/div>\n\t\t<div class=\"elementor-element elementor-element-0f18c5c e-flex e-con-boxed e-con e-parent\" data-id=\"0f18c5c\" data-element_type=\"container\" data-settings=\"{&quot;background_background&quot;:&quot;classic&quot;}\">\n\t\t\t\t\t<div class=\"e-con-inner\">\n\t\t\t\t<div class=\"elementor-element elementor-element-165dfa4 elementor-widget elementor-widget-text-editor\" data-id=\"165dfa4\" data-element_type=\"widget\" data-widget_type=\"text-editor.default\">\n\t\t\t\t<div class=\"elementor-widget-container\">\n\t\t\t\t\t\t\t\t\t<p>Zap4kTv.comissa, johon p\u00e4\u00e4see Zap4kTv.comista, vierailijoiden yksityisyyden suojaaminen on yksi t\u00e4rkeimmist\u00e4 prioriteeteistamme. T\u00e4m\u00e4 tietosuojak\u00e4yt\u00e4nt\u00f6 m\u00e4\u00e4rittelee, mink\u00e4 tyyppisi\u00e4 tietoja ker\u00e4\u00e4mme ja tallennamme Zap4kTv.comissa ja kuinka k\u00e4yt\u00e4mme niit\u00e4.<\/p><p>Jos sinulla on lis\u00e4kysymyksi\u00e4 tai tarvitset lis\u00e4tietoja tietosuojak\u00e4yt\u00e4nn\u00f6st\u00e4mme, ota rohkeasti yhteytt\u00e4.<\/p><p><strong>Yleinen tietosuoja-asetus (GDPR)<\/strong><br \/>Toimimme henkil\u00f6tietojesi rekisterinpit\u00e4j\u00e4n\u00e4. Henkil\u00f6tietojen ker\u00e4\u00e4misen ja k\u00e4yt\u00f6n oikeusperustamme riippuu tietyst\u00e4 tiedosta ja kontekstista:<\/p><ul><li>Zap4kTv:n on t\u00e4ytett\u00e4v\u00e4 sopimus kanssasi.<\/li><li>Olet antanut Zap4kTv:lle luvan k\u00e4ytt\u00e4\u00e4 tietojasi.<\/li><li>Tietojesi k\u00e4sittely vastaa Zap4kTv:n oikeutettuja etuja.<\/li><li>Zap4kTv:n on noudatettava lakis\u00e4\u00e4teisi\u00e4 velvoitteita.<\/li><\/ul><p>S\u00e4ilyt\u00e4mme henkil\u00f6kohtaisia tietojasi vain niin kauan kuin on tarpeen t\u00e4ss\u00e4 tietosuojak\u00e4yt\u00e4nn\u00f6ss\u00e4 m\u00e4\u00e4riteltyihin tarkoituksiin, mukaan lukien lakis\u00e4\u00e4teisten velvoitteiden noudattaminen, riitojen ratkaiseminen ja k\u00e4yt\u00e4nt\u00f6jemme t\u00e4yt\u00e4nt\u00f6\u00f6npano.<\/p><p>Jos asut Euroopan talousalueella (ETA), sinulla on erityisi\u00e4 tietojasi koskevat oikeudet. Jos haluat tiet\u00e4\u00e4, mit\u00e4 henkil\u00f6tietoja meill\u00e4 on sinusta tai pyyt\u00e4\u00e4 niiden poistamista, ota meihin yhteytt\u00e4. Oikeutesi ovat:<\/p><ul><li>Tietojesi k\u00e4ytt\u00e4minen, p\u00e4ivitt\u00e4minen tai poistaminen.<\/li><li>Virheellisten tietojen korjaaminen.<\/li><li>Vastustaa tietojen k\u00e4sittely\u00e4.<\/li><li>Tiedonk\u00e4yt\u00f6n rajoittaminen.<\/li><li>Tietojen siirrett\u00e4vyys.<\/li><li>Suostumuksen peruuttaminen.<\/li><\/ul><p><strong>Lokitiedostot<\/strong><br \/>Zap4kTv.com noudattaa lokitiedostojen k\u00e4yt\u00f6n vakiok\u00e4yt\u00e4nt\u00f6j\u00e4. N\u00e4m\u00e4 tiedostot kirjaavat k\u00e4vij\u00f6it\u00e4 sivuston k\u00e4yt\u00f6n aikana ja auttavat analysoimaan trendej\u00e4, hallinnoimaan sivustoa, seuraamaan k\u00e4ytt\u00e4jien k\u00e4ytt\u00e4ytymist\u00e4 ja ker\u00e4\u00e4m\u00e4\u00e4n v\u00e4est\u00f6tietoja. Kirjatut tiedot voivat sis\u00e4lt\u00e4\u00e4 IP-osoitteita, selaintyyppej\u00e4, Internet-palveluntarjoajia, aikaleimoja, viittaus-\/poistumissivuja ja napsautusten lukum\u00e4\u00e4r\u00e4\u00e4, joista mik\u00e4\u00e4n ei ole linkitetty tunnistettavissa oleviin henkil\u00f6ihin.<\/p><p><strong>Ev\u00e4steet ja verkkoj\u00e4ljitteet<\/strong><br \/>Zap4kTv.com k\u00e4ytt\u00e4\u00e4 ev\u00e4steit\u00e4 tallentaakseen vierailijoiden mieltymyksi\u00e4 ja seuratakseen verkkosivustojen vuorovaikutusta k\u00e4ytt\u00f6kokemuksen parantamiseksi. Ev\u00e4steet auttavat mukauttamaan sis\u00e4lt\u00f6\u00e4 selaintyyppien tai muiden tietojen perusteella.<\/p><p><strong>Mainoskumppanien tietosuojak\u00e4yt\u00e4nn\u00f6t<\/strong><br \/>Mainoskumppanimme voivat k\u00e4ytt\u00e4\u00e4 ev\u00e4steit\u00e4, JavaScripti\u00e4 tai verkkoj\u00e4ljitteit\u00e4 mainoksissaan ja linkeiss\u00e4\u00e4n Zap4kTv.comissa. N\u00e4m\u00e4 tekniikat ker\u00e4\u00e4v\u00e4t IP-osoitteesi kampanjan tehokkuuden mittaamiseksi ja mainosten personoimiseksi. Zap4kTv.com ei voi hallita kolmannen osapuolen ev\u00e4steit\u00e4 tai hallita niit\u00e4.<\/p><p><strong>Kolmannen osapuolen tietosuojak\u00e4yt\u00e4nn\u00f6t<\/strong><br \/>Zap4kTv.comin tietosuojak\u00e4yt\u00e4nt\u00f6 ei kata kolmannen osapuolen mainostajia tai verkkosivustoja. Suosittelemme tutustumaan heid\u00e4n tietosuojak\u00e4yt\u00e4nt\u00f6ihins\u00e4 saadaksesi yksityiskohtaiset k\u00e4yt\u00e4nn\u00f6t ja kielt\u00e4ytymisohjeet. Voit hallita ev\u00e4steasetuksia selaimesi asetuksista.<\/p><p><strong>Lasten tiedot<\/strong><br \/>Lasten suojeleminen verkossa on meille t\u00e4rke\u00e4\u00e4. Kannustamme vanhempia ja huoltajia valvomaan lastensa verkkotoimintaa. Zap4kTv.com ei tietoisesti ker\u00e4\u00e4 henkil\u00f6kohtaisia tunnistetietoja alle 13-vuotiailta lapsilta. Jos uskot, ett\u00e4 lapsesi on antanut t\u00e4llaisia tietoja, ota meihin v\u00e4litt\u00f6m\u00e4sti yhteytt\u00e4, niin poistamme ne viipym\u00e4tt\u00e4 rekisterist\u00e4mme.<\/p><p><strong>Online-tietosuojak\u00e4yt\u00e4nn\u00f6n laajuus<\/strong><br \/>T\u00e4m\u00e4 tietosuojak\u00e4yt\u00e4nt\u00f6 koskee vain Zap4kTv.comin online-toimintaa ja koskee verkkosivustomme kautta jaettuja tai ker\u00e4ttyj\u00e4 tietoja. Se ei kata offline-tiedonkeruuta tai muita kanavia.<\/p><p><strong>suostumus<\/strong><br \/>K\u00e4ytt\u00e4m\u00e4ll\u00e4 verkkosivustoamme hyv\u00e4ksyt tietosuojak\u00e4yt\u00e4nt\u00f6mme ja sen ehdot.<\/p>\t\t\t\t\t\t\t\t<\/div>\n\t\t\t\t<\/div>\n\t\t\t\t\t<\/div>\n\t\t\t\t<\/div>\n\t\t\t\t<\/div>","protected":false},"excerpt":{"rendered":"<p>GDPR Policy At Zap4kTv.com, accessible from Zap4kTv.com, protecting our visitors&#8217; privacy is one of our top priorities. This Privacy Policy outlines the types of information we collect and record at Zap4kTv.com and how we use it. If you have additional questions or need further information about our Privacy Policy, please feel free to contact us. [&hellip;]<\/p>","protected":false},"author":2,"featured_media":0,"parent":0,"menu_order":0,"comment_status":"closed","ping_status":"closed","template":"","meta":{"footnotes":""},"class_list":["post-3249","page","type-page","status-publish","hentry"],"blocksy_meta":{"page_title_panel":"","has_hero_section":"disabled","24a716533436107933a52363f5ab8f7e":"","hero_section":"type-1","hero_elements":[{"id":"custom_title","enabled":true,"heading_tag":"h1","title":"Kotiin"},{"id":"custom_description","enabled":true,"description_visibility":{"desktop":true,"tablet":true,"mobile":false}},{"id":"custom_meta","enabled":false,"meta_elements":[{"id":"author","enabled":true,"label":"By","has_author_avatar":"yes","avatar_size":25},{"id":"post_date","enabled":true,"label":"On","date_format_source":"default","date_format":"M j, Y"},{"id":"updated_date","enabled":false,"label":"On","date_format_source":"default","date_format":"M j, Y"},{"id":"categories","enabled":false,"label":"In","style":"simple"},{"id":"comments","enabled":true}],"page_meta_elements":{"joined":true,"articles_count":true,"comments":true}},{"id":"breadcrumbs","enabled":false}],"6ffd2d564cf7a86fa37232a3f7cf19a3":"","hero_alignment1":"CT_CSS_SKIP_RULE","hero_margin":40,"hero_alignment2":"center","hero_vertical_alignment":"center","3aca50897909981e61e36bfa22b0d995":"","hero_structure":"narrow","41bf9b501568498c842f1e2e55fa051a":"","page_title_bg_type":"featured_image","custom_hero_background":{"attachment_id":null},"page_title_image_size":"full","parallax":{"desktop":false,"tablet":false,"mobile":false},"26c4c92295fdc3dff318d145205ecb1b":"","hero_height":"250px","pageTitleFont":{"family":"Default","variation":"Default","size":"30px","line-height":"CT_CSS_SKIP_RULE","letter-spacing":"CT_CSS_SKIP_RULE","text-transform":"CT_CSS_SKIP_RULE","text-decoration":"CT_CSS_SKIP_RULE"},"pageTitleFontColor":{"default":{"color":"CT_CSS_SKIP_RULEDEFAULT"}},"pageMetaFont":{"family":"Default","variation":"n6","size":"12px","line-height":"1.3","letter-spacing":"CT_CSS_SKIP_RULE","text-transform":"uppercase","text-decoration":"CT_CSS_SKIP_RULE"},"pageMetaFontColor":{"default":{"color":"CT_CSS_SKIP_RULEDEFAULT"},"hover":{"color":"CT_CSS_SKIP_RULEDEFAULT"}},"page_meta_button_type_font_colors":{"default":{"color":"CT_CSS_SKIP_RULEDEFAULT"},"hover":{"color":"CT_CSS_SKIP_RULEDEFAULT"}},"page_meta_button_type_background_colors":{"default":{"color":"CT_CSS_SKIP_RULEDEFAULT"},"hover":{"color":"CT_CSS_SKIP_RULEDEFAULT"}},"pageExcerptFont":{"family":"Default","variation":"Default","size":"CT_CSS_SKIP_RULE","line-height":"CT_CSS_SKIP_RULE","letter-spacing":"CT_CSS_SKIP_RULE","text-transform":"CT_CSS_SKIP_RULE","text-decoration":"CT_CSS_SKIP_RULE"},"pageExcerptColor":{"default":{"color":"CT_CSS_SKIP_RULEDEFAULT"}},"breadcrumbsFont":{"family":"Default","variation":"Default","size":"CT_CSS_SKIP_RULE","line-height":"CT_CSS_SKIP_RULE","letter-spacing":"CT_CSS_SKIP_RULE","text-transform":"CT_CSS_SKIP_RULE","text-decoration":"CT_CSS_SKIP_RULE"},"breadcrumbsFontColor":{"default":{"color":"CT_CSS_SKIP_RULEDEFAULT"},"initial":{"color":"CT_CSS_SKIP_RULEDEFAULT"},"hover":{"color":"CT_CSS_SKIP_RULEDEFAULT"}},"pageTitleOverlay":{"background_type":"color","background_pattern":"type-1","background_image":{"attachment_id":null,"x":0,"y":0},"gradient":"linear-gradient(135deg,rgba(6,147,227,1) 0%,rgb(155,81,224) 100%)","background_repeat":"repeat","background_size":"auto","background_attachment":"scroll","patternColor":{"default":{"color":"#e5e7ea"}},"overlayColor":{"default":{"color":"CT_CSS_SKIP_RULE"}},"backgroundColor":{"default":{"color":"CT_CSS_SKIP_RULE"}}},"pageTitleBackground":{"background_type":"color","background_pattern":"type-1","background_image":{"attachment_id":null,"x":0,"y":0},"gradient":"linear-gradient(135deg,rgba(6,147,227,1) 0%,rgb(155,81,224) 100%)","background_repeat":"repeat","background_size":"auto","background_attachment":"scroll","patternColor":{"default":{"color":"#e5e7ea"}},"overlayColor":{"default":{"color":"CT_CSS_SKIP_RULE"}},"backgroundColor":{"default":{"color":"var(--theme-palette-color-6)"}}},"pageTitlePadding":{"top":"50px","bottom":"50px","left":"auto","right":"auto","linked":true},"a0794c1dc283c4ded9a39189a9306047":"","page_structure_type":"default","7471d577b0186ec57603ee093a45bb67":"","content_style_source":"inherit","content_style":"wide","vertical_spacing_source":"custom","content_area_spacing":"none","background":{"background_type":"color","background_pattern":"type-1","background_image":{"attachment_id":null,"x":0,"y":0},"gradient":"linear-gradient(135deg,rgba(6,147,227,1) 0%,rgb(155,81,224) 100%)","background_repeat":"repeat","background_size":"auto","background_attachment":"scroll","patternColor":{"default":{"color":"#e5e7ea"}},"overlayColor":{"default":{"color":"CT_CSS_SKIP_RULE"}},"backgroundColor":{"default":{"color":"CT_CSS_SKIP_RULE"}}},"content_background":{"background_type":"color","background_pattern":"type-1","background_image":{"attachment_id":null,"x":0,"y":0},"gradient":"linear-gradient(135deg,rgba(6,147,227,1) 0%,rgb(155,81,224) 100%)","background_repeat":"repeat","background_size":"auto","background_attachment":"scroll","patternColor":{"default":{"color":"#e5e7ea"}},"overlayColor":{"default":{"color":"CT_CSS_SKIP_RULE"}},"backgroundColor":{"default":{"color":"var(--theme-palette-color-8)"}}},"content_boxed_shadow":{"inherit":false,"blur":18,"spread":-6,"v_offset":12,"h_offset":0,"inset":false,"enable":true,"color":{"color":"rgba(34, 56, 101, 0.04)"}},"content_boxed_border":{"width":1,"style":"none","color":{"color":"rgba(44,62,80,0.2)"}},"content_boxed_radius":{"top":"3px","bottom":"3px","left":"3px","right":"3px","linked":true},"boxed_content_spacing":{"desktop":{"top":"40px","bottom":"40px","left":"40px","right":"40px","linked":true},"tablet":{"top":"35px","bottom":"35px","left":"35px","right":"35px","linked":true},"mobile":{"top":"20px","bottom":"20px","left":"20px","right":"20px","linked":true}},"745dac3c11a60e777d75e63a71e0acf3":"","disable_featured_image":"no","disable_share_box":"no","disable_header":"no","disable_footer":"no","styles_descriptor":{"styles":{"desktop":"","tablet":"","mobile":""},"google_fonts":[],"version":6}},"yoast_head":"<!-- This site is optimized with the Yoast SEO Premium plugin v24.0 (Yoast SEO v24.1) - https:\/\/yoast.com\/wordpress\/plugins\/seo\/ -->\n<title>GDPR - Zap4kTv - Best IPTV Subscription Service 2025<\/title>\n<meta name=\"robots\" content=\"index, follow, max-snippet:-1, max-image-preview:large, max-video-preview:-1\" \/>\n<link rel=\"canonical\" href=\"https:\/\/zap4ktv.com\/fi\/gdpr\/\" \/>\n<meta property=\"og:locale\" content=\"fi_FI\" \/>\n<meta property=\"og:type\" content=\"article\" \/>\n<meta property=\"og:title\" content=\"GDPR\" \/>\n<meta property=\"og:description\" content=\"GDPR Policy At Zap4kTv.com, accessible from Zap4kTv.com, protecting our visitors&#8217; privacy is one of our top priorities. This Privacy Policy outlines the types of information we collect and record at Zap4kTv.com and how we use it. If you have additional questions or need further information about our Privacy Policy, please feel free to contact us. [&hellip;]\" \/>\n<meta property=\"og:url\" content=\"https:\/\/zap4ktv.com\/fi\/gdpr\/\" \/>\n<meta property=\"og:site_name\" content=\"Zap4kTv - Best IPTV Subscription Service 2025\" \/>\n<meta property=\"article:modified_time\" content=\"2024-12-05T16:12:55+00:00\" \/>\n<meta name=\"twitter:card\" content=\"summary_large_image\" \/>\n<meta name=\"twitter:label1\" content=\"Arvioitu lukuaika\" \/>\n\t<meta name=\"twitter:data1\" content=\"2 minuuttia\" \/>\n<script type=\"application\/ld+json\" class=\"yoast-schema-graph\">{\"@context\":\"https:\/\/schema.org\",\"@graph\":[{\"@type\":\"WebPage\",\"@id\":\"https:\/\/zap4ktv.com\/gdpr\/\",\"url\":\"https:\/\/zap4ktv.com\/gdpr\/\",\"name\":\"GDPR - Zap4kTv - Best IPTV Subscription Service 2025\",\"isPartOf\":{\"@id\":\"https:\/\/zap4ktv.com\/#website\"},\"datePublished\":\"2023-05-17T20:08:56+00:00\",\"dateModified\":\"2024-12-05T16:12:55+00:00\",\"breadcrumb\":{\"@id\":\"https:\/\/zap4ktv.com\/gdpr\/#breadcrumb\"},\"inLanguage\":\"fi\",\"potentialAction\":[{\"@type\":\"ReadAction\",\"target\":[\"https:\/\/zap4ktv.com\/gdpr\/\"]}]},{\"@type\":\"BreadcrumbList\",\"@id\":\"https:\/\/zap4ktv.com\/gdpr\/#breadcrumb\",\"itemListElement\":[{\"@type\":\"ListItem\",\"position\":1,\"name\":\"Home\",\"item\":\"https:\/\/zap4ktv.com\/\"},{\"@type\":\"ListItem\",\"position\":2,\"name\":\"GDPR\"}]},{\"@type\":\"WebSite\",\"@id\":\"https:\/\/zap4ktv.com\/#website\",\"url\":\"https:\/\/zap4ktv.com\/\",\"name\":\"Zap4kTv - Best IPTV Subscription Service 2025\",\"description\":\"Top IPTV Subscription Provider in 2025\",\"publisher\":{\"@id\":\"https:\/\/zap4ktv.com\/#organization\"},\"potentialAction\":[{\"@type\":\"SearchAction\",\"target\":{\"@type\":\"EntryPoint\",\"urlTemplate\":\"https:\/\/zap4ktv.com\/?s={search_term_string}\"},\"query-input\":{\"@type\":\"PropertyValueSpecification\",\"valueRequired\":true,\"valueName\":\"search_term_string\"}}],\"inLanguage\":\"fi\"},{\"@type\":\"Organization\",\"@id\":\"https:\/\/zap4ktv.com\/#organization\",\"name\":\"Zap4kTv - Best IPTV Subscription Service 2025\",\"url\":\"https:\/\/zap4ktv.com\/\",\"logo\":{\"@type\":\"ImageObject\",\"inLanguage\":\"fi\",\"@id\":\"https:\/\/zap4ktv.com\/#\/schema\/logo\/image\/\",\"url\":\"https:\/\/ml6f5dkbciyx.i.optimole.com\/w:auto\/h:auto\/q:mauto\/ig:avif\/https:\/\/zap4ktv.com\/wp-content\/uploads\/2024\/12\/Design-sans-titre-13.png\",\"contentUrl\":\"https:\/\/ml6f5dkbciyx.i.optimole.com\/w:auto\/h:auto\/q:mauto\/ig:avif\/https:\/\/zap4ktv.com\/wp-content\/uploads\/2024\/12\/Design-sans-titre-13.png\",\"width\":1080,\"height\":1080,\"caption\":\"Zap4kTv - Best IPTV Subscription Service 2025\"},\"image\":{\"@id\":\"https:\/\/zap4ktv.com\/#\/schema\/logo\/image\/\"}}]}<\/script>\n<!-- \/ Yoast SEO Premium plugin. -->","yoast_head_json":{"title":"GDPR - Zap4kTv - Paras IPTV-tilauspalvelu 2025","robots":{"index":"index","follow":"follow","max-snippet":"max-snippet:-1","max-image-preview":"max-image-preview:large","max-video-preview":"max-video-preview:-1"},"canonical":"https:\/\/zap4ktv.com\/fi\/gdpr\/","og_locale":"fi_FI","og_type":"article","og_title":"GDPR","og_description":"GDPR Policy At Zap4kTv.com, accessible from Zap4kTv.com, protecting our visitors&#8217; privacy is one of our top priorities. This Privacy Policy outlines the types of information we collect and record at Zap4kTv.com and how we use it. If you have additional questions or need further information about our Privacy Policy, please feel free to contact us. [&hellip;]","og_url":"https:\/\/zap4ktv.com\/fi\/gdpr\/","og_site_name":"Zap4kTv - Best IPTV Subscription Service 2025","article_modified_time":"2024-12-05T16:12:55+00:00","twitter_card":"summary_large_image","twitter_misc":{"Arvioitu lukuaika":"2 minuuttia"},"schema":{"@context":"https:\/\/schema.org","@graph":[{"@type":"WebPage","@id":"https:\/\/zap4ktv.com\/gdpr\/","url":"https:\/\/zap4ktv.com\/gdpr\/","name":"GDPR - Zap4kTv - Paras IPTV-tilauspalvelu 2025","isPartOf":{"@id":"https:\/\/zap4ktv.com\/#website"},"datePublished":"2023-05-17T20:08:56+00:00","dateModified":"2024-12-05T16:12:55+00:00","breadcrumb":{"@id":"https:\/\/zap4ktv.com\/gdpr\/#breadcrumb"},"inLanguage":"fi","potentialAction":[{"@type":"ReadAction","target":["https:\/\/zap4ktv.com\/gdpr\/"]}]},{"@type":"BreadcrumbList","@id":"https:\/\/zap4ktv.com\/gdpr\/#breadcrumb","itemListElement":[{"@type":"ListItem","position":1,"name":"Home","item":"https:\/\/zap4ktv.com\/"},{"@type":"ListItem","position":2,"name":"GDPR"}]},{"@type":"WebSite","@id":"https:\/\/zap4ktv.com\/#website","url":"https:\/\/zap4ktv.com\/","name":"Zap4kTv - Paras IPTV-tilauspalvelu 2025","description":"Suosituin IPTV-tilauksen tarjoaja vuonna 2025","publisher":{"@id":"https:\/\/zap4ktv.com\/#organization"},"potentialAction":[{"@type":"SearchAction","target":{"@type":"EntryPoint","urlTemplate":"https:\/\/zap4ktv.com\/?s={search_term_string}"},"query-input":{"@type":"PropertyValueSpecification","valueRequired":true,"valueName":"search_term_string"}}],"inLanguage":"fi"},{"@type":"Organization","@id":"https:\/\/zap4ktv.com\/#organization","name":"Zap4kTv - Paras IPTV-tilauspalvelu 2025","url":"https:\/\/zap4ktv.com\/","logo":{"@type":"ImageObject","inLanguage":"fi","@id":"https:\/\/zap4ktv.com\/#\/schema\/logo\/image\/","url":"https:\/\/ml6f5dkbciyx.i.optimole.com\/w:auto\/h:auto\/q:mauto\/ig:avif\/https:\/\/zap4ktv.com\/wp-content\/uploads\/2024\/12\/Design-sans-titre-13.png","contentUrl":"https:\/\/ml6f5dkbciyx.i.optimole.com\/w:auto\/h:auto\/q:mauto\/ig:avif\/https:\/\/zap4ktv.com\/wp-content\/uploads\/2024\/12\/Design-sans-titre-13.png","width":1080,"height":1080,"caption":"Zap4kTv - Best IPTV Subscription Service 2025"},"image":{"@id":"https:\/\/zap4ktv.com\/#\/schema\/logo\/image\/"}}]}},"jetpack_sharing_enabled":true,"_links":{"self":[{"href":"https:\/\/zap4ktv.com\/fi\/wp-json\/wp\/v2\/pages\/3249","targetHints":{"allow":["GET"]}}],"collection":[{"href":"https:\/\/zap4ktv.com\/fi\/wp-json\/wp\/v2\/pages"}],"about":[{"href":"https:\/\/zap4ktv.com\/fi\/wp-json\/wp\/v2\/types\/page"}],"author":[{"embeddable":true,"href":"https:\/\/zap4ktv.com\/fi\/wp-json\/wp\/v2\/users\/2"}],"replies":[{"embeddable":true,"href":"https:\/\/zap4ktv.com\/fi\/wp-json\/wp\/v2\/comments?post=3249"}],"version-history":[{"count":13,"href":"https:\/\/zap4ktv.com\/fi\/wp-json\/wp\/v2\/pages\/3249\/revisions"}],"predecessor-version":[{"id":3982,"href":"https:\/\/zap4ktv.com\/fi\/wp-json\/wp\/v2\/pages\/3249\/revisions\/3982"}],"wp:attachment":[{"href":"https:\/\/zap4ktv.com\/fi\/wp-json\/wp\/v2\/media?parent=3249"}],"curies":[{"name":"wp","href":"https:\/\/api.w.org\/{rel}","templated":true}]}}