{"id":3232,"date":"2023-05-17T20:01:10","date_gmt":"2023-05-17T20:01:10","guid":{"rendered":"https:\/\/ipsmarty.store\/?page_id=3232"},"modified":"2024-12-05T15:41:10","modified_gmt":"2024-12-05T15:41:10","slug":"politique-de-confidentialite","status":"publish","type":"page","link":"https:\/\/zap4ktv.com\/fr\/politique-de-confidentialite\/","title":{"rendered":"politique de confidentialit\u00e9"},"content":{"rendered":"<div data-elementor-type=\"wp-page\" data-elementor-id=\"3232\" class=\"elementor elementor-3232\">\n\t\t\t\t<div class=\"elementor-element elementor-element-df2fe9e e-flex e-con-boxed e-con e-parent\" data-id=\"df2fe9e\" data-element_type=\"container\" data-settings=\"{&quot;background_background&quot;:&quot;classic&quot;}\">\n\t\t\t\t\t<div class=\"e-con-inner\">\n\t\t\t\t<div class=\"elementor-element elementor-element-8d9e6bd elementor-widget elementor-widget-heading\" data-id=\"8d9e6bd\" data-element_type=\"widget\" data-widget_type=\"heading.default\">\n\t\t\t\t<div class=\"elementor-widget-container\">\n\t\t\t\t\t<h2 class=\"elementor-heading-title elementor-size-default\">politique de confidentialit\u00e9<\/h2>\t\t\t\t<\/div>\n\t\t\t\t<\/div>\n\t\t\t\t\t<\/div>\n\t\t\t\t<\/div>\n\t\t<div class=\"elementor-element elementor-element-0f18c5c e-flex e-con-boxed e-con e-parent\" data-id=\"0f18c5c\" data-element_type=\"container\" data-settings=\"{&quot;background_background&quot;:&quot;classic&quot;}\">\n\t\t\t\t\t<div class=\"e-con-inner\">\n\t\t\t\t<div class=\"elementor-element elementor-element-165dfa4 elementor-widget elementor-widget-text-editor\" data-id=\"165dfa4\" data-element_type=\"widget\" data-widget_type=\"text-editor.default\">\n\t\t\t\t<div class=\"elementor-widget-container\">\n\t\t\t\t\t\t\t\t\t<h3>Politique de confidentialit\u00e9 de Zap4kTV<\/h3><p>Bienvenue sur Zap4kTV.com (le \u00ab Site \u00bb). La protection de votre vie priv\u00e9e en ligne est importante pour nous, en particulier lorsque nous menons des activit\u00e9s commerciales. Cette d\u00e9claration de confidentialit\u00e9 d\u00e9crit nos politiques concernant la collecte, l&#039;utilisation et le partage d&#039;informations pour les utilisateurs du Site (\u00ab Visiteurs \u00bb) et pour ceux qui s&#039;inscrivent pour acc\u00e9der \u00e0 nos services (\u00ab Clients autoris\u00e9s \u00bb).<\/p><p>Les informations personnelles identifiables (IPI) d\u00e9signent toutes les donn\u00e9es qui identifient, contactent ou localisent une personne sp\u00e9cifique. Cela comprend les noms, adresses, num\u00e9ros de t\u00e9l\u00e9phone, adresses e-mail et informations financi\u00e8res. Les PII n&#039;incluent pas les informations anonymis\u00e9es ou d\u00e9mographiques non li\u00e9es \u00e0 une personne sp\u00e9cifique.<\/p><p>Nous collectons des donn\u00e9es de profil de base aupr\u00e8s de tous les visiteurs, telles que le type de navigateur et les pr\u00e9f\u00e9rences. Les clients autoris\u00e9s peuvent fournir des informations suppl\u00e9mentaires telles que leurs noms, leurs coordonn\u00e9es et des informations commerciales ou publicitaires li\u00e9es \u00e0 leurs activit\u00e9s sur le site.<\/p><p>Zap4kTV peut travailler avec des fournisseurs tiers, tels que des processeurs de paiement, qui collectent \u00e9galement des informations personnelles identifiables. Bien que nous demandions \u00e0 ces fournisseurs de divulguer leurs pratiques, leur utilisation de vos informations \u00e9chappe \u00e0 notre contr\u00f4le.<\/p><p>Nous utilisons les informations personnelles identifiables pour personnaliser le site, faciliter les transactions et r\u00e9pondre aux demandes de service. Nous pouvons \u00e9galement envoyer des mises \u00e0 jour, du contenu promotionnel ou des r\u00e9ponses aux demandes de renseignements.<\/p><p>Les informations personnelles identifiables peuvent \u00eatre partag\u00e9es avec d&#039;autres clients autoris\u00e9s pour des opportunit\u00e9s commerciales ou des transactions, et des donn\u00e9es agr\u00e9g\u00e9es et non identifiables peuvent \u00eatre partag\u00e9es avec des soci\u00e9t\u00e9s affili\u00e9es ou des fournisseurs. Les visiteurs et les clients autoris\u00e9s peuvent choisir de ne pas recevoir d&#039;informations non sollicit\u00e9es.<\/p><p>Les cookies sont utilis\u00e9s pour suivre les pr\u00e9f\u00e9rences des utilisateurs, am\u00e9liorer les fonctionnalit\u00e9s et s\u00e9curiser les comptes en d\u00e9connectant les utilisateurs inactifs apr\u00e8s 10 minutes. Les donn\u00e9es de connexion, telles que les adresses IP et les types de navigateur, sont analys\u00e9es pour surveiller les tendances d&#039;utilisation et am\u00e9liorer la s\u00e9curit\u00e9.<\/p><p>Zap4kTV applique des mesures de s\u00e9curit\u00e9 strictes pour prot\u00e9ger vos donn\u00e9es. L&#039;acc\u00e8s aux informations personnelles est prot\u00e9g\u00e9 par un mot de passe et limit\u00e9 aux employ\u00e9s autoris\u00e9s. Les donn\u00e9es sensibles, telles que les informations de carte de cr\u00e9dit, sont crypt\u00e9es. Bien que nous prenions des pr\u00e9cautions importantes, aucun syst\u00e8me n&#039;est enti\u00e8rement \u00e0 l&#039;abri des violations et nous ne pouvons pas garantir une protection totale contre les acc\u00e8s non autoris\u00e9s.<\/p><p>Les visiteurs et les clients autoris\u00e9s peuvent demander la mise \u00e0 jour de leurs informations personnelles ou demander la d\u00e9sactivation ou la suppression de leurs donn\u00e9es. La suppression compl\u00e8te n&#039;est pas toujours possible en raison des sauvegardes du syst\u00e8me, mais les informations d\u00e9sactiv\u00e9es ne seront plus utilis\u00e9es ni partag\u00e9es.<\/p><p>Nous informerons les utilisateurs des modifications apport\u00e9es \u00e0 cette politique en publiant des mises \u00e0 jour sur le site. Si des modifications importantes affectent les donn\u00e9es pr\u00e9c\u00e9demment collect\u00e9es, nous contacterons les personnes concern\u00e9es pour leur permettre de se d\u00e9sinscrire.<\/p><p>Zap4kTV.com peut contenir des liens vers d&#039;autres sites Web. Nous vous encourageons \u00e0 consulter leurs politiques de confidentialit\u00e9, car nous ne sommes pas responsables de leurs pratiques.<\/p><p>Pour d&#039;autres questions ou pour mettre \u00e0 jour vos pr\u00e9f\u00e9rences de confidentialit\u00e9, contactez-nous \u00e0 <a href=\"mailto:Contact@Zap4kTV.com\">Contact@Zap4kTV.com<\/a>.<\/p>\t\t\t\t\t\t\t\t<\/div>\n\t\t\t\t<\/div>\n\t\t\t\t\t<\/div>\n\t\t\t\t<\/div>\n\t\t\t\t<\/div>","protected":false},"excerpt":{"rendered":"<p>Privacy Policy Privacy Policy for Zap4kTV Welcome to Zap4kTV.com (the \u201cSite\u201d). Protecting your privacy online is important to us, especially when conducting business. This privacy statement outlines our policies regarding the collection, use, and sharing of information for users of the Site (\u201cVisitors\u201d) and for those who register to access our services (\u201cAuthorized Customers\u201d). Personally [&hellip;]<\/p>","protected":false},"author":2,"featured_media":0,"parent":0,"menu_order":0,"comment_status":"closed","ping_status":"closed","template":"","meta":{"footnotes":""},"class_list":["post-3232","page","type-page","status-publish","hentry"],"blocksy_meta":{"page_title_panel":"","has_hero_section":"disabled","24a716533436107933a52363f5ab8f7e":"","hero_section":"type-1","hero_elements":[{"id":"custom_title","enabled":true,"heading_tag":"h1","title":"Maison"},{"id":"custom_description","enabled":true,"description_visibility":{"desktop":true,"tablet":true,"mobile":false}},{"id":"custom_meta","enabled":false,"meta_elements":[{"id":"author","enabled":true,"label":"By","has_author_avatar":"yes","avatar_size":25},{"id":"post_date","enabled":true,"label":"On","date_format_source":"default","date_format":"M j, Y"},{"id":"updated_date","enabled":false,"label":"On","date_format_source":"default","date_format":"M j, Y"},{"id":"categories","enabled":false,"label":"In","style":"simple"},{"id":"comments","enabled":true}],"page_meta_elements":{"joined":true,"articles_count":true,"comments":true}},{"id":"breadcrumbs","enabled":false}],"6ffd2d564cf7a86fa37232a3f7cf19a3":"","hero_alignment1":"CT_CSS_SKIP_RULE","hero_margin":40,"hero_alignment2":"center","hero_vertical_alignment":"center","3aca50897909981e61e36bfa22b0d995":"","hero_structure":"narrow","41bf9b501568498c842f1e2e55fa051a":"","page_title_bg_type":"featured_image","custom_hero_background":{"attachment_id":null},"page_title_image_size":"full","parallax":{"desktop":false,"tablet":false,"mobile":false},"26c4c92295fdc3dff318d145205ecb1b":"","hero_height":"250px","pageTitleFont":{"family":"Default","variation":"Default","size":"30px","line-height":"CT_CSS_SKIP_RULE","letter-spacing":"CT_CSS_SKIP_RULE","text-transform":"CT_CSS_SKIP_RULE","text-decoration":"CT_CSS_SKIP_RULE"},"pageTitleFontColor":{"default":{"color":"CT_CSS_SKIP_RULEDEFAULT"}},"pageMetaFont":{"family":"Default","variation":"n6","size":"12px","line-height":"1.3","letter-spacing":"CT_CSS_SKIP_RULE","text-transform":"uppercase","text-decoration":"CT_CSS_SKIP_RULE"},"pageMetaFontColor":{"default":{"color":"CT_CSS_SKIP_RULEDEFAULT"},"hover":{"color":"CT_CSS_SKIP_RULEDEFAULT"}},"page_meta_button_type_font_colors":{"default":{"color":"CT_CSS_SKIP_RULEDEFAULT"},"hover":{"color":"CT_CSS_SKIP_RULEDEFAULT"}},"page_meta_button_type_background_colors":{"default":{"color":"CT_CSS_SKIP_RULEDEFAULT"},"hover":{"color":"CT_CSS_SKIP_RULEDEFAULT"}},"pageExcerptFont":{"family":"Default","variation":"Default","size":"CT_CSS_SKIP_RULE","line-height":"CT_CSS_SKIP_RULE","letter-spacing":"CT_CSS_SKIP_RULE","text-transform":"CT_CSS_SKIP_RULE","text-decoration":"CT_CSS_SKIP_RULE"},"pageExcerptColor":{"default":{"color":"CT_CSS_SKIP_RULEDEFAULT"}},"breadcrumbsFont":{"family":"Default","variation":"Default","size":"CT_CSS_SKIP_RULE","line-height":"CT_CSS_SKIP_RULE","letter-spacing":"CT_CSS_SKIP_RULE","text-transform":"CT_CSS_SKIP_RULE","text-decoration":"CT_CSS_SKIP_RULE"},"breadcrumbsFontColor":{"default":{"color":"CT_CSS_SKIP_RULEDEFAULT"},"initial":{"color":"CT_CSS_SKIP_RULEDEFAULT"},"hover":{"color":"CT_CSS_SKIP_RULEDEFAULT"}},"pageTitleOverlay":{"background_type":"color","background_pattern":"type-1","background_image":{"attachment_id":null,"x":0,"y":0},"gradient":"linear-gradient(135deg,rgba(6,147,227,1) 0%,rgb(155,81,224) 100%)","background_repeat":"repeat","background_size":"auto","background_attachment":"scroll","patternColor":{"default":{"color":"#e5e7ea"}},"overlayColor":{"default":{"color":"CT_CSS_SKIP_RULE"}},"backgroundColor":{"default":{"color":"CT_CSS_SKIP_RULE"}}},"pageTitleBackground":{"background_type":"color","background_pattern":"type-1","background_image":{"attachment_id":null,"x":0,"y":0},"gradient":"linear-gradient(135deg,rgba(6,147,227,1) 0%,rgb(155,81,224) 100%)","background_repeat":"repeat","background_size":"auto","background_attachment":"scroll","patternColor":{"default":{"color":"#e5e7ea"}},"overlayColor":{"default":{"color":"CT_CSS_SKIP_RULE"}},"backgroundColor":{"default":{"color":"var(--theme-palette-color-6)"}}},"pageTitlePadding":{"top":"50px","bottom":"50px","left":"auto","right":"auto","linked":true},"a0794c1dc283c4ded9a39189a9306047":"","page_structure_type":"default","7471d577b0186ec57603ee093a45bb67":"","content_style_source":"inherit","content_style":"wide","vertical_spacing_source":"custom","content_area_spacing":"none","background":{"background_type":"color","background_pattern":"type-1","background_image":{"attachment_id":null,"x":0,"y":0},"gradient":"linear-gradient(135deg,rgba(6,147,227,1) 0%,rgb(155,81,224) 100%)","background_repeat":"repeat","background_size":"auto","background_attachment":"scroll","patternColor":{"default":{"color":"#e5e7ea"}},"overlayColor":{"default":{"color":"CT_CSS_SKIP_RULE"}},"backgroundColor":{"default":{"color":"CT_CSS_SKIP_RULE"}}},"content_background":{"background_type":"color","background_pattern":"type-1","background_image":{"attachment_id":null,"x":0,"y":0},"gradient":"linear-gradient(135deg,rgba(6,147,227,1) 0%,rgb(155,81,224) 100%)","background_repeat":"repeat","background_size":"auto","background_attachment":"scroll","patternColor":{"default":{"color":"#e5e7ea"}},"overlayColor":{"default":{"color":"CT_CSS_SKIP_RULE"}},"backgroundColor":{"default":{"color":"var(--theme-palette-color-8)"}}},"content_boxed_shadow":{"inherit":false,"blur":18,"spread":-6,"v_offset":12,"h_offset":0,"inset":false,"enable":true,"color":{"color":"rgba(34, 56, 101, 0.04)"}},"content_boxed_border":{"width":1,"style":"none","color":{"color":"rgba(44,62,80,0.2)"}},"content_boxed_radius":{"top":"3px","bottom":"3px","left":"3px","right":"3px","linked":true},"boxed_content_spacing":{"desktop":{"top":"40px","bottom":"40px","left":"40px","right":"40px","linked":true},"tablet":{"top":"35px","bottom":"35px","left":"35px","right":"35px","linked":true},"mobile":{"top":"20px","bottom":"20px","left":"20px","right":"20px","linked":true}},"745dac3c11a60e777d75e63a71e0acf3":"","disable_featured_image":"no","disable_share_box":"no","disable_header":"no","disable_footer":"no","styles_descriptor":{"styles":{"desktop":"","tablet":"","mobile":""},"google_fonts":[],"version":6}},"yoast_head":"<!-- This site is optimized with the Yoast SEO Premium plugin v24.0 (Yoast SEO v24.1) - https:\/\/yoast.com\/wordpress\/plugins\/seo\/ -->\n<title>Privacy Policy - Zap4kTv - Best IPTV Subscription Service 2025<\/title>\n<meta name=\"robots\" content=\"index, follow, max-snippet:-1, max-image-preview:large, max-video-preview:-1\" \/>\n<link rel=\"canonical\" href=\"https:\/\/zap4ktv.com\/fr\/politique-de-confidentialite\/\" \/>\n<meta property=\"og:locale\" content=\"fr_FR\" \/>\n<meta property=\"og:type\" content=\"article\" \/>\n<meta property=\"og:title\" content=\"Privacy Policy\" \/>\n<meta property=\"og:description\" content=\"Privacy Policy Privacy Policy for Zap4kTV Welcome to Zap4kTV.com (the \u201cSite\u201d). Protecting your privacy online is important to us, especially when conducting business. This privacy statement outlines our policies regarding the collection, use, and sharing of information for users of the Site (\u201cVisitors\u201d) and for those who register to access our services (\u201cAuthorized Customers\u201d). Personally [&hellip;]\" \/>\n<meta property=\"og:url\" content=\"https:\/\/zap4ktv.com\/fr\/politique-de-confidentialite\/\" \/>\n<meta property=\"og:site_name\" content=\"Zap4kTv - Best IPTV Subscription Service 2025\" \/>\n<meta property=\"article:modified_time\" content=\"2024-12-05T15:41:10+00:00\" \/>\n<meta name=\"twitter:card\" content=\"summary_large_image\" \/>\n<meta name=\"twitter:label1\" content=\"Dur\u00e9e de lecture estim\u00e9e\" \/>\n\t<meta name=\"twitter:data1\" content=\"2 minutes\" \/>\n<script type=\"application\/ld+json\" class=\"yoast-schema-graph\">{\"@context\":\"https:\/\/schema.org\",\"@graph\":[{\"@type\":\"WebPage\",\"@id\":\"https:\/\/zap4ktv.com\/privacy-policy\/\",\"url\":\"https:\/\/zap4ktv.com\/privacy-policy\/\",\"name\":\"Privacy Policy - Zap4kTv - Best IPTV Subscription Service 2025\",\"isPartOf\":{\"@id\":\"https:\/\/zap4ktv.com\/#website\"},\"datePublished\":\"2023-05-17T20:01:10+00:00\",\"dateModified\":\"2024-12-05T15:41:10+00:00\",\"breadcrumb\":{\"@id\":\"https:\/\/zap4ktv.com\/privacy-policy\/#breadcrumb\"},\"inLanguage\":\"fr-FR\",\"potentialAction\":[{\"@type\":\"ReadAction\",\"target\":[\"https:\/\/zap4ktv.com\/privacy-policy\/\"]}]},{\"@type\":\"BreadcrumbList\",\"@id\":\"https:\/\/zap4ktv.com\/privacy-policy\/#breadcrumb\",\"itemListElement\":[{\"@type\":\"ListItem\",\"position\":1,\"name\":\"Home\",\"item\":\"https:\/\/zap4ktv.com\/\"},{\"@type\":\"ListItem\",\"position\":2,\"name\":\"Privacy Policy\"}]},{\"@type\":\"WebSite\",\"@id\":\"https:\/\/zap4ktv.com\/#website\",\"url\":\"https:\/\/zap4ktv.com\/\",\"name\":\"Zap4kTv - Best IPTV Subscription Service 2025\",\"description\":\"Top IPTV Subscription Provider in 2025\",\"publisher\":{\"@id\":\"https:\/\/zap4ktv.com\/#organization\"},\"potentialAction\":[{\"@type\":\"SearchAction\",\"target\":{\"@type\":\"EntryPoint\",\"urlTemplate\":\"https:\/\/zap4ktv.com\/?s={search_term_string}\"},\"query-input\":{\"@type\":\"PropertyValueSpecification\",\"valueRequired\":true,\"valueName\":\"search_term_string\"}}],\"inLanguage\":\"fr-FR\"},{\"@type\":\"Organization\",\"@id\":\"https:\/\/zap4ktv.com\/#organization\",\"name\":\"Zap4kTv - Best IPTV Subscription Service 2025\",\"url\":\"https:\/\/zap4ktv.com\/\",\"logo\":{\"@type\":\"ImageObject\",\"inLanguage\":\"fr-FR\",\"@id\":\"https:\/\/zap4ktv.com\/#\/schema\/logo\/image\/\",\"url\":\"https:\/\/ml6f5dkbciyx.i.optimole.com\/w:auto\/h:auto\/q:mauto\/ig:avif\/https:\/\/zap4ktv.com\/wp-content\/uploads\/2024\/12\/Design-sans-titre-13.png\",\"contentUrl\":\"https:\/\/ml6f5dkbciyx.i.optimole.com\/w:auto\/h:auto\/q:mauto\/ig:avif\/https:\/\/zap4ktv.com\/wp-content\/uploads\/2024\/12\/Design-sans-titre-13.png\",\"width\":1080,\"height\":1080,\"caption\":\"Zap4kTv - Best IPTV Subscription Service 2025\"},\"image\":{\"@id\":\"https:\/\/zap4ktv.com\/#\/schema\/logo\/image\/\"}}]}<\/script>\n<!-- \/ Yoast SEO Premium plugin. -->","yoast_head_json":{"title":"Politique de confidentialit\u00e9 - Zap4kTv - Meilleur service d&#039;abonnement IPTV 2025","robots":{"index":"index","follow":"follow","max-snippet":"max-snippet:-1","max-image-preview":"max-image-preview:large","max-video-preview":"max-video-preview:-1"},"canonical":"https:\/\/zap4ktv.com\/fr\/politique-de-confidentialite\/","og_locale":"fr_FR","og_type":"article","og_title":"Privacy Policy","og_description":"Privacy Policy Privacy Policy for Zap4kTV Welcome to Zap4kTV.com (the \u201cSite\u201d). Protecting your privacy online is important to us, especially when conducting business. This privacy statement outlines our policies regarding the collection, use, and sharing of information for users of the Site (\u201cVisitors\u201d) and for those who register to access our services (\u201cAuthorized Customers\u201d). Personally [&hellip;]","og_url":"https:\/\/zap4ktv.com\/fr\/politique-de-confidentialite\/","og_site_name":"Zap4kTv - Best IPTV Subscription Service 2025","article_modified_time":"2024-12-05T15:41:10+00:00","twitter_card":"summary_large_image","twitter_misc":{"Dur\u00e9e de lecture estim\u00e9e":"2 minutes"},"schema":{"@context":"https:\/\/schema.org","@graph":[{"@type":"WebPage","@id":"https:\/\/zap4ktv.com\/privacy-policy\/","url":"https:\/\/zap4ktv.com\/privacy-policy\/","name":"Politique de confidentialit\u00e9 - Zap4kTv - Meilleur service d&#039;abonnement IPTV 2025","isPartOf":{"@id":"https:\/\/zap4ktv.com\/#website"},"datePublished":"2023-05-17T20:01:10+00:00","dateModified":"2024-12-05T15:41:10+00:00","breadcrumb":{"@id":"https:\/\/zap4ktv.com\/privacy-policy\/#breadcrumb"},"inLanguage":"fr-FR","potentialAction":[{"@type":"ReadAction","target":["https:\/\/zap4ktv.com\/privacy-policy\/"]}]},{"@type":"BreadcrumbList","@id":"https:\/\/zap4ktv.com\/privacy-policy\/#breadcrumb","itemListElement":[{"@type":"ListItem","position":1,"name":"Home","item":"https:\/\/zap4ktv.com\/"},{"@type":"ListItem","position":2,"name":"Privacy Policy"}]},{"@type":"WebSite","@id":"https:\/\/zap4ktv.com\/#website","url":"https:\/\/zap4ktv.com\/","name":"Zap4kTv - Meilleur service d&#039;abonnement IPTV 2025","description":"Meilleur fournisseur d&#039;abonnement IPTV en 2025","publisher":{"@id":"https:\/\/zap4ktv.com\/#organization"},"potentialAction":[{"@type":"SearchAction","target":{"@type":"EntryPoint","urlTemplate":"https:\/\/zap4ktv.com\/?s={search_term_string}"},"query-input":{"@type":"PropertyValueSpecification","valueRequired":true,"valueName":"search_term_string"}}],"inLanguage":"fr-FR"},{"@type":"Organization","@id":"https:\/\/zap4ktv.com\/#organization","name":"Zap4kTv - Meilleur service d&#039;abonnement IPTV 2025","url":"https:\/\/zap4ktv.com\/","logo":{"@type":"ImageObject","inLanguage":"fr-FR","@id":"https:\/\/zap4ktv.com\/#\/schema\/logo\/image\/","url":"https:\/\/ml6f5dkbciyx.i.optimole.com\/w:auto\/h:auto\/q:mauto\/ig:avif\/https:\/\/zap4ktv.com\/wp-content\/uploads\/2024\/12\/Design-sans-titre-13.png","contentUrl":"https:\/\/ml6f5dkbciyx.i.optimole.com\/w:auto\/h:auto\/q:mauto\/ig:avif\/https:\/\/zap4ktv.com\/wp-content\/uploads\/2024\/12\/Design-sans-titre-13.png","width":1080,"height":1080,"caption":"Zap4kTv - Best IPTV Subscription Service 2025"},"image":{"@id":"https:\/\/zap4ktv.com\/#\/schema\/logo\/image\/"}}]}},"jetpack_sharing_enabled":true,"_links":{"self":[{"href":"https:\/\/zap4ktv.com\/fr\/wp-json\/wp\/v2\/pages\/3232","targetHints":{"allow":["GET"]}}],"collection":[{"href":"https:\/\/zap4ktv.com\/fr\/wp-json\/wp\/v2\/pages"}],"about":[{"href":"https:\/\/zap4ktv.com\/fr\/wp-json\/wp\/v2\/types\/page"}],"author":[{"embeddable":true,"href":"https:\/\/zap4ktv.com\/fr\/wp-json\/wp\/v2\/users\/2"}],"replies":[{"embeddable":true,"href":"https:\/\/zap4ktv.com\/fr\/wp-json\/wp\/v2\/comments?post=3232"}],"version-history":[{"count":16,"href":"https:\/\/zap4ktv.com\/fr\/wp-json\/wp\/v2\/pages\/3232\/revisions"}],"predecessor-version":[{"id":3963,"href":"https:\/\/zap4ktv.com\/fr\/wp-json\/wp\/v2\/pages\/3232\/revisions\/3963"}],"wp:attachment":[{"href":"https:\/\/zap4ktv.com\/fr\/wp-json\/wp\/v2\/media?parent=3232"}],"curies":[{"name":"wp","href":"https:\/\/api.w.org\/{rel}","templated":true}]}}