{"id":3244,"date":"2023-05-17T20:07:24","date_gmt":"2023-05-17T20:07:24","guid":{"rendered":"https:\/\/ipsmarty.store\/?page_id=3244"},"modified":"2024-12-05T15:47:58","modified_gmt":"2024-12-05T15:47:58","slug":"conditions-dutilisation","status":"publish","type":"page","link":"https:\/\/zap4ktv.com\/fr\/conditions-dutilisation\/","title":{"rendered":"Conditions d&#039;utilisation"},"content":{"rendered":"<div data-elementor-type=\"wp-page\" data-elementor-id=\"3244\" class=\"elementor elementor-3244\">\n\t\t\t\t<div class=\"elementor-element elementor-element-df2fe9e e-flex e-con-boxed e-con e-parent\" data-id=\"df2fe9e\" data-element_type=\"container\" data-settings=\"{&quot;background_background&quot;:&quot;classic&quot;}\">\n\t\t\t\t\t<div class=\"e-con-inner\">\n\t\t\t\t<div class=\"elementor-element elementor-element-8d9e6bd elementor-widget elementor-widget-heading\" data-id=\"8d9e6bd\" data-element_type=\"widget\" data-widget_type=\"heading.default\">\n\t\t\t\t<div class=\"elementor-widget-container\">\n\t\t\t\t\t<h2 class=\"elementor-heading-title elementor-size-default\">Conditions d&#039;utilisation<\/h2>\t\t\t\t<\/div>\n\t\t\t\t<\/div>\n\t\t\t\t\t<\/div>\n\t\t\t\t<\/div>\n\t\t<div class=\"elementor-element elementor-element-0f18c5c e-flex e-con-boxed e-con e-parent\" data-id=\"0f18c5c\" data-element_type=\"container\" data-settings=\"{&quot;background_background&quot;:&quot;classic&quot;}\">\n\t\t\t\t\t<div class=\"e-con-inner\">\n\t\t\t\t<div class=\"elementor-element elementor-element-165dfa4 elementor-widget elementor-widget-text-editor\" data-id=\"165dfa4\" data-element_type=\"widget\" data-widget_type=\"text-editor.default\">\n\t\t\t\t<div class=\"elementor-widget-container\">\n\t\t\t\t\t\t\t\t\t<p>Ces conditions r\u00e9gissent votre acc\u00e8s et votre utilisation de tout le contenu, des produits et des services disponibles sur le site Web Zap4kTv (le \u00ab Service \u00bb) exploit\u00e9 par Zap4kTv (\u00ab nous \u00bb, \u00ab notre \u00bb ou \u00ab nos \u00bb).<\/p><p>Votre acc\u00e8s \u00e0 nos services est soumis \u00e0 votre acceptation, sans modification, de tous les termes et conditions contenus dans les pr\u00e9sentes et de toutes les autres r\u00e8gles et politiques de fonctionnement que nous publions ou pourrions publier \u00e0 l&#039;avenir.<\/p><p>Veuillez lire attentivement le pr\u00e9sent Contrat avant d&#039;acc\u00e9der \u00e0 nos Services ou de les utiliser. En acc\u00e9dant \u00e0 une partie de nos Services ou en les utilisant, vous acceptez d&#039;\u00eatre li\u00e9 par les pr\u00e9sentes Conditions. Si vous n&#039;acceptez pas une partie quelconque du Contrat, vous ne pouvez pas acc\u00e9der \u00e0 nos Services ni les utiliser.<\/p><p><strong>Propri\u00e9t\u00e9 intellectuelle<\/strong><br \/>Le pr\u00e9sent Contrat ne vous transf\u00e8re aucune propri\u00e9t\u00e9 intellectuelle, ni celle de tiers. Tous les droits, titres et int\u00e9r\u00eats relatifs \u00e0 cette propri\u00e9t\u00e9 restent la propri\u00e9t\u00e9 exclusive de Zap4kTv et de ses conc\u00e9dants de licence.<\/p><p><strong>Services tiers<\/strong><br \/>Nos services peuvent inclure l\u2019utilisation de services, produits, logiciels, int\u00e9grations ou applications tiers (\u00ab Services tiers \u00bb).<\/p><ul><li>L&#039;utilisation de services tiers se fait \u00e0 vos propres risques et nous ne sommes pas responsables de ces services.<\/li><li>Vous reconnaissez que nous ne sommes pas responsables de tout dommage ou perte caus\u00e9 par ou li\u00e9 \u00e0 votre utilisation des services tiers.<\/li><\/ul><p><strong>Comptes<\/strong><br \/>Si l&#039;acc\u00e8s \u00e0 une partie de nos Services n\u00e9cessite un compte, vous acceptez de fournir des informations compl\u00e8tes et exactes lors de l&#039;inscription.<\/p><ul><li>Vous \u00eates seul responsable des activit\u00e9s effectu\u00e9es sous votre compte et de la s\u00e9curit\u00e9 de votre mot de passe.<\/li><li>Informez-nous imm\u00e9diatement de toute utilisation non autoris\u00e9e de votre compte ou de toute faille de s\u00e9curit\u00e9.<\/li><\/ul><p><strong>Terminaison<\/strong><br \/>Nous pouvons suspendre ou r\u00e9silier votre acc\u00e8s \u00e0 nos Services \u00e0 tout moment, avec ou sans motif ou pr\u00e9avis, avec effet imm\u00e9diat.<br \/>Si vous souhaitez r\u00e9silier votre compte ou le pr\u00e9sent Contrat, vous pouvez cesser d&#039;utiliser nos Services.<br \/>Les dispositions telles que les droits de propri\u00e9t\u00e9, les exclusions de garantie, les indemnit\u00e9s et les limitations de responsabilit\u00e9 survivront \u00e0 la r\u00e9siliation.<\/p><p><strong>Clause de non-responsabilit\u00e9<\/strong><br \/>Nos services sont fournis \u00ab EN L&#039;\u00c9TAT \u00bb et \u00ab TELS QUE DISPONIBLES \u00bb. Zap4kTv et ses conc\u00e9dants de licence d\u00e9clinent toute garantie, y compris les garanties implicites de qualit\u00e9 marchande, d&#039;ad\u00e9quation \u00e0 un usage particulier et de non-contrefa\u00e7on. Nous ne garantissons pas un acc\u00e8s ininterrompu ou sans erreur \u00e0 nos services. L&#039;utilisation de nos services se fait \u00e0 votre propre discr\u00e9tion et \u00e0 vos propres risques.<\/p><p><strong>Comp\u00e9tence et loi applicable<\/strong><br \/>Sauf disposition contraire de la loi, le pr\u00e9sent Contrat et toute utilisation de nos Services sont r\u00e9gis par les lois du Maroc. Tout litige sera r\u00e9solu devant les tribunaux du Maroc.<\/p><p><strong>Changements<\/strong><br \/>Zap4kTv se r\u00e9serve le droit de modifier ou de remplacer ces conditions \u00e0 tout moment \u00e0 notre seule discr\u00e9tion.<\/p><ul><li>Si les modifications sont importantes, nous vous en informerons via notre site Web, par courrier \u00e9lectronique ou par d\u2019autres moyens de communication avant que les modifications ne prennent effet.<\/li><li>Si vous n\u2019\u00eates pas d\u2019accord avec les modifications, cessez d\u2019utiliser nos Services dans le d\u00e9lai de pr\u00e9avis.<\/li><\/ul><p>En continuant \u00e0 utiliser nos Services apr\u00e8s l&#039;entr\u00e9e en vigueur des modifications, vous acceptez les nouvelles conditions.<\/p>\t\t\t\t\t\t\t\t<\/div>\n\t\t\t\t<\/div>\n\t\t\t\t\t<\/div>\n\t\t\t\t<\/div>\n\t\t\t\t<\/div>","protected":false},"excerpt":{"rendered":"<p>Terms Of Use These Terms govern your access to and use of all content, products, and services available at the Zap4kTv website (the &#8220;Service&#8221;) operated by Zap4kTv (&#8220;we,&#8221; &#8220;us,&#8221; or &#8220;our&#8221;). Your access to our services is subject to your acceptance, without modification, of all the terms and conditions contained herein and all other operating [&hellip;]<\/p>","protected":false},"author":2,"featured_media":0,"parent":0,"menu_order":0,"comment_status":"closed","ping_status":"closed","template":"","meta":{"footnotes":""},"class_list":["post-3244","page","type-page","status-publish","hentry"],"blocksy_meta":{"page_title_panel":"","has_hero_section":"disabled","24a716533436107933a52363f5ab8f7e":"","hero_section":"type-1","hero_elements":[{"id":"custom_title","enabled":true,"heading_tag":"h1","title":"Maison"},{"id":"custom_description","enabled":true,"description_visibility":{"desktop":true,"tablet":true,"mobile":false}},{"id":"custom_meta","enabled":false,"meta_elements":[{"id":"author","enabled":true,"label":"By","has_author_avatar":"yes","avatar_size":25},{"id":"post_date","enabled":true,"label":"On","date_format_source":"default","date_format":"M j, Y"},{"id":"updated_date","enabled":false,"label":"On","date_format_source":"default","date_format":"M j, Y"},{"id":"categories","enabled":false,"label":"In","style":"simple"},{"id":"comments","enabled":true}],"page_meta_elements":{"joined":true,"articles_count":true,"comments":true}},{"id":"breadcrumbs","enabled":false}],"6ffd2d564cf7a86fa37232a3f7cf19a3":"","hero_alignment1":"CT_CSS_SKIP_RULE","hero_margin":40,"hero_alignment2":"center","hero_vertical_alignment":"center","3aca50897909981e61e36bfa22b0d995":"","hero_structure":"narrow","41bf9b501568498c842f1e2e55fa051a":"","page_title_bg_type":"featured_image","custom_hero_background":{"attachment_id":null},"page_title_image_size":"full","parallax":{"desktop":false,"tablet":false,"mobile":false},"26c4c92295fdc3dff318d145205ecb1b":"","hero_height":"250px","pageTitleFont":{"family":"Default","variation":"Default","size":"30px","line-height":"CT_CSS_SKIP_RULE","letter-spacing":"CT_CSS_SKIP_RULE","text-transform":"CT_CSS_SKIP_RULE","text-decoration":"CT_CSS_SKIP_RULE"},"pageTitleFontColor":{"default":{"color":"CT_CSS_SKIP_RULEDEFAULT"}},"pageMetaFont":{"family":"Default","variation":"n6","size":"12px","line-height":"1.3","letter-spacing":"CT_CSS_SKIP_RULE","text-transform":"uppercase","text-decoration":"CT_CSS_SKIP_RULE"},"pageMetaFontColor":{"default":{"color":"CT_CSS_SKIP_RULEDEFAULT"},"hover":{"color":"CT_CSS_SKIP_RULEDEFAULT"}},"page_meta_button_type_font_colors":{"default":{"color":"CT_CSS_SKIP_RULEDEFAULT"},"hover":{"color":"CT_CSS_SKIP_RULEDEFAULT"}},"page_meta_button_type_background_colors":{"default":{"color":"CT_CSS_SKIP_RULEDEFAULT"},"hover":{"color":"CT_CSS_SKIP_RULEDEFAULT"}},"pageExcerptFont":{"family":"Default","variation":"Default","size":"CT_CSS_SKIP_RULE","line-height":"CT_CSS_SKIP_RULE","letter-spacing":"CT_CSS_SKIP_RULE","text-transform":"CT_CSS_SKIP_RULE","text-decoration":"CT_CSS_SKIP_RULE"},"pageExcerptColor":{"default":{"color":"CT_CSS_SKIP_RULEDEFAULT"}},"breadcrumbsFont":{"family":"Default","variation":"Default","size":"CT_CSS_SKIP_RULE","line-height":"CT_CSS_SKIP_RULE","letter-spacing":"CT_CSS_SKIP_RULE","text-transform":"CT_CSS_SKIP_RULE","text-decoration":"CT_CSS_SKIP_RULE"},"breadcrumbsFontColor":{"default":{"color":"CT_CSS_SKIP_RULEDEFAULT"},"initial":{"color":"CT_CSS_SKIP_RULEDEFAULT"},"hover":{"color":"CT_CSS_SKIP_RULEDEFAULT"}},"pageTitleOverlay":{"background_type":"color","background_pattern":"type-1","background_image":{"attachment_id":null,"x":0,"y":0},"gradient":"linear-gradient(135deg,rgba(6,147,227,1) 0%,rgb(155,81,224) 100%)","background_repeat":"repeat","background_size":"auto","background_attachment":"scroll","patternColor":{"default":{"color":"#e5e7ea"}},"overlayColor":{"default":{"color":"CT_CSS_SKIP_RULE"}},"backgroundColor":{"default":{"color":"CT_CSS_SKIP_RULE"}}},"pageTitleBackground":{"background_type":"color","background_pattern":"type-1","background_image":{"attachment_id":null,"x":0,"y":0},"gradient":"linear-gradient(135deg,rgba(6,147,227,1) 0%,rgb(155,81,224) 100%)","background_repeat":"repeat","background_size":"auto","background_attachment":"scroll","patternColor":{"default":{"color":"#e5e7ea"}},"overlayColor":{"default":{"color":"CT_CSS_SKIP_RULE"}},"backgroundColor":{"default":{"color":"var(--theme-palette-color-6)"}}},"pageTitlePadding":{"top":"50px","bottom":"50px","left":"auto","right":"auto","linked":true},"a0794c1dc283c4ded9a39189a9306047":"","page_structure_type":"default","7471d577b0186ec57603ee093a45bb67":"","content_style_source":"inherit","content_style":"wide","vertical_spacing_source":"custom","content_area_spacing":"none","background":{"background_type":"color","background_pattern":"type-1","background_image":{"attachment_id":null,"x":0,"y":0},"gradient":"linear-gradient(135deg,rgba(6,147,227,1) 0%,rgb(155,81,224) 100%)","background_repeat":"repeat","background_size":"auto","background_attachment":"scroll","patternColor":{"default":{"color":"#e5e7ea"}},"overlayColor":{"default":{"color":"CT_CSS_SKIP_RULE"}},"backgroundColor":{"default":{"color":"CT_CSS_SKIP_RULE"}}},"content_background":{"background_type":"color","background_pattern":"type-1","background_image":{"attachment_id":null,"x":0,"y":0},"gradient":"linear-gradient(135deg,rgba(6,147,227,1) 0%,rgb(155,81,224) 100%)","background_repeat":"repeat","background_size":"auto","background_attachment":"scroll","patternColor":{"default":{"color":"#e5e7ea"}},"overlayColor":{"default":{"color":"CT_CSS_SKIP_RULE"}},"backgroundColor":{"default":{"color":"var(--theme-palette-color-8)"}}},"content_boxed_shadow":{"inherit":false,"blur":18,"spread":-6,"v_offset":12,"h_offset":0,"inset":false,"enable":true,"color":{"color":"rgba(34, 56, 101, 0.04)"}},"content_boxed_border":{"width":1,"style":"none","color":{"color":"rgba(44,62,80,0.2)"}},"content_boxed_radius":{"top":"3px","bottom":"3px","left":"3px","right":"3px","linked":true},"boxed_content_spacing":{"desktop":{"top":"40px","bottom":"40px","left":"40px","right":"40px","linked":true},"tablet":{"top":"35px","bottom":"35px","left":"35px","right":"35px","linked":true},"mobile":{"top":"20px","bottom":"20px","left":"20px","right":"20px","linked":true}},"745dac3c11a60e777d75e63a71e0acf3":"","disable_featured_image":"no","disable_share_box":"no","disable_header":"no","disable_footer":"no","styles_descriptor":{"styles":{"desktop":"","tablet":"","mobile":""},"google_fonts":[],"version":6}},"yoast_head":"<!-- This site is optimized with the Yoast SEO Premium plugin v24.0 (Yoast SEO v24.1) - https:\/\/yoast.com\/wordpress\/plugins\/seo\/ -->\n<title>Terms Of Use - Zap4kTv - Best IPTV Subscription Service 2025<\/title>\n<meta name=\"robots\" content=\"index, follow, max-snippet:-1, max-image-preview:large, max-video-preview:-1\" \/>\n<link rel=\"canonical\" href=\"https:\/\/zap4ktv.com\/fr\/conditions-dutilisation\/\" \/>\n<meta property=\"og:locale\" content=\"fr_FR\" \/>\n<meta property=\"og:type\" content=\"article\" \/>\n<meta property=\"og:title\" content=\"Terms Of Use\" \/>\n<meta property=\"og:description\" content=\"Terms Of Use These Terms govern your access to and use of all content, products, and services available at the Zap4kTv website (the &#8220;Service&#8221;) operated by Zap4kTv (&#8220;we,&#8221; &#8220;us,&#8221; or &#8220;our&#8221;). Your access to our services is subject to your acceptance, without modification, of all the terms and conditions contained herein and all other operating [&hellip;]\" \/>\n<meta property=\"og:url\" content=\"https:\/\/zap4ktv.com\/fr\/conditions-dutilisation\/\" \/>\n<meta property=\"og:site_name\" content=\"Zap4kTv - Best IPTV Subscription Service 2025\" \/>\n<meta property=\"article:modified_time\" content=\"2024-12-05T15:47:58+00:00\" \/>\n<meta name=\"twitter:card\" content=\"summary_large_image\" \/>\n<meta name=\"twitter:label1\" content=\"Dur\u00e9e de lecture estim\u00e9e\" \/>\n\t<meta name=\"twitter:data1\" content=\"2 minutes\" \/>\n<script type=\"application\/ld+json\" class=\"yoast-schema-graph\">{\"@context\":\"https:\/\/schema.org\",\"@graph\":[{\"@type\":\"WebPage\",\"@id\":\"https:\/\/zap4ktv.com\/terms-of-use\/\",\"url\":\"https:\/\/zap4ktv.com\/terms-of-use\/\",\"name\":\"Terms Of Use - Zap4kTv - Best IPTV Subscription Service 2025\",\"isPartOf\":{\"@id\":\"https:\/\/zap4ktv.com\/#website\"},\"datePublished\":\"2023-05-17T20:07:24+00:00\",\"dateModified\":\"2024-12-05T15:47:58+00:00\",\"breadcrumb\":{\"@id\":\"https:\/\/zap4ktv.com\/terms-of-use\/#breadcrumb\"},\"inLanguage\":\"fr-FR\",\"potentialAction\":[{\"@type\":\"ReadAction\",\"target\":[\"https:\/\/zap4ktv.com\/terms-of-use\/\"]}]},{\"@type\":\"BreadcrumbList\",\"@id\":\"https:\/\/zap4ktv.com\/terms-of-use\/#breadcrumb\",\"itemListElement\":[{\"@type\":\"ListItem\",\"position\":1,\"name\":\"Home\",\"item\":\"https:\/\/zap4ktv.com\/\"},{\"@type\":\"ListItem\",\"position\":2,\"name\":\"Terms Of Use\"}]},{\"@type\":\"WebSite\",\"@id\":\"https:\/\/zap4ktv.com\/#website\",\"url\":\"https:\/\/zap4ktv.com\/\",\"name\":\"Zap4kTv - Best IPTV Subscription Service 2025\",\"description\":\"Top IPTV Subscription Provider in 2025\",\"publisher\":{\"@id\":\"https:\/\/zap4ktv.com\/#organization\"},\"potentialAction\":[{\"@type\":\"SearchAction\",\"target\":{\"@type\":\"EntryPoint\",\"urlTemplate\":\"https:\/\/zap4ktv.com\/?s={search_term_string}\"},\"query-input\":{\"@type\":\"PropertyValueSpecification\",\"valueRequired\":true,\"valueName\":\"search_term_string\"}}],\"inLanguage\":\"fr-FR\"},{\"@type\":\"Organization\",\"@id\":\"https:\/\/zap4ktv.com\/#organization\",\"name\":\"Zap4kTv - Best IPTV Subscription Service 2025\",\"url\":\"https:\/\/zap4ktv.com\/\",\"logo\":{\"@type\":\"ImageObject\",\"inLanguage\":\"fr-FR\",\"@id\":\"https:\/\/zap4ktv.com\/#\/schema\/logo\/image\/\",\"url\":\"https:\/\/ml6f5dkbciyx.i.optimole.com\/w:auto\/h:auto\/q:mauto\/ig:avif\/https:\/\/zap4ktv.com\/wp-content\/uploads\/2024\/12\/Design-sans-titre-13.png\",\"contentUrl\":\"https:\/\/ml6f5dkbciyx.i.optimole.com\/w:auto\/h:auto\/q:mauto\/ig:avif\/https:\/\/zap4ktv.com\/wp-content\/uploads\/2024\/12\/Design-sans-titre-13.png\",\"width\":1080,\"height\":1080,\"caption\":\"Zap4kTv - Best IPTV Subscription Service 2025\"},\"image\":{\"@id\":\"https:\/\/zap4ktv.com\/#\/schema\/logo\/image\/\"}}]}<\/script>\n<!-- \/ Yoast SEO Premium plugin. -->","yoast_head_json":{"title":"Terms Of Use - Zap4kTv - Best IPTV Subscription Service 2025","robots":{"index":"index","follow":"follow","max-snippet":"max-snippet:-1","max-image-preview":"max-image-preview:large","max-video-preview":"max-video-preview:-1"},"canonical":"https:\/\/zap4ktv.com\/fr\/conditions-dutilisation\/","og_locale":"fr_FR","og_type":"article","og_title":"Terms Of Use","og_description":"Terms Of Use These Terms govern your access to and use of all content, products, and services available at the Zap4kTv website (the &#8220;Service&#8221;) operated by Zap4kTv (&#8220;we,&#8221; &#8220;us,&#8221; or &#8220;our&#8221;). Your access to our services is subject to your acceptance, without modification, of all the terms and conditions contained herein and all other operating [&hellip;]","og_url":"https:\/\/zap4ktv.com\/fr\/conditions-dutilisation\/","og_site_name":"Zap4kTv - Best IPTV Subscription Service 2025","article_modified_time":"2024-12-05T15:47:58+00:00","twitter_card":"summary_large_image","twitter_misc":{"Dur\u00e9e de lecture estim\u00e9e":"2 minutes"},"schema":{"@context":"https:\/\/schema.org","@graph":[{"@type":"WebPage","@id":"https:\/\/zap4ktv.com\/terms-of-use\/","url":"https:\/\/zap4ktv.com\/terms-of-use\/","name":"Terms Of Use - Zap4kTv - Best IPTV Subscription Service 2025","isPartOf":{"@id":"https:\/\/zap4ktv.com\/#website"},"datePublished":"2023-05-17T20:07:24+00:00","dateModified":"2024-12-05T15:47:58+00:00","breadcrumb":{"@id":"https:\/\/zap4ktv.com\/terms-of-use\/#breadcrumb"},"inLanguage":"fr-FR","potentialAction":[{"@type":"ReadAction","target":["https:\/\/zap4ktv.com\/terms-of-use\/"]}]},{"@type":"BreadcrumbList","@id":"https:\/\/zap4ktv.com\/terms-of-use\/#breadcrumb","itemListElement":[{"@type":"ListItem","position":1,"name":"Home","item":"https:\/\/zap4ktv.com\/"},{"@type":"ListItem","position":2,"name":"Terms Of Use"}]},{"@type":"WebSite","@id":"https:\/\/zap4ktv.com\/#website","url":"https:\/\/zap4ktv.com\/","name":"Zap4kTv - Meilleur service d&#039;abonnement IPTV 2025","description":"Meilleur fournisseur d&#039;abonnement IPTV en 2025","publisher":{"@id":"https:\/\/zap4ktv.com\/#organization"},"potentialAction":[{"@type":"SearchAction","target":{"@type":"EntryPoint","urlTemplate":"https:\/\/zap4ktv.com\/?s={search_term_string}"},"query-input":{"@type":"PropertyValueSpecification","valueRequired":true,"valueName":"search_term_string"}}],"inLanguage":"fr-FR"},{"@type":"Organization","@id":"https:\/\/zap4ktv.com\/#organization","name":"Zap4kTv - Meilleur service d&#039;abonnement IPTV 2025","url":"https:\/\/zap4ktv.com\/","logo":{"@type":"ImageObject","inLanguage":"fr-FR","@id":"https:\/\/zap4ktv.com\/#\/schema\/logo\/image\/","url":"https:\/\/ml6f5dkbciyx.i.optimole.com\/w:auto\/h:auto\/q:mauto\/ig:avif\/https:\/\/zap4ktv.com\/wp-content\/uploads\/2024\/12\/Design-sans-titre-13.png","contentUrl":"https:\/\/ml6f5dkbciyx.i.optimole.com\/w:auto\/h:auto\/q:mauto\/ig:avif\/https:\/\/zap4ktv.com\/wp-content\/uploads\/2024\/12\/Design-sans-titre-13.png","width":1080,"height":1080,"caption":"Zap4kTv - Best IPTV Subscription Service 2025"},"image":{"@id":"https:\/\/zap4ktv.com\/#\/schema\/logo\/image\/"}}]}},"jetpack_sharing_enabled":true,"_links":{"self":[{"href":"https:\/\/zap4ktv.com\/fr\/wp-json\/wp\/v2\/pages\/3244","targetHints":{"allow":["GET"]}}],"collection":[{"href":"https:\/\/zap4ktv.com\/fr\/wp-json\/wp\/v2\/pages"}],"about":[{"href":"https:\/\/zap4ktv.com\/fr\/wp-json\/wp\/v2\/types\/page"}],"author":[{"embeddable":true,"href":"https:\/\/zap4ktv.com\/fr\/wp-json\/wp\/v2\/users\/2"}],"replies":[{"embeddable":true,"href":"https:\/\/zap4ktv.com\/fr\/wp-json\/wp\/v2\/comments?post=3244"}],"version-history":[{"count":13,"href":"https:\/\/zap4ktv.com\/fr\/wp-json\/wp\/v2\/pages\/3244\/revisions"}],"predecessor-version":[{"id":3970,"href":"https:\/\/zap4ktv.com\/fr\/wp-json\/wp\/v2\/pages\/3244\/revisions\/3970"}],"wp:attachment":[{"href":"https:\/\/zap4ktv.com\/fr\/wp-json\/wp\/v2\/media?parent=3244"}],"curies":[{"name":"wp","href":"https:\/\/api.w.org\/{rel}","templated":true}]}}