{"id":3244,"date":"2023-05-17T20:07:24","date_gmt":"2023-05-17T20:07:24","guid":{"rendered":"https:\/\/ipsmarty.store\/?page_id=3244"},"modified":"2024-12-05T15:47:58","modified_gmt":"2024-12-05T15:47:58","slug":"vilkar-for-bruk","status":"publish","type":"page","link":"https:\/\/zap4ktv.com\/nb\/vilkar-for-bruk\/","title":{"rendered":"Vilk\u00e5r for bruk"},"content":{"rendered":"<div data-elementor-type=\"wp-page\" data-elementor-id=\"3244\" class=\"elementor elementor-3244\">\n\t\t\t\t<div class=\"elementor-element elementor-element-df2fe9e e-flex e-con-boxed e-con e-parent\" data-id=\"df2fe9e\" data-element_type=\"container\" data-settings=\"{&quot;background_background&quot;:&quot;classic&quot;}\">\n\t\t\t\t\t<div class=\"e-con-inner\">\n\t\t\t\t<div class=\"elementor-element elementor-element-8d9e6bd elementor-widget elementor-widget-heading\" data-id=\"8d9e6bd\" data-element_type=\"widget\" data-widget_type=\"heading.default\">\n\t\t\t\t<div class=\"elementor-widget-container\">\n\t\t\t\t\t<h2 class=\"elementor-heading-title elementor-size-default\">Vilk\u00e5r for bruk<\/h2>\t\t\t\t<\/div>\n\t\t\t\t<\/div>\n\t\t\t\t\t<\/div>\n\t\t\t\t<\/div>\n\t\t<div class=\"elementor-element elementor-element-0f18c5c e-flex e-con-boxed e-con e-parent\" data-id=\"0f18c5c\" data-element_type=\"container\" data-settings=\"{&quot;background_background&quot;:&quot;classic&quot;}\">\n\t\t\t\t\t<div class=\"e-con-inner\">\n\t\t\t\t<div class=\"elementor-element elementor-element-165dfa4 elementor-widget elementor-widget-text-editor\" data-id=\"165dfa4\" data-element_type=\"widget\" data-widget_type=\"text-editor.default\">\n\t\t\t\t<div class=\"elementor-widget-container\">\n\t\t\t\t\t\t\t\t\t<p>Disse vilk\u00e5rene regulerer din tilgang til og bruk av alt innhold, produkter og tjenester tilgjengelig p\u00e5 Zap4kTv-nettstedet (&quot;tjenesten&quot;) som drives av Zap4kTv (&quot;vi&quot;, &quot;oss&quot; eller &quot;v\u00e5r&quot;).<\/p><p>Din tilgang til tjenestene v\u00e5re er underlagt din aksept, uten endringer, av alle vilk\u00e5rene og betingelsene her og alle andre driftsregler og retningslinjer som vi publiserer eller kan publisere i fremtiden.<\/p><p>Vennligst les denne avtalen n\u00f8ye f\u00f8r du f\u00e5r tilgang til eller bruker tjenestene v\u00e5re. Ved \u00e5 f\u00e5 tilgang til eller bruke noen del av v\u00e5re tjenester, godtar du \u00e5 v\u00e6re bundet av disse vilk\u00e5rene. Hvis du ikke godtar noen del av avtalen, kan du ikke f\u00e5 tilgang til eller bruke tjenestene v\u00e5re.<\/p><p><strong>Immaterielle rettigheter<\/strong><br \/>Denne avtalen overf\u00f8rer ikke noen av v\u00e5re eller noen tredjeparts immaterielle rettigheter til deg. Alle rettigheter, titler og interesser i slik eiendom forblir utelukkende hos Zap4kTv og dets lisensgivere.<\/p><p><strong>Tredjepartstjenester<\/strong><br \/>Tjenestene v\u00e5re kan omfatte bruk av tredjepartstjenester, produkter, programvare, innebygginger eller applikasjoner (&quot;tredjepartstjenester&quot;).<\/p><ul><li>Bruk av tredjepartstjenester er p\u00e5 egen risiko, og vi er ikke ansvarlige eller ansvarlige for slike tjenester.<\/li><li>Du erkjenner at vi ikke er ansvarlige for skader eller tap for\u00e5rsaket av eller relatert til din bruk av tredjepartstjenester.<\/li><\/ul><p><strong>Kontoer<\/strong><br \/>Hvis tilgang til noen del av tjenestene v\u00e5re krever en konto, godtar du \u00e5 gi fullstendig og n\u00f8yaktig informasjon under registreringen.<\/p><ul><li>Du er alene ansvarlig for aktiviteter under kontoen din og for \u00e5 holde passordet ditt sikkert.<\/li><li>Varsle oss umiddelbart om uautorisert bruk av kontoen din eller sikkerhetsbrudd.<\/li><\/ul><p><strong>Avslutning<\/strong><br \/>Vi kan suspendere eller avslutte din tilgang til tjenestene v\u00e5re n\u00e5r som helst, med eller uten \u00e5rsak eller varsel, med \u00f8yeblikkelig virkning.<br \/>Hvis du \u00f8nsker \u00e5 avslutte kontoen din eller denne avtalen, kan du slutte \u00e5 bruke tjenestene v\u00e5re.<br \/>Bestemmelser som eierrettigheter, garantifraskrivelser, skadesl\u00f8sholdelse og ansvarsbegrensninger vil overleve oppsigelse.<\/p><p><strong>Ansvarsfraskrivelse<\/strong><br \/>Tjenestene v\u00e5re leveres &quot;SOM DE ER&quot; og &quot;SOM TILGJENGELIG.&quot; Zap4kTv og dets lisensgivere fraskriver seg alle garantier, inkludert underforst\u00e5tte garantier for salgbarhet, egnethet for et bestemt form\u00e5l og ikke-krenkelse. Vi garanterer ikke uavbrutt eller feilfri tilgang til v\u00e5re tjenester. Bruk av v\u00e5re tjenester er p\u00e5 eget skj\u00f8nn og risiko.<\/p><p><strong>Jurisdiksjon og gjeldende lov<\/strong><br \/>Med mindre annet kreves ved lov, er denne avtalen og all bruk av tjenestene v\u00e5re underlagt lovene i Marokko. Eventuelle tvister vil bli l\u00f8st i domstolene i Marokko.<\/p><p><strong>Endringer<\/strong><br \/>Zap4kTv forbeholder seg retten til \u00e5 endre eller erstatte disse vilk\u00e5rene n\u00e5r som helst etter eget skj\u00f8nn.<\/p><ul><li>Hvis endringer er vesentlige, vil vi varsle deg via v\u00e5r nettside, e-post eller annen kommunikasjon f\u00f8r endringene trer i kraft.<\/li><li>Hvis du er uenig i endringene, m\u00e5 du slutte \u00e5 bruke tjenestene v\u00e5re innen varselperioden.<\/li><\/ul><p>Ved \u00e5 fortsette \u00e5 bruke tjenestene v\u00e5re etter at endringene trer i kraft, godtar du de nye vilk\u00e5rene.<\/p>\t\t\t\t\t\t\t\t<\/div>\n\t\t\t\t<\/div>\n\t\t\t\t\t<\/div>\n\t\t\t\t<\/div>\n\t\t\t\t<\/div>","protected":false},"excerpt":{"rendered":"<p>Terms Of Use These Terms govern your access to and use of all content, products, and services available at the Zap4kTv website (the &#8220;Service&#8221;) operated by Zap4kTv (&#8220;we,&#8221; &#8220;us,&#8221; or &#8220;our&#8221;). Your access to our services is subject to your acceptance, without modification, of all the terms and conditions contained herein and all other operating [&hellip;]<\/p>","protected":false},"author":2,"featured_media":0,"parent":0,"menu_order":0,"comment_status":"closed","ping_status":"closed","template":"","meta":{"footnotes":""},"class_list":["post-3244","page","type-page","status-publish","hentry"],"blocksy_meta":{"page_title_panel":"","has_hero_section":"disabled","24a716533436107933a52363f5ab8f7e":"","hero_section":"type-1","hero_elements":[{"id":"custom_title","enabled":true,"heading_tag":"h1","title":"Hjem"},{"id":"custom_description","enabled":true,"description_visibility":{"desktop":true,"tablet":true,"mobile":false}},{"id":"custom_meta","enabled":false,"meta_elements":[{"id":"author","enabled":true,"label":"By","has_author_avatar":"yes","avatar_size":25},{"id":"post_date","enabled":true,"label":"On","date_format_source":"default","date_format":"M j, Y"},{"id":"updated_date","enabled":false,"label":"On","date_format_source":"default","date_format":"M j, Y"},{"id":"categories","enabled":false,"label":"In","style":"simple"},{"id":"comments","enabled":true}],"page_meta_elements":{"joined":true,"articles_count":true,"comments":true}},{"id":"breadcrumbs","enabled":false}],"6ffd2d564cf7a86fa37232a3f7cf19a3":"","hero_alignment1":"CT_CSS_SKIP_RULE","hero_margin":40,"hero_alignment2":"center","hero_vertical_alignment":"center","3aca50897909981e61e36bfa22b0d995":"","hero_structure":"narrow","41bf9b501568498c842f1e2e55fa051a":"","page_title_bg_type":"featured_image","custom_hero_background":{"attachment_id":null},"page_title_image_size":"full","parallax":{"desktop":false,"tablet":false,"mobile":false},"26c4c92295fdc3dff318d145205ecb1b":"","hero_height":"250px","pageTitleFont":{"family":"Default","variation":"Default","size":"30px","line-height":"CT_CSS_SKIP_RULE","letter-spacing":"CT_CSS_SKIP_RULE","text-transform":"CT_CSS_SKIP_RULE","text-decoration":"CT_CSS_SKIP_RULE"},"pageTitleFontColor":{"default":{"color":"CT_CSS_SKIP_RULEDEFAULT"}},"pageMetaFont":{"family":"Default","variation":"n6","size":"12px","line-height":"1.3","letter-spacing":"CT_CSS_SKIP_RULE","text-transform":"uppercase","text-decoration":"CT_CSS_SKIP_RULE"},"pageMetaFontColor":{"default":{"color":"CT_CSS_SKIP_RULEDEFAULT"},"hover":{"color":"CT_CSS_SKIP_RULEDEFAULT"}},"page_meta_button_type_font_colors":{"default":{"color":"CT_CSS_SKIP_RULEDEFAULT"},"hover":{"color":"CT_CSS_SKIP_RULEDEFAULT"}},"page_meta_button_type_background_colors":{"default":{"color":"CT_CSS_SKIP_RULEDEFAULT"},"hover":{"color":"CT_CSS_SKIP_RULEDEFAULT"}},"pageExcerptFont":{"family":"Default","variation":"Default","size":"CT_CSS_SKIP_RULE","line-height":"CT_CSS_SKIP_RULE","letter-spacing":"CT_CSS_SKIP_RULE","text-transform":"CT_CSS_SKIP_RULE","text-decoration":"CT_CSS_SKIP_RULE"},"pageExcerptColor":{"default":{"color":"CT_CSS_SKIP_RULEDEFAULT"}},"breadcrumbsFont":{"family":"Default","variation":"Default","size":"CT_CSS_SKIP_RULE","line-height":"CT_CSS_SKIP_RULE","letter-spacing":"CT_CSS_SKIP_RULE","text-transform":"CT_CSS_SKIP_RULE","text-decoration":"CT_CSS_SKIP_RULE"},"breadcrumbsFontColor":{"default":{"color":"CT_CSS_SKIP_RULEDEFAULT"},"initial":{"color":"CT_CSS_SKIP_RULEDEFAULT"},"hover":{"color":"CT_CSS_SKIP_RULEDEFAULT"}},"pageTitleOverlay":{"background_type":"color","background_pattern":"type-1","background_image":{"attachment_id":null,"x":0,"y":0},"gradient":"linear-gradient(135deg,rgba(6,147,227,1) 0%,rgb(155,81,224) 100%)","background_repeat":"repeat","background_size":"auto","background_attachment":"scroll","patternColor":{"default":{"color":"#e5e7ea"}},"overlayColor":{"default":{"color":"CT_CSS_SKIP_RULE"}},"backgroundColor":{"default":{"color":"CT_CSS_SKIP_RULE"}}},"pageTitleBackground":{"background_type":"color","background_pattern":"type-1","background_image":{"attachment_id":null,"x":0,"y":0},"gradient":"linear-gradient(135deg,rgba(6,147,227,1) 0%,rgb(155,81,224) 100%)","background_repeat":"repeat","background_size":"auto","background_attachment":"scroll","patternColor":{"default":{"color":"#e5e7ea"}},"overlayColor":{"default":{"color":"CT_CSS_SKIP_RULE"}},"backgroundColor":{"default":{"color":"var(--theme-palette-color-6)"}}},"pageTitlePadding":{"top":"50px","bottom":"50px","left":"auto","right":"auto","linked":true},"a0794c1dc283c4ded9a39189a9306047":"","page_structure_type":"default","7471d577b0186ec57603ee093a45bb67":"","content_style_source":"inherit","content_style":"wide","vertical_spacing_source":"custom","content_area_spacing":"none","background":{"background_type":"color","background_pattern":"type-1","background_image":{"attachment_id":null,"x":0,"y":0},"gradient":"linear-gradient(135deg,rgba(6,147,227,1) 0%,rgb(155,81,224) 100%)","background_repeat":"repeat","background_size":"auto","background_attachment":"scroll","patternColor":{"default":{"color":"#e5e7ea"}},"overlayColor":{"default":{"color":"CT_CSS_SKIP_RULE"}},"backgroundColor":{"default":{"color":"CT_CSS_SKIP_RULE"}}},"content_background":{"background_type":"color","background_pattern":"type-1","background_image":{"attachment_id":null,"x":0,"y":0},"gradient":"linear-gradient(135deg,rgba(6,147,227,1) 0%,rgb(155,81,224) 100%)","background_repeat":"repeat","background_size":"auto","background_attachment":"scroll","patternColor":{"default":{"color":"#e5e7ea"}},"overlayColor":{"default":{"color":"CT_CSS_SKIP_RULE"}},"backgroundColor":{"default":{"color":"var(--theme-palette-color-8)"}}},"content_boxed_shadow":{"inherit":false,"blur":18,"spread":-6,"v_offset":12,"h_offset":0,"inset":false,"enable":true,"color":{"color":"rgba(34, 56, 101, 0.04)"}},"content_boxed_border":{"width":1,"style":"none","color":{"color":"rgba(44,62,80,0.2)"}},"content_boxed_radius":{"top":"3px","bottom":"3px","left":"3px","right":"3px","linked":true},"boxed_content_spacing":{"desktop":{"top":"40px","bottom":"40px","left":"40px","right":"40px","linked":true},"tablet":{"top":"35px","bottom":"35px","left":"35px","right":"35px","linked":true},"mobile":{"top":"20px","bottom":"20px","left":"20px","right":"20px","linked":true}},"745dac3c11a60e777d75e63a71e0acf3":"","disable_featured_image":"no","disable_share_box":"no","disable_header":"no","disable_footer":"no","styles_descriptor":{"styles":{"desktop":"","tablet":"","mobile":""},"google_fonts":[],"version":6}},"yoast_head":"<!-- This site is optimized with the Yoast SEO Premium plugin v24.0 (Yoast SEO v24.1) - https:\/\/yoast.com\/wordpress\/plugins\/seo\/ -->\n<title>Terms Of Use - Zap4kTv - Best IPTV Subscription Service 2025<\/title>\n<meta name=\"robots\" content=\"index, follow, max-snippet:-1, max-image-preview:large, max-video-preview:-1\" \/>\n<link rel=\"canonical\" href=\"https:\/\/zap4ktv.com\/nb\/vilkar-for-bruk\/\" \/>\n<meta property=\"og:locale\" content=\"nb_NO\" \/>\n<meta property=\"og:type\" content=\"article\" \/>\n<meta property=\"og:title\" content=\"Terms Of Use\" \/>\n<meta property=\"og:description\" content=\"Terms Of Use These Terms govern your access to and use of all content, products, and services available at the Zap4kTv website (the &#8220;Service&#8221;) operated by Zap4kTv (&#8220;we,&#8221; &#8220;us,&#8221; or &#8220;our&#8221;). Your access to our services is subject to your acceptance, without modification, of all the terms and conditions contained herein and all other operating [&hellip;]\" \/>\n<meta property=\"og:url\" content=\"https:\/\/zap4ktv.com\/nb\/vilkar-for-bruk\/\" \/>\n<meta property=\"og:site_name\" content=\"Zap4kTv - Best IPTV Subscription Service 2025\" \/>\n<meta property=\"article:modified_time\" content=\"2024-12-05T15:47:58+00:00\" \/>\n<meta name=\"twitter:card\" content=\"summary_large_image\" \/>\n<meta name=\"twitter:label1\" content=\"Ansl. lesetid\" \/>\n\t<meta name=\"twitter:data1\" content=\"2 minutter\" \/>\n<script type=\"application\/ld+json\" class=\"yoast-schema-graph\">{\"@context\":\"https:\/\/schema.org\",\"@graph\":[{\"@type\":\"WebPage\",\"@id\":\"https:\/\/zap4ktv.com\/terms-of-use\/\",\"url\":\"https:\/\/zap4ktv.com\/terms-of-use\/\",\"name\":\"Terms Of Use - Zap4kTv - Best IPTV Subscription Service 2025\",\"isPartOf\":{\"@id\":\"https:\/\/zap4ktv.com\/#website\"},\"datePublished\":\"2023-05-17T20:07:24+00:00\",\"dateModified\":\"2024-12-05T15:47:58+00:00\",\"breadcrumb\":{\"@id\":\"https:\/\/zap4ktv.com\/terms-of-use\/#breadcrumb\"},\"inLanguage\":\"nb-NO\",\"potentialAction\":[{\"@type\":\"ReadAction\",\"target\":[\"https:\/\/zap4ktv.com\/terms-of-use\/\"]}]},{\"@type\":\"BreadcrumbList\",\"@id\":\"https:\/\/zap4ktv.com\/terms-of-use\/#breadcrumb\",\"itemListElement\":[{\"@type\":\"ListItem\",\"position\":1,\"name\":\"Home\",\"item\":\"https:\/\/zap4ktv.com\/\"},{\"@type\":\"ListItem\",\"position\":2,\"name\":\"Terms Of Use\"}]},{\"@type\":\"WebSite\",\"@id\":\"https:\/\/zap4ktv.com\/#website\",\"url\":\"https:\/\/zap4ktv.com\/\",\"name\":\"Zap4kTv - Best IPTV Subscription Service 2025\",\"description\":\"Top IPTV Subscription Provider in 2025\",\"publisher\":{\"@id\":\"https:\/\/zap4ktv.com\/#organization\"},\"potentialAction\":[{\"@type\":\"SearchAction\",\"target\":{\"@type\":\"EntryPoint\",\"urlTemplate\":\"https:\/\/zap4ktv.com\/?s={search_term_string}\"},\"query-input\":{\"@type\":\"PropertyValueSpecification\",\"valueRequired\":true,\"valueName\":\"search_term_string\"}}],\"inLanguage\":\"nb-NO\"},{\"@type\":\"Organization\",\"@id\":\"https:\/\/zap4ktv.com\/#organization\",\"name\":\"Zap4kTv - Best IPTV Subscription Service 2025\",\"url\":\"https:\/\/zap4ktv.com\/\",\"logo\":{\"@type\":\"ImageObject\",\"inLanguage\":\"nb-NO\",\"@id\":\"https:\/\/zap4ktv.com\/#\/schema\/logo\/image\/\",\"url\":\"https:\/\/ml6f5dkbciyx.i.optimole.com\/w:auto\/h:auto\/q:mauto\/ig:avif\/https:\/\/zap4ktv.com\/wp-content\/uploads\/2024\/12\/Design-sans-titre-13.png\",\"contentUrl\":\"https:\/\/ml6f5dkbciyx.i.optimole.com\/w:auto\/h:auto\/q:mauto\/ig:avif\/https:\/\/zap4ktv.com\/wp-content\/uploads\/2024\/12\/Design-sans-titre-13.png\",\"width\":1080,\"height\":1080,\"caption\":\"Zap4kTv - Best IPTV Subscription Service 2025\"},\"image\":{\"@id\":\"https:\/\/zap4ktv.com\/#\/schema\/logo\/image\/\"}}]}<\/script>\n<!-- \/ Yoast SEO Premium plugin. -->","yoast_head_json":{"title":"Terms Of Use - Zap4kTv - Best IPTV Subscription Service 2025","robots":{"index":"index","follow":"follow","max-snippet":"max-snippet:-1","max-image-preview":"max-image-preview:large","max-video-preview":"max-video-preview:-1"},"canonical":"https:\/\/zap4ktv.com\/nb\/vilkar-for-bruk\/","og_locale":"nb_NO","og_type":"article","og_title":"Terms Of Use","og_description":"Terms Of Use These Terms govern your access to and use of all content, products, and services available at the Zap4kTv website (the &#8220;Service&#8221;) operated by Zap4kTv (&#8220;we,&#8221; &#8220;us,&#8221; or &#8220;our&#8221;). Your access to our services is subject to your acceptance, without modification, of all the terms and conditions contained herein and all other operating [&hellip;]","og_url":"https:\/\/zap4ktv.com\/nb\/vilkar-for-bruk\/","og_site_name":"Zap4kTv - Best IPTV Subscription Service 2025","article_modified_time":"2024-12-05T15:47:58+00:00","twitter_card":"summary_large_image","twitter_misc":{"Ansl. lesetid":"2 minutter"},"schema":{"@context":"https:\/\/schema.org","@graph":[{"@type":"WebPage","@id":"https:\/\/zap4ktv.com\/terms-of-use\/","url":"https:\/\/zap4ktv.com\/terms-of-use\/","name":"Terms Of Use - Zap4kTv - Best IPTV Subscription Service 2025","isPartOf":{"@id":"https:\/\/zap4ktv.com\/#website"},"datePublished":"2023-05-17T20:07:24+00:00","dateModified":"2024-12-05T15:47:58+00:00","breadcrumb":{"@id":"https:\/\/zap4ktv.com\/terms-of-use\/#breadcrumb"},"inLanguage":"nb-NO","potentialAction":[{"@type":"ReadAction","target":["https:\/\/zap4ktv.com\/terms-of-use\/"]}]},{"@type":"BreadcrumbList","@id":"https:\/\/zap4ktv.com\/terms-of-use\/#breadcrumb","itemListElement":[{"@type":"ListItem","position":1,"name":"Home","item":"https:\/\/zap4ktv.com\/"},{"@type":"ListItem","position":2,"name":"Terms Of Use"}]},{"@type":"WebSite","@id":"https:\/\/zap4ktv.com\/#website","url":"https:\/\/zap4ktv.com\/","name":"Zap4kTv - Beste IPTV-abonnementstjeneste 2025","description":"Topp IPTV-abonnementsleverand\u00f8r i 2025","publisher":{"@id":"https:\/\/zap4ktv.com\/#organization"},"potentialAction":[{"@type":"SearchAction","target":{"@type":"EntryPoint","urlTemplate":"https:\/\/zap4ktv.com\/?s={search_term_string}"},"query-input":{"@type":"PropertyValueSpecification","valueRequired":true,"valueName":"search_term_string"}}],"inLanguage":"nb-NO"},{"@type":"Organization","@id":"https:\/\/zap4ktv.com\/#organization","name":"Zap4kTv - Beste IPTV-abonnementstjeneste 2025","url":"https:\/\/zap4ktv.com\/","logo":{"@type":"ImageObject","inLanguage":"nb-NO","@id":"https:\/\/zap4ktv.com\/#\/schema\/logo\/image\/","url":"https:\/\/ml6f5dkbciyx.i.optimole.com\/w:auto\/h:auto\/q:mauto\/ig:avif\/https:\/\/zap4ktv.com\/wp-content\/uploads\/2024\/12\/Design-sans-titre-13.png","contentUrl":"https:\/\/ml6f5dkbciyx.i.optimole.com\/w:auto\/h:auto\/q:mauto\/ig:avif\/https:\/\/zap4ktv.com\/wp-content\/uploads\/2024\/12\/Design-sans-titre-13.png","width":1080,"height":1080,"caption":"Zap4kTv - Best IPTV Subscription Service 2025"},"image":{"@id":"https:\/\/zap4ktv.com\/#\/schema\/logo\/image\/"}}]}},"jetpack_sharing_enabled":true,"_links":{"self":[{"href":"https:\/\/zap4ktv.com\/nb\/wp-json\/wp\/v2\/pages\/3244","targetHints":{"allow":["GET"]}}],"collection":[{"href":"https:\/\/zap4ktv.com\/nb\/wp-json\/wp\/v2\/pages"}],"about":[{"href":"https:\/\/zap4ktv.com\/nb\/wp-json\/wp\/v2\/types\/page"}],"author":[{"embeddable":true,"href":"https:\/\/zap4ktv.com\/nb\/wp-json\/wp\/v2\/users\/2"}],"replies":[{"embeddable":true,"href":"https:\/\/zap4ktv.com\/nb\/wp-json\/wp\/v2\/comments?post=3244"}],"version-history":[{"count":13,"href":"https:\/\/zap4ktv.com\/nb\/wp-json\/wp\/v2\/pages\/3244\/revisions"}],"predecessor-version":[{"id":3970,"href":"https:\/\/zap4ktv.com\/nb\/wp-json\/wp\/v2\/pages\/3244\/revisions\/3970"}],"wp:attachment":[{"href":"https:\/\/zap4ktv.com\/nb\/wp-json\/wp\/v2\/media?parent=3244"}],"curies":[{"name":"wp","href":"https:\/\/api.w.org\/{rel}","templated":true}]}}