{"id":3249,"date":"2023-05-17T20:08:56","date_gmt":"2023-05-17T20:08:56","guid":{"rendered":"https:\/\/ipsmarty.store\/?page_id=3249"},"modified":"2024-12-05T16:12:55","modified_gmt":"2024-12-05T16:12:55","slug":"gdpr","status":"publish","type":"page","link":"https:\/\/zap4ktv.com\/nb\/gdpr\/","title":{"rendered":"GDPR"},"content":{"rendered":"<div data-elementor-type=\"wp-page\" data-elementor-id=\"3249\" class=\"elementor elementor-3249\">\n\t\t\t\t<div class=\"elementor-element elementor-element-df2fe9e e-flex e-con-boxed e-con e-parent\" data-id=\"df2fe9e\" data-element_type=\"container\" data-settings=\"{&quot;background_background&quot;:&quot;classic&quot;}\">\n\t\t\t\t\t<div class=\"e-con-inner\">\n\t\t\t\t<div class=\"elementor-element elementor-element-8d9e6bd elementor-widget elementor-widget-heading\" data-id=\"8d9e6bd\" data-element_type=\"widget\" data-widget_type=\"heading.default\">\n\t\t\t\t<div class=\"elementor-widget-container\">\n\t\t\t\t\t<h2 class=\"elementor-heading-title elementor-size-default\">GDPR-policy<\/h2>\t\t\t\t<\/div>\n\t\t\t\t<\/div>\n\t\t\t\t\t<\/div>\n\t\t\t\t<\/div>\n\t\t<div class=\"elementor-element elementor-element-0f18c5c e-flex e-con-boxed e-con e-parent\" data-id=\"0f18c5c\" data-element_type=\"container\" data-settings=\"{&quot;background_background&quot;:&quot;classic&quot;}\">\n\t\t\t\t\t<div class=\"e-con-inner\">\n\t\t\t\t<div class=\"elementor-element elementor-element-165dfa4 elementor-widget elementor-widget-text-editor\" data-id=\"165dfa4\" data-element_type=\"widget\" data-widget_type=\"text-editor.default\">\n\t\t\t\t<div class=\"elementor-widget-container\">\n\t\t\t\t\t\t\t\t\t<p>Hos Zap4kTv.com, tilgjengelig fra Zap4kTv.com, er beskyttelse av bes\u00f8kendes personvern en av v\u00e5re toppprioriteringer. Denne personvernerkl\u00e6ringen beskriver hvilke typer informasjon vi samler inn og registrerer p\u00e5 Zap4kTv.com og hvordan vi bruker den.<\/p><p>Hvis du har flere sp\u00f8rsm\u00e5l eller trenger mer informasjon om v\u00e5re retningslinjer for personvern, kan du gjerne kontakte oss.<\/p><p><strong>General Data Protection Regulation (GDPR)<\/strong><br \/>Vi fungerer som behandlingsansvarlig for dine personopplysninger. V\u00e5rt juridiske grunnlag for \u00e5 samle inn og bruke personopplysninger avhenger av den spesifikke informasjonen og konteksten:<\/p><ul><li>Zap4kTv m\u00e5 oppfylle en kontrakt med deg.<\/li><li>Du har gitt Zap4kTv tillatelse til \u00e5 bruke informasjonen din.<\/li><li>Behandling av informasjonen din stemmer overens med Zap4kTvs legitime interesser.<\/li><li>Zap4kTv m\u00e5 overholde juridiske forpliktelser.<\/li><\/ul><p>Vi vil bare beholde din personlige informasjon s\u00e5 lenge det er n\u00f8dvendig for form\u00e5lene som er beskrevet i denne personvernerkl\u00e6ringen, inkludert overholdelse av juridiske forpliktelser, tvistel\u00f8sning og h\u00e5ndheving av retningslinjene v\u00e5re.<\/p><p>Hvis du er bosatt i det europeiske \u00f8konomiske samarbeidsomr\u00e5det (E\u00d8S), har du spesifikke rettigheter ang\u00e5ende dataene dine. For \u00e5 vite hvilken personlig informasjon vi har om deg eller for \u00e5 be om fjerning, vennligst kontakt oss. Dine rettigheter inkluderer:<\/p><ul><li>F\u00e5 tilgang til, oppdatering eller sletting av informasjonen din.<\/li><li>Retting av un\u00f8yaktige data.<\/li><li>Innsigelse mot databehandling.<\/li><li>Begrenser databruk.<\/li><li>Dataportabilitet.<\/li><li>\u00c5 trekke tilbake samtykke.<\/li><\/ul><p><strong>Loggfiler<\/strong><br \/>Zap4kTv.com f\u00f8lger standard praksis for bruk av loggfiler. Disse filene logger bes\u00f8kende under tilgang til nettstedet og hjelper til med \u00e5 analysere trender, administrere nettstedet, spore brukeratferd og samle inn demografisk informasjon. Loggede data kan inkludere IP-adresser, nettlesertyper, Internett-leverand\u00f8rer, tidsstempler, henvisnings-\/avslutningssider og antall klikk, hvorav ingen er knyttet til identifiserbare individer.<\/p><p><strong>Informasjonskapsler og Web Beacons<\/strong><br \/>Zap4kTv.com bruker informasjonskapsler for \u00e5 lagre bes\u00f8kendes preferanser og spore interaksjoner p\u00e5 nettstedet for \u00e5 forbedre brukeropplevelsen. Informasjonskapsler hjelper til med \u00e5 tilpasse innhold basert p\u00e5 nettlesertyper eller annen informasjon.<\/p><p><strong>Retningslinjer for personvern for annonsepartnere<\/strong><br \/>V\u00e5re annonsepartnere kan bruke informasjonskapsler, JavaScript eller web-beacons i sine annonser og lenker p\u00e5 Zap4kTv.com. Disse teknologiene samler inn IP-adressen din for \u00e5 m\u00e5le kampanjeeffektivitet og tilpasse annonser. Zap4kTv.com har ikke tilgang til eller kontroll over tredjeparts informasjonskapsler.<\/p><p><strong>Tredjeparts retningslinjer for personvern<\/strong><br \/>Zap4kTv.coms personvernerkl\u00e6ring dekker ikke tredjeparts annons\u00f8rer eller nettsteder. Vi anbefaler at du gjennomg\u00e5r personvernreglene deres for detaljerte fremgangsm\u00e5ter og instruksjoner om bortvalg. Du kan administrere informasjonskapselpreferanser gjennom nettleserinnstillingene.<\/p><p><strong>Barnas informasjon<\/strong><br \/>\u00c5 beskytte barn p\u00e5 nett er viktig for oss. Vi oppfordrer foreldre og foresatte til \u00e5 overv\u00e5ke barnas aktiviteter p\u00e5 nett. Zap4kTv.com samler ikke bevisst inn personlig identifiserbar informasjon fra barn under 13. Hvis du mener at barnet ditt har gitt slik informasjon, vennligst kontakt oss umiddelbart, og vi vil umiddelbart fjerne den fra registrene v\u00e5re.<\/p><p><strong>Omfang av personvernregler p\u00e5 nett<\/strong><br \/>Denne personvernerkl\u00e6ringen gjelder utelukkende for online aktiviteter p\u00e5 Zap4kTv.com og gjelder informasjon som deles eller samles inn via nettstedet v\u00e5rt. Den dekker ikke offline datainnsamling eller andre kanaler.<\/p><p><strong>Tillatelse<\/strong><br \/>Ved \u00e5 bruke nettstedet v\u00e5rt samtykker du til v\u00e5r personvernerkl\u00e6ring og godtar vilk\u00e5rene.<\/p>\t\t\t\t\t\t\t\t<\/div>\n\t\t\t\t<\/div>\n\t\t\t\t\t<\/div>\n\t\t\t\t<\/div>\n\t\t\t\t<\/div>","protected":false},"excerpt":{"rendered":"<p>GDPR Policy At Zap4kTv.com, accessible from Zap4kTv.com, protecting our visitors&#8217; privacy is one of our top priorities. This Privacy Policy outlines the types of information we collect and record at Zap4kTv.com and how we use it. If you have additional questions or need further information about our Privacy Policy, please feel free to contact us. [&hellip;]<\/p>","protected":false},"author":2,"featured_media":0,"parent":0,"menu_order":0,"comment_status":"closed","ping_status":"closed","template":"","meta":{"footnotes":""},"class_list":["post-3249","page","type-page","status-publish","hentry"],"blocksy_meta":{"page_title_panel":"","has_hero_section":"disabled","24a716533436107933a52363f5ab8f7e":"","hero_section":"type-1","hero_elements":[{"id":"custom_title","enabled":true,"heading_tag":"h1","title":"Hjem"},{"id":"custom_description","enabled":true,"description_visibility":{"desktop":true,"tablet":true,"mobile":false}},{"id":"custom_meta","enabled":false,"meta_elements":[{"id":"author","enabled":true,"label":"By","has_author_avatar":"yes","avatar_size":25},{"id":"post_date","enabled":true,"label":"On","date_format_source":"default","date_format":"M j, Y"},{"id":"updated_date","enabled":false,"label":"On","date_format_source":"default","date_format":"M j, Y"},{"id":"categories","enabled":false,"label":"In","style":"simple"},{"id":"comments","enabled":true}],"page_meta_elements":{"joined":true,"articles_count":true,"comments":true}},{"id":"breadcrumbs","enabled":false}],"6ffd2d564cf7a86fa37232a3f7cf19a3":"","hero_alignment1":"CT_CSS_SKIP_RULE","hero_margin":40,"hero_alignment2":"center","hero_vertical_alignment":"center","3aca50897909981e61e36bfa22b0d995":"","hero_structure":"narrow","41bf9b501568498c842f1e2e55fa051a":"","page_title_bg_type":"featured_image","custom_hero_background":{"attachment_id":null},"page_title_image_size":"full","parallax":{"desktop":false,"tablet":false,"mobile":false},"26c4c92295fdc3dff318d145205ecb1b":"","hero_height":"250px","pageTitleFont":{"family":"Default","variation":"Default","size":"30px","line-height":"CT_CSS_SKIP_RULE","letter-spacing":"CT_CSS_SKIP_RULE","text-transform":"CT_CSS_SKIP_RULE","text-decoration":"CT_CSS_SKIP_RULE"},"pageTitleFontColor":{"default":{"color":"CT_CSS_SKIP_RULEDEFAULT"}},"pageMetaFont":{"family":"Default","variation":"n6","size":"12px","line-height":"1.3","letter-spacing":"CT_CSS_SKIP_RULE","text-transform":"uppercase","text-decoration":"CT_CSS_SKIP_RULE"},"pageMetaFontColor":{"default":{"color":"CT_CSS_SKIP_RULEDEFAULT"},"hover":{"color":"CT_CSS_SKIP_RULEDEFAULT"}},"page_meta_button_type_font_colors":{"default":{"color":"CT_CSS_SKIP_RULEDEFAULT"},"hover":{"color":"CT_CSS_SKIP_RULEDEFAULT"}},"page_meta_button_type_background_colors":{"default":{"color":"CT_CSS_SKIP_RULEDEFAULT"},"hover":{"color":"CT_CSS_SKIP_RULEDEFAULT"}},"pageExcerptFont":{"family":"Default","variation":"Default","size":"CT_CSS_SKIP_RULE","line-height":"CT_CSS_SKIP_RULE","letter-spacing":"CT_CSS_SKIP_RULE","text-transform":"CT_CSS_SKIP_RULE","text-decoration":"CT_CSS_SKIP_RULE"},"pageExcerptColor":{"default":{"color":"CT_CSS_SKIP_RULEDEFAULT"}},"breadcrumbsFont":{"family":"Default","variation":"Default","size":"CT_CSS_SKIP_RULE","line-height":"CT_CSS_SKIP_RULE","letter-spacing":"CT_CSS_SKIP_RULE","text-transform":"CT_CSS_SKIP_RULE","text-decoration":"CT_CSS_SKIP_RULE"},"breadcrumbsFontColor":{"default":{"color":"CT_CSS_SKIP_RULEDEFAULT"},"initial":{"color":"CT_CSS_SKIP_RULEDEFAULT"},"hover":{"color":"CT_CSS_SKIP_RULEDEFAULT"}},"pageTitleOverlay":{"background_type":"color","background_pattern":"type-1","background_image":{"attachment_id":null,"x":0,"y":0},"gradient":"linear-gradient(135deg,rgba(6,147,227,1) 0%,rgb(155,81,224) 100%)","background_repeat":"repeat","background_size":"auto","background_attachment":"scroll","patternColor":{"default":{"color":"#e5e7ea"}},"overlayColor":{"default":{"color":"CT_CSS_SKIP_RULE"}},"backgroundColor":{"default":{"color":"CT_CSS_SKIP_RULE"}}},"pageTitleBackground":{"background_type":"color","background_pattern":"type-1","background_image":{"attachment_id":null,"x":0,"y":0},"gradient":"linear-gradient(135deg,rgba(6,147,227,1) 0%,rgb(155,81,224) 100%)","background_repeat":"repeat","background_size":"auto","background_attachment":"scroll","patternColor":{"default":{"color":"#e5e7ea"}},"overlayColor":{"default":{"color":"CT_CSS_SKIP_RULE"}},"backgroundColor":{"default":{"color":"var(--theme-palette-color-6)"}}},"pageTitlePadding":{"top":"50px","bottom":"50px","left":"auto","right":"auto","linked":true},"a0794c1dc283c4ded9a39189a9306047":"","page_structure_type":"default","7471d577b0186ec57603ee093a45bb67":"","content_style_source":"inherit","content_style":"wide","vertical_spacing_source":"custom","content_area_spacing":"none","background":{"background_type":"color","background_pattern":"type-1","background_image":{"attachment_id":null,"x":0,"y":0},"gradient":"linear-gradient(135deg,rgba(6,147,227,1) 0%,rgb(155,81,224) 100%)","background_repeat":"repeat","background_size":"auto","background_attachment":"scroll","patternColor":{"default":{"color":"#e5e7ea"}},"overlayColor":{"default":{"color":"CT_CSS_SKIP_RULE"}},"backgroundColor":{"default":{"color":"CT_CSS_SKIP_RULE"}}},"content_background":{"background_type":"color","background_pattern":"type-1","background_image":{"attachment_id":null,"x":0,"y":0},"gradient":"linear-gradient(135deg,rgba(6,147,227,1) 0%,rgb(155,81,224) 100%)","background_repeat":"repeat","background_size":"auto","background_attachment":"scroll","patternColor":{"default":{"color":"#e5e7ea"}},"overlayColor":{"default":{"color":"CT_CSS_SKIP_RULE"}},"backgroundColor":{"default":{"color":"var(--theme-palette-color-8)"}}},"content_boxed_shadow":{"inherit":false,"blur":18,"spread":-6,"v_offset":12,"h_offset":0,"inset":false,"enable":true,"color":{"color":"rgba(34, 56, 101, 0.04)"}},"content_boxed_border":{"width":1,"style":"none","color":{"color":"rgba(44,62,80,0.2)"}},"content_boxed_radius":{"top":"3px","bottom":"3px","left":"3px","right":"3px","linked":true},"boxed_content_spacing":{"desktop":{"top":"40px","bottom":"40px","left":"40px","right":"40px","linked":true},"tablet":{"top":"35px","bottom":"35px","left":"35px","right":"35px","linked":true},"mobile":{"top":"20px","bottom":"20px","left":"20px","right":"20px","linked":true}},"745dac3c11a60e777d75e63a71e0acf3":"","disable_featured_image":"no","disable_share_box":"no","disable_header":"no","disable_footer":"no","styles_descriptor":{"styles":{"desktop":"","tablet":"","mobile":""},"google_fonts":[],"version":6}},"yoast_head":"<!-- This site is optimized with the Yoast SEO Premium plugin v24.0 (Yoast SEO v24.1) - https:\/\/yoast.com\/wordpress\/plugins\/seo\/ -->\n<title>GDPR - Zap4kTv - Best IPTV Subscription Service 2025<\/title>\n<meta name=\"robots\" content=\"index, follow, max-snippet:-1, max-image-preview:large, max-video-preview:-1\" \/>\n<link rel=\"canonical\" href=\"https:\/\/zap4ktv.com\/nb\/gdpr\/\" \/>\n<meta property=\"og:locale\" content=\"nb_NO\" \/>\n<meta property=\"og:type\" content=\"article\" \/>\n<meta property=\"og:title\" content=\"GDPR\" \/>\n<meta property=\"og:description\" content=\"GDPR Policy At Zap4kTv.com, accessible from Zap4kTv.com, protecting our visitors&#8217; privacy is one of our top priorities. This Privacy Policy outlines the types of information we collect and record at Zap4kTv.com and how we use it. If you have additional questions or need further information about our Privacy Policy, please feel free to contact us. [&hellip;]\" \/>\n<meta property=\"og:url\" content=\"https:\/\/zap4ktv.com\/nb\/gdpr\/\" \/>\n<meta property=\"og:site_name\" content=\"Zap4kTv - Best IPTV Subscription Service 2025\" \/>\n<meta property=\"article:modified_time\" content=\"2024-12-05T16:12:55+00:00\" \/>\n<meta name=\"twitter:card\" content=\"summary_large_image\" \/>\n<meta name=\"twitter:label1\" content=\"Ansl. lesetid\" \/>\n\t<meta name=\"twitter:data1\" content=\"2 minutter\" \/>\n<script type=\"application\/ld+json\" class=\"yoast-schema-graph\">{\"@context\":\"https:\/\/schema.org\",\"@graph\":[{\"@type\":\"WebPage\",\"@id\":\"https:\/\/zap4ktv.com\/gdpr\/\",\"url\":\"https:\/\/zap4ktv.com\/gdpr\/\",\"name\":\"GDPR - Zap4kTv - Best IPTV Subscription Service 2025\",\"isPartOf\":{\"@id\":\"https:\/\/zap4ktv.com\/#website\"},\"datePublished\":\"2023-05-17T20:08:56+00:00\",\"dateModified\":\"2024-12-05T16:12:55+00:00\",\"breadcrumb\":{\"@id\":\"https:\/\/zap4ktv.com\/gdpr\/#breadcrumb\"},\"inLanguage\":\"nb-NO\",\"potentialAction\":[{\"@type\":\"ReadAction\",\"target\":[\"https:\/\/zap4ktv.com\/gdpr\/\"]}]},{\"@type\":\"BreadcrumbList\",\"@id\":\"https:\/\/zap4ktv.com\/gdpr\/#breadcrumb\",\"itemListElement\":[{\"@type\":\"ListItem\",\"position\":1,\"name\":\"Home\",\"item\":\"https:\/\/zap4ktv.com\/\"},{\"@type\":\"ListItem\",\"position\":2,\"name\":\"GDPR\"}]},{\"@type\":\"WebSite\",\"@id\":\"https:\/\/zap4ktv.com\/#website\",\"url\":\"https:\/\/zap4ktv.com\/\",\"name\":\"Zap4kTv - Best IPTV Subscription Service 2025\",\"description\":\"Top IPTV Subscription Provider in 2025\",\"publisher\":{\"@id\":\"https:\/\/zap4ktv.com\/#organization\"},\"potentialAction\":[{\"@type\":\"SearchAction\",\"target\":{\"@type\":\"EntryPoint\",\"urlTemplate\":\"https:\/\/zap4ktv.com\/?s={search_term_string}\"},\"query-input\":{\"@type\":\"PropertyValueSpecification\",\"valueRequired\":true,\"valueName\":\"search_term_string\"}}],\"inLanguage\":\"nb-NO\"},{\"@type\":\"Organization\",\"@id\":\"https:\/\/zap4ktv.com\/#organization\",\"name\":\"Zap4kTv - Best IPTV Subscription Service 2025\",\"url\":\"https:\/\/zap4ktv.com\/\",\"logo\":{\"@type\":\"ImageObject\",\"inLanguage\":\"nb-NO\",\"@id\":\"https:\/\/zap4ktv.com\/#\/schema\/logo\/image\/\",\"url\":\"https:\/\/ml6f5dkbciyx.i.optimole.com\/w:auto\/h:auto\/q:mauto\/ig:avif\/https:\/\/zap4ktv.com\/wp-content\/uploads\/2024\/12\/Design-sans-titre-13.png\",\"contentUrl\":\"https:\/\/ml6f5dkbciyx.i.optimole.com\/w:auto\/h:auto\/q:mauto\/ig:avif\/https:\/\/zap4ktv.com\/wp-content\/uploads\/2024\/12\/Design-sans-titre-13.png\",\"width\":1080,\"height\":1080,\"caption\":\"Zap4kTv - Best IPTV Subscription Service 2025\"},\"image\":{\"@id\":\"https:\/\/zap4ktv.com\/#\/schema\/logo\/image\/\"}}]}<\/script>\n<!-- \/ Yoast SEO Premium plugin. -->","yoast_head_json":{"title":"GDPR - Zap4kTv - Best IPTV Subscription Service 2025","robots":{"index":"index","follow":"follow","max-snippet":"max-snippet:-1","max-image-preview":"max-image-preview:large","max-video-preview":"max-video-preview:-1"},"canonical":"https:\/\/zap4ktv.com\/nb\/gdpr\/","og_locale":"nb_NO","og_type":"article","og_title":"GDPR","og_description":"GDPR Policy At Zap4kTv.com, accessible from Zap4kTv.com, protecting our visitors&#8217; privacy is one of our top priorities. This Privacy Policy outlines the types of information we collect and record at Zap4kTv.com and how we use it. If you have additional questions or need further information about our Privacy Policy, please feel free to contact us. [&hellip;]","og_url":"https:\/\/zap4ktv.com\/nb\/gdpr\/","og_site_name":"Zap4kTv - Best IPTV Subscription Service 2025","article_modified_time":"2024-12-05T16:12:55+00:00","twitter_card":"summary_large_image","twitter_misc":{"Ansl. lesetid":"2 minutter"},"schema":{"@context":"https:\/\/schema.org","@graph":[{"@type":"WebPage","@id":"https:\/\/zap4ktv.com\/gdpr\/","url":"https:\/\/zap4ktv.com\/gdpr\/","name":"GDPR - Zap4kTv - Best IPTV Subscription Service 2025","isPartOf":{"@id":"https:\/\/zap4ktv.com\/#website"},"datePublished":"2023-05-17T20:08:56+00:00","dateModified":"2024-12-05T16:12:55+00:00","breadcrumb":{"@id":"https:\/\/zap4ktv.com\/gdpr\/#breadcrumb"},"inLanguage":"nb-NO","potentialAction":[{"@type":"ReadAction","target":["https:\/\/zap4ktv.com\/gdpr\/"]}]},{"@type":"BreadcrumbList","@id":"https:\/\/zap4ktv.com\/gdpr\/#breadcrumb","itemListElement":[{"@type":"ListItem","position":1,"name":"Home","item":"https:\/\/zap4ktv.com\/"},{"@type":"ListItem","position":2,"name":"GDPR"}]},{"@type":"WebSite","@id":"https:\/\/zap4ktv.com\/#website","url":"https:\/\/zap4ktv.com\/","name":"Zap4kTv - Beste IPTV-abonnementstjeneste 2025","description":"Topp IPTV-abonnementsleverand\u00f8r i 2025","publisher":{"@id":"https:\/\/zap4ktv.com\/#organization"},"potentialAction":[{"@type":"SearchAction","target":{"@type":"EntryPoint","urlTemplate":"https:\/\/zap4ktv.com\/?s={search_term_string}"},"query-input":{"@type":"PropertyValueSpecification","valueRequired":true,"valueName":"search_term_string"}}],"inLanguage":"nb-NO"},{"@type":"Organization","@id":"https:\/\/zap4ktv.com\/#organization","name":"Zap4kTv - Beste IPTV-abonnementstjeneste 2025","url":"https:\/\/zap4ktv.com\/","logo":{"@type":"ImageObject","inLanguage":"nb-NO","@id":"https:\/\/zap4ktv.com\/#\/schema\/logo\/image\/","url":"https:\/\/ml6f5dkbciyx.i.optimole.com\/w:auto\/h:auto\/q:mauto\/ig:avif\/https:\/\/zap4ktv.com\/wp-content\/uploads\/2024\/12\/Design-sans-titre-13.png","contentUrl":"https:\/\/ml6f5dkbciyx.i.optimole.com\/w:auto\/h:auto\/q:mauto\/ig:avif\/https:\/\/zap4ktv.com\/wp-content\/uploads\/2024\/12\/Design-sans-titre-13.png","width":1080,"height":1080,"caption":"Zap4kTv - Best IPTV Subscription Service 2025"},"image":{"@id":"https:\/\/zap4ktv.com\/#\/schema\/logo\/image\/"}}]}},"jetpack_sharing_enabled":true,"_links":{"self":[{"href":"https:\/\/zap4ktv.com\/nb\/wp-json\/wp\/v2\/pages\/3249","targetHints":{"allow":["GET"]}}],"collection":[{"href":"https:\/\/zap4ktv.com\/nb\/wp-json\/wp\/v2\/pages"}],"about":[{"href":"https:\/\/zap4ktv.com\/nb\/wp-json\/wp\/v2\/types\/page"}],"author":[{"embeddable":true,"href":"https:\/\/zap4ktv.com\/nb\/wp-json\/wp\/v2\/users\/2"}],"replies":[{"embeddable":true,"href":"https:\/\/zap4ktv.com\/nb\/wp-json\/wp\/v2\/comments?post=3249"}],"version-history":[{"count":13,"href":"https:\/\/zap4ktv.com\/nb\/wp-json\/wp\/v2\/pages\/3249\/revisions"}],"predecessor-version":[{"id":3982,"href":"https:\/\/zap4ktv.com\/nb\/wp-json\/wp\/v2\/pages\/3249\/revisions\/3982"}],"wp:attachment":[{"href":"https:\/\/zap4ktv.com\/nb\/wp-json\/wp\/v2\/media?parent=3249"}],"curies":[{"name":"wp","href":"https:\/\/api.w.org\/{rel}","templated":true}]}}