{"id":4239,"date":"2024-12-07T16:34:07","date_gmt":"2024-12-07T16:34:07","guid":{"rendered":"https:\/\/zap4ktv.com\/?page_id=4239"},"modified":"2024-12-07T16:34:07","modified_gmt":"2024-12-07T16:34:07","slug":"takk-3-maneder","status":"publish","type":"page","link":"https:\/\/zap4ktv.com\/nb\/takk-3-maneder\/","title":{"rendered":"Takk 3 m\u00e5neder"},"content":{"rendered":"<div data-elementor-type=\"wp-page\" data-elementor-id=\"4239\" class=\"elementor elementor-4239\">\n\t\t\t\t<div class=\"elementor-element elementor-element-b6e1022 e-flex e-con-boxed e-con e-parent\" data-id=\"b6e1022\" data-element_type=\"container\">\n\t\t\t\t\t<div class=\"e-con-inner\">\n\t\t\t\t<div class=\"elementor-element elementor-element-2715303 elementor-view-default elementor-widget elementor-widget-icon\" data-id=\"2715303\" data-element_type=\"widget\" data-widget_type=\"icon.default\">\n\t\t\t\t<div class=\"elementor-widget-container\">\n\t\t\t\t\t\t\t<div class=\"elementor-icon-wrapper\">\n\t\t\t<div class=\"elementor-icon\">\n\t\t\t<i aria-hidden=\"true\" class=\"fas fa-check-circle\"><\/i>\t\t\t<\/div>\n\t\t<\/div>\n\t\t\t\t\t\t<\/div>\n\t\t\t\t<\/div>\n\t\t\t\t\t<\/div>\n\t\t\t\t<\/div>\n\t\t<div class=\"elementor-element elementor-element-df2fe9e e-flex e-con-boxed e-con e-parent\" data-id=\"df2fe9e\" data-element_type=\"container\" data-settings=\"{&quot;background_background&quot;:&quot;classic&quot;}\">\n\t\t\t\t\t<div class=\"e-con-inner\">\n\t\t\t\t<div class=\"elementor-element elementor-element-8d9e6bd elementor-widget elementor-widget-heading\" data-id=\"8d9e6bd\" data-element_type=\"widget\" data-widget_type=\"heading.default\">\n\t\t\t\t<div class=\"elementor-widget-container\">\n\t\t\t\t\t<h2 class=\"elementor-heading-title elementor-size-default\">Takk!<\/h2>\t\t\t\t<\/div>\n\t\t\t\t<\/div>\n\t\t\t\t\t<\/div>\n\t\t\t\t<\/div>\n\t\t<div class=\"elementor-element elementor-element-0f18c5c e-flex e-con-boxed e-con e-parent\" data-id=\"0f18c5c\" data-element_type=\"container\" data-settings=\"{&quot;background_background&quot;:&quot;classic&quot;}\">\n\t\t\t\t\t<div class=\"e-con-inner\">\n\t\t\t\t<div class=\"elementor-element elementor-element-165dfa4 elementor-widget elementor-widget-text-editor\" data-id=\"165dfa4\" data-element_type=\"widget\" data-widget_type=\"text-editor.default\">\n\t\t\t\t<div class=\"elementor-widget-container\">\n\t\t\t\t\t\t\t\t\t<p><strong>Takk for kj\u00f8pet! \ud83c\udf89<\/strong><br \/>Vi er glade for \u00e5 ha deg om bord <strong>Zap4kTV IPTV<\/strong>! Abonnementet ditt blir behandlet, og du vil snart motta alle detaljer.<\/p><p>\u26a1 <strong>Hva skjer videre?<\/strong><\/p><p>Du vil motta en e-post eller WhatsApp-melding med p\u00e5loggingsdetaljer og instruksjoner for \u00e5 komme i gang.<\/p><p>Hvis du har sp\u00f8rsm\u00e5l eller trenger hjelp, ikke n\u00f8l med \u00e5 kontakte supportteamet v\u00e5rt gjennom <b>WhatsApp <a href=\"https:\/\/wa.me\/+447936483720\">(+44 7522 075140)<\/a><\/b>\u00a0<\/p><p>Vi h\u00e5per du nyter det beste innen live sport, filmer og underholdning med tjenesten v\u00e5r!<\/p><p>Takk for at du valgte <strong>Zap4kTV<\/strong><strong>\u00a0IPTV<\/strong>. \ud83d\ude0a<\/p>\t\t\t\t\t\t\t\t<\/div>\n\t\t\t\t<\/div>\n\t\t\t\t\t<\/div>\n\t\t\t\t<\/div>\n\t\t\t\t<\/div>","protected":false},"excerpt":{"rendered":"<p>Thank you ! Thank You for Your Purchase! \ud83c\udf89We\u2019re excited to have you on board with Zap4kTV IPTV! Your subscription is being processed, and you\u2019ll receive all the details shortly. \u26a1 What happens next? You will receive an email or WhatsApp message with your login details and instructions to get started. If you have any [&hellip;]<\/p>","protected":false},"author":2,"featured_media":0,"parent":0,"menu_order":0,"comment_status":"closed","ping_status":"closed","template":"","meta":{"footnotes":""},"class_list":["post-4239","page","type-page","status-publish","hentry"],"blocksy_meta":{"page_title_panel":"","has_hero_section":"disabled","24a716533436107933a52363f5ab8f7e":"","hero_section":"type-1","hero_elements":[{"id":"custom_title","enabled":true,"heading_tag":"h1","title":"Hjem"},{"id":"custom_description","enabled":true,"description_visibility":{"desktop":true,"tablet":true,"mobile":false}},{"id":"custom_meta","enabled":false,"meta_elements":[{"id":"author","enabled":true,"label":"By","has_author_avatar":"yes","avatar_size":25},{"id":"post_date","enabled":true,"label":"On","date_format_source":"default","date_format":"M j, Y"},{"id":"updated_date","enabled":false,"label":"On","date_format_source":"default","date_format":"M j, Y"},{"id":"categories","enabled":false,"label":"In","style":"simple"},{"id":"comments","enabled":true}],"page_meta_elements":{"joined":true,"articles_count":true,"comments":true}},{"id":"breadcrumbs","enabled":false}],"6ffd2d564cf7a86fa37232a3f7cf19a3":"","hero_alignment1":"CT_CSS_SKIP_RULE","hero_margin":40,"hero_alignment2":"center","hero_vertical_alignment":"center","3aca50897909981e61e36bfa22b0d995":"","hero_structure":"narrow","41bf9b501568498c842f1e2e55fa051a":"","page_title_bg_type":"featured_image","custom_hero_background":{"attachment_id":null},"page_title_image_size":"full","parallax":{"desktop":false,"tablet":false,"mobile":false},"26c4c92295fdc3dff318d145205ecb1b":"","hero_height":"250px","pageTitleFont":{"family":"Default","variation":"Default","size":"30px","line-height":"CT_CSS_SKIP_RULE","letter-spacing":"CT_CSS_SKIP_RULE","text-transform":"CT_CSS_SKIP_RULE","text-decoration":"CT_CSS_SKIP_RULE"},"pageTitleFontColor":{"default":{"color":"CT_CSS_SKIP_RULEDEFAULT"}},"pageMetaFont":{"family":"Default","variation":"n6","size":"12px","line-height":"1.3","letter-spacing":"CT_CSS_SKIP_RULE","text-transform":"uppercase","text-decoration":"CT_CSS_SKIP_RULE"},"pageMetaFontColor":{"default":{"color":"CT_CSS_SKIP_RULEDEFAULT"},"hover":{"color":"CT_CSS_SKIP_RULEDEFAULT"}},"page_meta_button_type_font_colors":{"default":{"color":"CT_CSS_SKIP_RULEDEFAULT"},"hover":{"color":"CT_CSS_SKIP_RULEDEFAULT"}},"page_meta_button_type_background_colors":{"default":{"color":"CT_CSS_SKIP_RULEDEFAULT"},"hover":{"color":"CT_CSS_SKIP_RULEDEFAULT"}},"pageExcerptFont":{"family":"Default","variation":"Default","size":"CT_CSS_SKIP_RULE","line-height":"CT_CSS_SKIP_RULE","letter-spacing":"CT_CSS_SKIP_RULE","text-transform":"CT_CSS_SKIP_RULE","text-decoration":"CT_CSS_SKIP_RULE"},"pageExcerptColor":{"default":{"color":"CT_CSS_SKIP_RULEDEFAULT"}},"breadcrumbsFont":{"family":"Default","variation":"Default","size":"CT_CSS_SKIP_RULE","line-height":"CT_CSS_SKIP_RULE","letter-spacing":"CT_CSS_SKIP_RULE","text-transform":"CT_CSS_SKIP_RULE","text-decoration":"CT_CSS_SKIP_RULE"},"breadcrumbsFontColor":{"default":{"color":"CT_CSS_SKIP_RULEDEFAULT"},"initial":{"color":"CT_CSS_SKIP_RULEDEFAULT"},"hover":{"color":"CT_CSS_SKIP_RULEDEFAULT"}},"pageTitleOverlay":{"background_type":"color","background_pattern":"type-1","background_image":{"attachment_id":null,"x":0,"y":0},"gradient":"linear-gradient(135deg,rgba(6,147,227,1) 0%,rgb(155,81,224) 100%)","background_repeat":"repeat","background_size":"auto","background_attachment":"scroll","patternColor":{"default":{"color":"#e5e7ea"}},"overlayColor":{"default":{"color":"CT_CSS_SKIP_RULE"}},"backgroundColor":{"default":{"color":"CT_CSS_SKIP_RULE"}}},"pageTitleBackground":{"background_type":"color","background_pattern":"type-1","background_image":{"attachment_id":null,"x":0,"y":0},"gradient":"linear-gradient(135deg,rgba(6,147,227,1) 0%,rgb(155,81,224) 100%)","background_repeat":"repeat","background_size":"auto","background_attachment":"scroll","patternColor":{"default":{"color":"#e5e7ea"}},"overlayColor":{"default":{"color":"CT_CSS_SKIP_RULE"}},"backgroundColor":{"default":{"color":"var(--theme-palette-color-6)"}}},"pageTitlePadding":{"top":"50px","bottom":"50px","left":"auto","right":"auto","linked":true},"a0794c1dc283c4ded9a39189a9306047":"","page_structure_type":"default","7471d577b0186ec57603ee093a45bb67":"","content_style_source":"inherit","content_style":"wide","vertical_spacing_source":"custom","content_area_spacing":"none","background":{"background_type":"color","background_pattern":"type-1","background_image":{"attachment_id":null,"x":0,"y":0},"gradient":"linear-gradient(135deg,rgba(6,147,227,1) 0%,rgb(155,81,224) 100%)","background_repeat":"repeat","background_size":"auto","background_attachment":"scroll","patternColor":{"default":{"color":"#e5e7ea"}},"overlayColor":{"default":{"color":"CT_CSS_SKIP_RULE"}},"backgroundColor":{"default":{"color":"CT_CSS_SKIP_RULE"}}},"content_background":{"background_type":"color","background_pattern":"type-1","background_image":{"attachment_id":null,"x":0,"y":0},"gradient":"linear-gradient(135deg,rgba(6,147,227,1) 0%,rgb(155,81,224) 100%)","background_repeat":"repeat","background_size":"auto","background_attachment":"scroll","patternColor":{"default":{"color":"#e5e7ea"}},"overlayColor":{"default":{"color":"CT_CSS_SKIP_RULE"}},"backgroundColor":{"default":{"color":"var(--theme-palette-color-8)"}}},"content_boxed_shadow":{"inherit":false,"blur":18,"spread":-6,"v_offset":12,"h_offset":0,"inset":false,"enable":true,"color":{"color":"rgba(34, 56, 101, 0.04)"}},"content_boxed_border":{"width":1,"style":"none","color":{"color":"rgba(44,62,80,0.2)"}},"content_boxed_radius":{"top":"3px","bottom":"3px","left":"3px","right":"3px","linked":true},"boxed_content_spacing":{"desktop":{"top":"40px","bottom":"40px","left":"40px","right":"40px","linked":true},"tablet":{"top":"35px","bottom":"35px","left":"35px","right":"35px","linked":true},"mobile":{"top":"20px","bottom":"20px","left":"20px","right":"20px","linked":true}},"745dac3c11a60e777d75e63a71e0acf3":"","disable_featured_image":"no","disable_share_box":"no","disable_header":"no","disable_footer":"no","styles_descriptor":{"styles":{"desktop":"","tablet":"","mobile":""},"google_fonts":[],"version":6}},"yoast_head":"<!-- This site is optimized with the Yoast SEO Premium plugin v24.0 (Yoast SEO v24.1) - https:\/\/yoast.com\/wordpress\/plugins\/seo\/ -->\n<title>Thank you 3 month - Zap4kTv - Best IPTV Subscription Service 2025<\/title>\n<meta name=\"robots\" content=\"index, follow, max-snippet:-1, max-image-preview:large, max-video-preview:-1\" \/>\n<link rel=\"canonical\" href=\"https:\/\/zap4ktv.com\/nb\/takk-3-maneder\/\" \/>\n<meta property=\"og:locale\" content=\"nb_NO\" \/>\n<meta property=\"og:type\" content=\"article\" \/>\n<meta property=\"og:title\" content=\"Thank you 3 month\" \/>\n<meta property=\"og:description\" content=\"Thank you ! Thank You for Your Purchase! \ud83c\udf89We\u2019re excited to have you on board with Zap4kTV IPTV! Your subscription is being processed, and you\u2019ll receive all the details shortly. \u26a1 What happens next? You will receive an email or WhatsApp message with your login details and instructions to get started. If you have any [&hellip;]\" \/>\n<meta property=\"og:url\" content=\"https:\/\/zap4ktv.com\/nb\/takk-3-maneder\/\" \/>\n<meta property=\"og:site_name\" content=\"Zap4kTv - Best IPTV Subscription Service 2025\" \/>\n<meta name=\"twitter:card\" content=\"summary_large_image\" \/>\n<meta name=\"twitter:label1\" content=\"Ansl. lesetid\" \/>\n\t<meta name=\"twitter:data1\" content=\"1 minutt\" \/>\n<script type=\"application\/ld+json\" class=\"yoast-schema-graph\">{\"@context\":\"https:\/\/schema.org\",\"@graph\":[{\"@type\":\"WebPage\",\"@id\":\"https:\/\/zap4ktv.com\/thank-you-3-month\/\",\"url\":\"https:\/\/zap4ktv.com\/thank-you-3-month\/\",\"name\":\"Thank you 3 month - Zap4kTv - Best IPTV Subscription Service 2025\",\"isPartOf\":{\"@id\":\"https:\/\/zap4ktv.com\/#website\"},\"datePublished\":\"2024-12-07T16:34:07+00:00\",\"dateModified\":\"2024-12-07T16:34:07+00:00\",\"breadcrumb\":{\"@id\":\"https:\/\/zap4ktv.com\/thank-you-3-month\/#breadcrumb\"},\"inLanguage\":\"nb-NO\",\"potentialAction\":[{\"@type\":\"ReadAction\",\"target\":[\"https:\/\/zap4ktv.com\/thank-you-3-month\/\"]}]},{\"@type\":\"BreadcrumbList\",\"@id\":\"https:\/\/zap4ktv.com\/thank-you-3-month\/#breadcrumb\",\"itemListElement\":[{\"@type\":\"ListItem\",\"position\":1,\"name\":\"Home\",\"item\":\"https:\/\/zap4ktv.com\/\"},{\"@type\":\"ListItem\",\"position\":2,\"name\":\"Thank you 3 month\"}]},{\"@type\":\"WebSite\",\"@id\":\"https:\/\/zap4ktv.com\/#website\",\"url\":\"https:\/\/zap4ktv.com\/\",\"name\":\"Zap4kTv - Best IPTV Subscription Service 2025\",\"description\":\"Top IPTV Subscription Provider in 2025\",\"publisher\":{\"@id\":\"https:\/\/zap4ktv.com\/#organization\"},\"potentialAction\":[{\"@type\":\"SearchAction\",\"target\":{\"@type\":\"EntryPoint\",\"urlTemplate\":\"https:\/\/zap4ktv.com\/?s={search_term_string}\"},\"query-input\":{\"@type\":\"PropertyValueSpecification\",\"valueRequired\":true,\"valueName\":\"search_term_string\"}}],\"inLanguage\":\"nb-NO\"},{\"@type\":\"Organization\",\"@id\":\"https:\/\/zap4ktv.com\/#organization\",\"name\":\"Zap4kTv - Best IPTV Subscription Service 2025\",\"url\":\"https:\/\/zap4ktv.com\/\",\"logo\":{\"@type\":\"ImageObject\",\"inLanguage\":\"nb-NO\",\"@id\":\"https:\/\/zap4ktv.com\/#\/schema\/logo\/image\/\",\"url\":\"https:\/\/ml6f5dkbciyx.i.optimole.com\/w:auto\/h:auto\/q:mauto\/ig:avif\/https:\/\/zap4ktv.com\/wp-content\/uploads\/2024\/12\/Design-sans-titre-13.png\",\"contentUrl\":\"https:\/\/ml6f5dkbciyx.i.optimole.com\/w:auto\/h:auto\/q:mauto\/ig:avif\/https:\/\/zap4ktv.com\/wp-content\/uploads\/2024\/12\/Design-sans-titre-13.png\",\"width\":1080,\"height\":1080,\"caption\":\"Zap4kTv - Best IPTV Subscription Service 2025\"},\"image\":{\"@id\":\"https:\/\/zap4ktv.com\/#\/schema\/logo\/image\/\"}}]}<\/script>\n<!-- \/ Yoast SEO Premium plugin. -->","yoast_head_json":{"title":"Thank you 3 month - Zap4kTv - Best IPTV Subscription Service 2025","robots":{"index":"index","follow":"follow","max-snippet":"max-snippet:-1","max-image-preview":"max-image-preview:large","max-video-preview":"max-video-preview:-1"},"canonical":"https:\/\/zap4ktv.com\/nb\/takk-3-maneder\/","og_locale":"nb_NO","og_type":"article","og_title":"Thank you 3 month","og_description":"Thank you ! Thank You for Your Purchase! \ud83c\udf89We\u2019re excited to have you on board with Zap4kTV IPTV! Your subscription is being processed, and you\u2019ll receive all the details shortly. \u26a1 What happens next? You will receive an email or WhatsApp message with your login details and instructions to get started. If you have any [&hellip;]","og_url":"https:\/\/zap4ktv.com\/nb\/takk-3-maneder\/","og_site_name":"Zap4kTv - Best IPTV Subscription Service 2025","twitter_card":"summary_large_image","twitter_misc":{"Ansl. lesetid":"1 minutt"},"schema":{"@context":"https:\/\/schema.org","@graph":[{"@type":"WebPage","@id":"https:\/\/zap4ktv.com\/thank-you-3-month\/","url":"https:\/\/zap4ktv.com\/thank-you-3-month\/","name":"Thank you 3 month - Zap4kTv - Best IPTV Subscription Service 2025","isPartOf":{"@id":"https:\/\/zap4ktv.com\/#website"},"datePublished":"2024-12-07T16:34:07+00:00","dateModified":"2024-12-07T16:34:07+00:00","breadcrumb":{"@id":"https:\/\/zap4ktv.com\/thank-you-3-month\/#breadcrumb"},"inLanguage":"nb-NO","potentialAction":[{"@type":"ReadAction","target":["https:\/\/zap4ktv.com\/thank-you-3-month\/"]}]},{"@type":"BreadcrumbList","@id":"https:\/\/zap4ktv.com\/thank-you-3-month\/#breadcrumb","itemListElement":[{"@type":"ListItem","position":1,"name":"Home","item":"https:\/\/zap4ktv.com\/"},{"@type":"ListItem","position":2,"name":"Thank you 3 month"}]},{"@type":"WebSite","@id":"https:\/\/zap4ktv.com\/#website","url":"https:\/\/zap4ktv.com\/","name":"Zap4kTv - Beste IPTV-abonnementstjeneste 2025","description":"Topp IPTV-abonnementsleverand\u00f8r i 2025","publisher":{"@id":"https:\/\/zap4ktv.com\/#organization"},"potentialAction":[{"@type":"SearchAction","target":{"@type":"EntryPoint","urlTemplate":"https:\/\/zap4ktv.com\/?s={search_term_string}"},"query-input":{"@type":"PropertyValueSpecification","valueRequired":true,"valueName":"search_term_string"}}],"inLanguage":"nb-NO"},{"@type":"Organization","@id":"https:\/\/zap4ktv.com\/#organization","name":"Zap4kTv - Beste IPTV-abonnementstjeneste 2025","url":"https:\/\/zap4ktv.com\/","logo":{"@type":"ImageObject","inLanguage":"nb-NO","@id":"https:\/\/zap4ktv.com\/#\/schema\/logo\/image\/","url":"https:\/\/ml6f5dkbciyx.i.optimole.com\/w:auto\/h:auto\/q:mauto\/ig:avif\/https:\/\/zap4ktv.com\/wp-content\/uploads\/2024\/12\/Design-sans-titre-13.png","contentUrl":"https:\/\/ml6f5dkbciyx.i.optimole.com\/w:auto\/h:auto\/q:mauto\/ig:avif\/https:\/\/zap4ktv.com\/wp-content\/uploads\/2024\/12\/Design-sans-titre-13.png","width":1080,"height":1080,"caption":"Zap4kTv - Best IPTV Subscription Service 2025"},"image":{"@id":"https:\/\/zap4ktv.com\/#\/schema\/logo\/image\/"}}]}},"jetpack_sharing_enabled":true,"_links":{"self":[{"href":"https:\/\/zap4ktv.com\/nb\/wp-json\/wp\/v2\/pages\/4239","targetHints":{"allow":["GET"]}}],"collection":[{"href":"https:\/\/zap4ktv.com\/nb\/wp-json\/wp\/v2\/pages"}],"about":[{"href":"https:\/\/zap4ktv.com\/nb\/wp-json\/wp\/v2\/types\/page"}],"author":[{"embeddable":true,"href":"https:\/\/zap4ktv.com\/nb\/wp-json\/wp\/v2\/users\/2"}],"replies":[{"embeddable":true,"href":"https:\/\/zap4ktv.com\/nb\/wp-json\/wp\/v2\/comments?post=4239"}],"version-history":[{"count":1,"href":"https:\/\/zap4ktv.com\/nb\/wp-json\/wp\/v2\/pages\/4239\/revisions"}],"predecessor-version":[{"id":4240,"href":"https:\/\/zap4ktv.com\/nb\/wp-json\/wp\/v2\/pages\/4239\/revisions\/4240"}],"wp:attachment":[{"href":"https:\/\/zap4ktv.com\/nb\/wp-json\/wp\/v2\/media?parent=4239"}],"curies":[{"name":"wp","href":"https:\/\/api.w.org\/{rel}","templated":true}]}}