{"id":3232,"date":"2023-05-17T20:01:10","date_gmt":"2023-05-17T20:01:10","guid":{"rendered":"https:\/\/ipsmarty.store\/?page_id=3232"},"modified":"2024-12-05T15:41:10","modified_gmt":"2024-12-05T15:41:10","slug":"sekretesspolicy","status":"publish","type":"page","link":"https:\/\/zap4ktv.com\/sv\/sekretesspolicy\/","title":{"rendered":"Sekretesspolicy"},"content":{"rendered":"<div data-elementor-type=\"wp-page\" data-elementor-id=\"3232\" class=\"elementor elementor-3232\">\n\t\t\t\t<div class=\"elementor-element elementor-element-df2fe9e e-flex e-con-boxed e-con e-parent\" data-id=\"df2fe9e\" data-element_type=\"container\" data-settings=\"{&quot;background_background&quot;:&quot;classic&quot;}\">\n\t\t\t\t\t<div class=\"e-con-inner\">\n\t\t\t\t<div class=\"elementor-element elementor-element-8d9e6bd elementor-widget elementor-widget-heading\" data-id=\"8d9e6bd\" data-element_type=\"widget\" data-widget_type=\"heading.default\">\n\t\t\t\t<div class=\"elementor-widget-container\">\n\t\t\t\t\t<h2 class=\"elementor-heading-title elementor-size-default\">Sekretesspolicy<\/h2>\t\t\t\t<\/div>\n\t\t\t\t<\/div>\n\t\t\t\t\t<\/div>\n\t\t\t\t<\/div>\n\t\t<div class=\"elementor-element elementor-element-0f18c5c e-flex e-con-boxed e-con e-parent\" data-id=\"0f18c5c\" data-element_type=\"container\" data-settings=\"{&quot;background_background&quot;:&quot;classic&quot;}\">\n\t\t\t\t\t<div class=\"e-con-inner\">\n\t\t\t\t<div class=\"elementor-element elementor-element-165dfa4 elementor-widget elementor-widget-text-editor\" data-id=\"165dfa4\" data-element_type=\"widget\" data-widget_type=\"text-editor.default\">\n\t\t\t\t<div class=\"elementor-widget-container\">\n\t\t\t\t\t\t\t\t\t<h3>Sekretesspolicy f\u00f6r Zap4kTV<\/h3><p>V\u00e4lkommen till Zap4kTV.com (&quot;Sajten&quot;). Att skydda din integritet online \u00e4r viktigt f\u00f6r oss, s\u00e4rskilt n\u00e4r vi bedriver aff\u00e4rer. Denna sekretesspolicy beskriver v\u00e5ra policyer ang\u00e5ende insamling, anv\u00e4ndning och delning av information f\u00f6r anv\u00e4ndare av webbplatsen (&quot;Bes\u00f6kare&quot;) och f\u00f6r dem som registrerar sig f\u00f6r att f\u00e5 tillg\u00e5ng till v\u00e5ra tj\u00e4nster (&quot;Auktoriserade kunder&quot;).<\/p><p>Personligt identifierbar information (PII) h\u00e4nvisar till all data som identifierar, kontaktar eller lokaliserar en specifik individ. Detta inkluderar namn, adresser, telefonnummer, e-postadresser och ekonomiska detaljer. PII inkluderar inte anonymiserad eller demografisk information som inte \u00e4r knuten till en specifik individ.<\/p><p>Vi samlar in grundl\u00e4ggande profildata fr\u00e5n alla bes\u00f6kare, s\u00e5som webbl\u00e4sartyp och preferenser. Auktoriserade kunder kan tillhandah\u00e5lla ytterligare information s\u00e5som namn, kontaktuppgifter och aff\u00e4rs- eller reklaminformation relaterad till deras aktiviteter p\u00e5 webbplatsen.<\/p><p>Zap4kTV kan arbeta med tredjepartsleverant\u00f6rer, s\u00e5som betalningsprocessorer, som ocks\u00e5 samlar in PII. \u00c4ven om vi kr\u00e4ver att dessa leverant\u00f6rer avsl\u00f6jar sina metoder, ligger deras anv\u00e4ndning av din information utanf\u00f6r v\u00e5r kontroll.<\/p><p>Vi anv\u00e4nder PII f\u00f6r att anpassa webbplatsen, underl\u00e4tta transaktioner och uppfylla servicef\u00f6rfr\u00e5gningar. Vi kan ocks\u00e5 skicka uppdateringar, reklaminneh\u00e5ll eller svar p\u00e5 f\u00f6rfr\u00e5gningar.<\/p><p>PII kan delas med andra auktoriserade kunder f\u00f6r aff\u00e4rsm\u00f6jligheter eller transaktioner, och aggregerad, icke-identifierbar data kan delas med dotterbolag eller leverant\u00f6rer. Bes\u00f6kare och auktoriserade kunder kan v\u00e4lja bort att ta emot o\u00f6nskad information.<\/p><p>Cookies anv\u00e4nds f\u00f6r att sp\u00e5ra anv\u00e4ndarpreferenser, f\u00f6rb\u00e4ttra funktionaliteten och s\u00e4kra konton genom att logga ut inaktiva anv\u00e4ndare efter 10 minuter. Inloggningsdata, s\u00e5som IP-adresser och webbl\u00e4sartyper, analyseras f\u00f6r att \u00f6vervaka anv\u00e4ndningstrender och f\u00f6rb\u00e4ttra s\u00e4kerheten.<\/p><p>Zap4kTV anv\u00e4nder strikta s\u00e4kerhets\u00e5tg\u00e4rder f\u00f6r att skydda dina data. Tillg\u00e5ng till PII \u00e4r l\u00f6senordsskyddad och begr\u00e4nsad till beh\u00f6riga anst\u00e4llda. K\u00e4nsliga data, s\u00e5som kreditkortsuppgifter, \u00e4r krypterade. \u00c4ven om vi vidtar omfattande f\u00f6rsiktighets\u00e5tg\u00e4rder \u00e4r inget system helt immunt mot intr\u00e5ng, och vi kan inte garantera totalt skydd mot obeh\u00f6rig \u00e5tkomst.<\/p><p>Bes\u00f6kare och auktoriserade kunder kan beg\u00e4ra uppdateringar av sina PII eller beg\u00e4ra avaktivering eller radering av deras data. Fullst\u00e4ndig borttagning kanske inte alltid \u00e4r m\u00f6jlig p\u00e5 grund av systems\u00e4kerhetskopior, men inaktiverad information kommer inte l\u00e4ngre att anv\u00e4ndas eller delas.<\/p><p>Vi kommer att meddela anv\u00e4ndare om \u00e4ndringar av denna policy genom att publicera uppdateringar p\u00e5 webbplatsen. Om betydande f\u00f6r\u00e4ndringar p\u00e5verkar tidigare insamlad data, kommer vi att kontakta ber\u00f6rda personer f\u00f6r att till\u00e5ta dem att v\u00e4lja bort dem.<\/p><p>Zap4kTV.com kan l\u00e4nka till andra webbplatser. Vi uppmuntrar dig att granska deras sekretesspolicyer, eftersom vi inte \u00e4r ansvariga f\u00f6r deras praxis.<\/p><p>F\u00f6r ytterligare fr\u00e5gor eller f\u00f6r att uppdatera dina integritetsinst\u00e4llningar, kontakta oss p\u00e5 <a href=\"mailto:Contact@Zap4kTV.com\">Contact@Zap4kTV.com<\/a>.<\/p>\t\t\t\t\t\t\t\t<\/div>\n\t\t\t\t<\/div>\n\t\t\t\t\t<\/div>\n\t\t\t\t<\/div>\n\t\t\t\t<\/div>","protected":false},"excerpt":{"rendered":"<p>Privacy Policy Privacy Policy for Zap4kTV Welcome to Zap4kTV.com (the \u201cSite\u201d). Protecting your privacy online is important to us, especially when conducting business. This privacy statement outlines our policies regarding the collection, use, and sharing of information for users of the Site (\u201cVisitors\u201d) and for those who register to access our services (\u201cAuthorized Customers\u201d). Personally [&hellip;]<\/p>","protected":false},"author":2,"featured_media":0,"parent":0,"menu_order":0,"comment_status":"closed","ping_status":"closed","template":"","meta":{"footnotes":""},"class_list":["post-3232","page","type-page","status-publish","hentry"],"blocksy_meta":{"page_title_panel":"","has_hero_section":"disabled","24a716533436107933a52363f5ab8f7e":"","hero_section":"type-1","hero_elements":[{"id":"custom_title","enabled":true,"heading_tag":"h1","title":"Hem"},{"id":"custom_description","enabled":true,"description_visibility":{"desktop":true,"tablet":true,"mobile":false}},{"id":"custom_meta","enabled":false,"meta_elements":[{"id":"author","enabled":true,"label":"By","has_author_avatar":"yes","avatar_size":25},{"id":"post_date","enabled":true,"label":"On","date_format_source":"default","date_format":"M j, Y"},{"id":"updated_date","enabled":false,"label":"On","date_format_source":"default","date_format":"M j, Y"},{"id":"categories","enabled":false,"label":"In","style":"simple"},{"id":"comments","enabled":true}],"page_meta_elements":{"joined":true,"articles_count":true,"comments":true}},{"id":"breadcrumbs","enabled":false}],"6ffd2d564cf7a86fa37232a3f7cf19a3":"","hero_alignment1":"CT_CSS_SKIP_RULE","hero_margin":40,"hero_alignment2":"center","hero_vertical_alignment":"center","3aca50897909981e61e36bfa22b0d995":"","hero_structure":"narrow","41bf9b501568498c842f1e2e55fa051a":"","page_title_bg_type":"featured_image","custom_hero_background":{"attachment_id":null},"page_title_image_size":"full","parallax":{"desktop":false,"tablet":false,"mobile":false},"26c4c92295fdc3dff318d145205ecb1b":"","hero_height":"250px","pageTitleFont":{"family":"Default","variation":"Default","size":"30px","line-height":"CT_CSS_SKIP_RULE","letter-spacing":"CT_CSS_SKIP_RULE","text-transform":"CT_CSS_SKIP_RULE","text-decoration":"CT_CSS_SKIP_RULE"},"pageTitleFontColor":{"default":{"color":"CT_CSS_SKIP_RULEDEFAULT"}},"pageMetaFont":{"family":"Default","variation":"n6","size":"12px","line-height":"1.3","letter-spacing":"CT_CSS_SKIP_RULE","text-transform":"uppercase","text-decoration":"CT_CSS_SKIP_RULE"},"pageMetaFontColor":{"default":{"color":"CT_CSS_SKIP_RULEDEFAULT"},"hover":{"color":"CT_CSS_SKIP_RULEDEFAULT"}},"page_meta_button_type_font_colors":{"default":{"color":"CT_CSS_SKIP_RULEDEFAULT"},"hover":{"color":"CT_CSS_SKIP_RULEDEFAULT"}},"page_meta_button_type_background_colors":{"default":{"color":"CT_CSS_SKIP_RULEDEFAULT"},"hover":{"color":"CT_CSS_SKIP_RULEDEFAULT"}},"pageExcerptFont":{"family":"Default","variation":"Default","size":"CT_CSS_SKIP_RULE","line-height":"CT_CSS_SKIP_RULE","letter-spacing":"CT_CSS_SKIP_RULE","text-transform":"CT_CSS_SKIP_RULE","text-decoration":"CT_CSS_SKIP_RULE"},"pageExcerptColor":{"default":{"color":"CT_CSS_SKIP_RULEDEFAULT"}},"breadcrumbsFont":{"family":"Default","variation":"Default","size":"CT_CSS_SKIP_RULE","line-height":"CT_CSS_SKIP_RULE","letter-spacing":"CT_CSS_SKIP_RULE","text-transform":"CT_CSS_SKIP_RULE","text-decoration":"CT_CSS_SKIP_RULE"},"breadcrumbsFontColor":{"default":{"color":"CT_CSS_SKIP_RULEDEFAULT"},"initial":{"color":"CT_CSS_SKIP_RULEDEFAULT"},"hover":{"color":"CT_CSS_SKIP_RULEDEFAULT"}},"pageTitleOverlay":{"background_type":"color","background_pattern":"type-1","background_image":{"attachment_id":null,"x":0,"y":0},"gradient":"linear-gradient(135deg,rgba(6,147,227,1) 0%,rgb(155,81,224) 100%)","background_repeat":"repeat","background_size":"auto","background_attachment":"scroll","patternColor":{"default":{"color":"#e5e7ea"}},"overlayColor":{"default":{"color":"CT_CSS_SKIP_RULE"}},"backgroundColor":{"default":{"color":"CT_CSS_SKIP_RULE"}}},"pageTitleBackground":{"background_type":"color","background_pattern":"type-1","background_image":{"attachment_id":null,"x":0,"y":0},"gradient":"linear-gradient(135deg,rgba(6,147,227,1) 0%,rgb(155,81,224) 100%)","background_repeat":"repeat","background_size":"auto","background_attachment":"scroll","patternColor":{"default":{"color":"#e5e7ea"}},"overlayColor":{"default":{"color":"CT_CSS_SKIP_RULE"}},"backgroundColor":{"default":{"color":"var(--theme-palette-color-6)"}}},"pageTitlePadding":{"top":"50px","bottom":"50px","left":"auto","right":"auto","linked":true},"a0794c1dc283c4ded9a39189a9306047":"","page_structure_type":"default","7471d577b0186ec57603ee093a45bb67":"","content_style_source":"inherit","content_style":"wide","vertical_spacing_source":"custom","content_area_spacing":"none","background":{"background_type":"color","background_pattern":"type-1","background_image":{"attachment_id":null,"x":0,"y":0},"gradient":"linear-gradient(135deg,rgba(6,147,227,1) 0%,rgb(155,81,224) 100%)","background_repeat":"repeat","background_size":"auto","background_attachment":"scroll","patternColor":{"default":{"color":"#e5e7ea"}},"overlayColor":{"default":{"color":"CT_CSS_SKIP_RULE"}},"backgroundColor":{"default":{"color":"CT_CSS_SKIP_RULE"}}},"content_background":{"background_type":"color","background_pattern":"type-1","background_image":{"attachment_id":null,"x":0,"y":0},"gradient":"linear-gradient(135deg,rgba(6,147,227,1) 0%,rgb(155,81,224) 100%)","background_repeat":"repeat","background_size":"auto","background_attachment":"scroll","patternColor":{"default":{"color":"#e5e7ea"}},"overlayColor":{"default":{"color":"CT_CSS_SKIP_RULE"}},"backgroundColor":{"default":{"color":"var(--theme-palette-color-8)"}}},"content_boxed_shadow":{"inherit":false,"blur":18,"spread":-6,"v_offset":12,"h_offset":0,"inset":false,"enable":true,"color":{"color":"rgba(34, 56, 101, 0.04)"}},"content_boxed_border":{"width":1,"style":"none","color":{"color":"rgba(44,62,80,0.2)"}},"content_boxed_radius":{"top":"3px","bottom":"3px","left":"3px","right":"3px","linked":true},"boxed_content_spacing":{"desktop":{"top":"40px","bottom":"40px","left":"40px","right":"40px","linked":true},"tablet":{"top":"35px","bottom":"35px","left":"35px","right":"35px","linked":true},"mobile":{"top":"20px","bottom":"20px","left":"20px","right":"20px","linked":true}},"745dac3c11a60e777d75e63a71e0acf3":"","disable_featured_image":"no","disable_share_box":"no","disable_header":"no","disable_footer":"no","styles_descriptor":{"styles":{"desktop":"","tablet":"","mobile":""},"google_fonts":[],"version":6}},"yoast_head":"<!-- This site is optimized with the Yoast SEO Premium plugin v24.0 (Yoast SEO v24.1) - https:\/\/yoast.com\/wordpress\/plugins\/seo\/ -->\n<title>Privacy Policy - Zap4kTv - Best IPTV Subscription Service 2025<\/title>\n<meta name=\"robots\" content=\"index, follow, max-snippet:-1, max-image-preview:large, max-video-preview:-1\" \/>\n<link rel=\"canonical\" href=\"https:\/\/zap4ktv.com\/sv\/sekretesspolicy\/\" \/>\n<meta property=\"og:locale\" content=\"sv_SE\" \/>\n<meta property=\"og:type\" content=\"article\" \/>\n<meta property=\"og:title\" content=\"Privacy Policy\" \/>\n<meta property=\"og:description\" content=\"Privacy Policy Privacy Policy for Zap4kTV Welcome to Zap4kTV.com (the \u201cSite\u201d). Protecting your privacy online is important to us, especially when conducting business. This privacy statement outlines our policies regarding the collection, use, and sharing of information for users of the Site (\u201cVisitors\u201d) and for those who register to access our services (\u201cAuthorized Customers\u201d). Personally [&hellip;]\" \/>\n<meta property=\"og:url\" content=\"https:\/\/zap4ktv.com\/sv\/sekretesspolicy\/\" \/>\n<meta property=\"og:site_name\" content=\"Zap4kTv - Best IPTV Subscription Service 2025\" \/>\n<meta property=\"article:modified_time\" content=\"2024-12-05T15:41:10+00:00\" \/>\n<meta name=\"twitter:card\" content=\"summary_large_image\" \/>\n<meta name=\"twitter:label1\" content=\"Ber\u00e4knad l\u00e4stid\" \/>\n\t<meta name=\"twitter:data1\" content=\"2 minuter\" \/>\n<script type=\"application\/ld+json\" class=\"yoast-schema-graph\">{\"@context\":\"https:\/\/schema.org\",\"@graph\":[{\"@type\":\"WebPage\",\"@id\":\"https:\/\/zap4ktv.com\/privacy-policy\/\",\"url\":\"https:\/\/zap4ktv.com\/privacy-policy\/\",\"name\":\"Privacy Policy - Zap4kTv - Best IPTV Subscription Service 2025\",\"isPartOf\":{\"@id\":\"https:\/\/zap4ktv.com\/#website\"},\"datePublished\":\"2023-05-17T20:01:10+00:00\",\"dateModified\":\"2024-12-05T15:41:10+00:00\",\"breadcrumb\":{\"@id\":\"https:\/\/zap4ktv.com\/privacy-policy\/#breadcrumb\"},\"inLanguage\":\"sv-SE\",\"potentialAction\":[{\"@type\":\"ReadAction\",\"target\":[\"https:\/\/zap4ktv.com\/privacy-policy\/\"]}]},{\"@type\":\"BreadcrumbList\",\"@id\":\"https:\/\/zap4ktv.com\/privacy-policy\/#breadcrumb\",\"itemListElement\":[{\"@type\":\"ListItem\",\"position\":1,\"name\":\"Home\",\"item\":\"https:\/\/zap4ktv.com\/\"},{\"@type\":\"ListItem\",\"position\":2,\"name\":\"Privacy Policy\"}]},{\"@type\":\"WebSite\",\"@id\":\"https:\/\/zap4ktv.com\/#website\",\"url\":\"https:\/\/zap4ktv.com\/\",\"name\":\"Zap4kTv - Best IPTV Subscription Service 2025\",\"description\":\"Top IPTV Subscription Provider in 2025\",\"publisher\":{\"@id\":\"https:\/\/zap4ktv.com\/#organization\"},\"potentialAction\":[{\"@type\":\"SearchAction\",\"target\":{\"@type\":\"EntryPoint\",\"urlTemplate\":\"https:\/\/zap4ktv.com\/?s={search_term_string}\"},\"query-input\":{\"@type\":\"PropertyValueSpecification\",\"valueRequired\":true,\"valueName\":\"search_term_string\"}}],\"inLanguage\":\"sv-SE\"},{\"@type\":\"Organization\",\"@id\":\"https:\/\/zap4ktv.com\/#organization\",\"name\":\"Zap4kTv - Best IPTV Subscription Service 2025\",\"url\":\"https:\/\/zap4ktv.com\/\",\"logo\":{\"@type\":\"ImageObject\",\"inLanguage\":\"sv-SE\",\"@id\":\"https:\/\/zap4ktv.com\/#\/schema\/logo\/image\/\",\"url\":\"https:\/\/ml6f5dkbciyx.i.optimole.com\/w:auto\/h:auto\/q:mauto\/ig:avif\/https:\/\/zap4ktv.com\/wp-content\/uploads\/2024\/12\/Design-sans-titre-13.png\",\"contentUrl\":\"https:\/\/ml6f5dkbciyx.i.optimole.com\/w:auto\/h:auto\/q:mauto\/ig:avif\/https:\/\/zap4ktv.com\/wp-content\/uploads\/2024\/12\/Design-sans-titre-13.png\",\"width\":1080,\"height\":1080,\"caption\":\"Zap4kTv - Best IPTV Subscription Service 2025\"},\"image\":{\"@id\":\"https:\/\/zap4ktv.com\/#\/schema\/logo\/image\/\"}}]}<\/script>\n<!-- \/ Yoast SEO Premium plugin. -->","yoast_head_json":{"title":"Sekretesspolicy - Zap4kTv - B\u00e4sta IPTV-prenumerationstj\u00e4nst 2025","robots":{"index":"index","follow":"follow","max-snippet":"max-snippet:-1","max-image-preview":"max-image-preview:large","max-video-preview":"max-video-preview:-1"},"canonical":"https:\/\/zap4ktv.com\/sv\/sekretesspolicy\/","og_locale":"sv_SE","og_type":"article","og_title":"Privacy Policy","og_description":"Privacy Policy Privacy Policy for Zap4kTV Welcome to Zap4kTV.com (the \u201cSite\u201d). Protecting your privacy online is important to us, especially when conducting business. This privacy statement outlines our policies regarding the collection, use, and sharing of information for users of the Site (\u201cVisitors\u201d) and for those who register to access our services (\u201cAuthorized Customers\u201d). Personally [&hellip;]","og_url":"https:\/\/zap4ktv.com\/sv\/sekretesspolicy\/","og_site_name":"Zap4kTv - Best IPTV Subscription Service 2025","article_modified_time":"2024-12-05T15:41:10+00:00","twitter_card":"summary_large_image","twitter_misc":{"Ber\u00e4knad l\u00e4stid":"2 minuter"},"schema":{"@context":"https:\/\/schema.org","@graph":[{"@type":"WebPage","@id":"https:\/\/zap4ktv.com\/privacy-policy\/","url":"https:\/\/zap4ktv.com\/privacy-policy\/","name":"Sekretesspolicy - Zap4kTv - B\u00e4sta IPTV-prenumerationstj\u00e4nst 2025","isPartOf":{"@id":"https:\/\/zap4ktv.com\/#website"},"datePublished":"2023-05-17T20:01:10+00:00","dateModified":"2024-12-05T15:41:10+00:00","breadcrumb":{"@id":"https:\/\/zap4ktv.com\/privacy-policy\/#breadcrumb"},"inLanguage":"sv-SE","potentialAction":[{"@type":"ReadAction","target":["https:\/\/zap4ktv.com\/privacy-policy\/"]}]},{"@type":"BreadcrumbList","@id":"https:\/\/zap4ktv.com\/privacy-policy\/#breadcrumb","itemListElement":[{"@type":"ListItem","position":1,"name":"Home","item":"https:\/\/zap4ktv.com\/"},{"@type":"ListItem","position":2,"name":"Privacy Policy"}]},{"@type":"WebSite","@id":"https:\/\/zap4ktv.com\/#website","url":"https:\/\/zap4ktv.com\/","name":"Zap4kTv - B\u00e4sta IPTV-prenumerationstj\u00e4nst 2025","description":"B\u00e4sta IPTV-abonnemangsleverant\u00f6ren 2025","publisher":{"@id":"https:\/\/zap4ktv.com\/#organization"},"potentialAction":[{"@type":"SearchAction","target":{"@type":"EntryPoint","urlTemplate":"https:\/\/zap4ktv.com\/?s={search_term_string}"},"query-input":{"@type":"PropertyValueSpecification","valueRequired":true,"valueName":"search_term_string"}}],"inLanguage":"sv-SE"},{"@type":"Organization","@id":"https:\/\/zap4ktv.com\/#organization","name":"Zap4kTv - B\u00e4sta IPTV-prenumerationstj\u00e4nst 2025","url":"https:\/\/zap4ktv.com\/","logo":{"@type":"ImageObject","inLanguage":"sv-SE","@id":"https:\/\/zap4ktv.com\/#\/schema\/logo\/image\/","url":"https:\/\/ml6f5dkbciyx.i.optimole.com\/w:auto\/h:auto\/q:mauto\/ig:avif\/https:\/\/zap4ktv.com\/wp-content\/uploads\/2024\/12\/Design-sans-titre-13.png","contentUrl":"https:\/\/ml6f5dkbciyx.i.optimole.com\/w:auto\/h:auto\/q:mauto\/ig:avif\/https:\/\/zap4ktv.com\/wp-content\/uploads\/2024\/12\/Design-sans-titre-13.png","width":1080,"height":1080,"caption":"Zap4kTv - Best IPTV Subscription Service 2025"},"image":{"@id":"https:\/\/zap4ktv.com\/#\/schema\/logo\/image\/"}}]}},"jetpack_sharing_enabled":true,"_links":{"self":[{"href":"https:\/\/zap4ktv.com\/sv\/wp-json\/wp\/v2\/pages\/3232","targetHints":{"allow":["GET"]}}],"collection":[{"href":"https:\/\/zap4ktv.com\/sv\/wp-json\/wp\/v2\/pages"}],"about":[{"href":"https:\/\/zap4ktv.com\/sv\/wp-json\/wp\/v2\/types\/page"}],"author":[{"embeddable":true,"href":"https:\/\/zap4ktv.com\/sv\/wp-json\/wp\/v2\/users\/2"}],"replies":[{"embeddable":true,"href":"https:\/\/zap4ktv.com\/sv\/wp-json\/wp\/v2\/comments?post=3232"}],"version-history":[{"count":16,"href":"https:\/\/zap4ktv.com\/sv\/wp-json\/wp\/v2\/pages\/3232\/revisions"}],"predecessor-version":[{"id":3963,"href":"https:\/\/zap4ktv.com\/sv\/wp-json\/wp\/v2\/pages\/3232\/revisions\/3963"}],"wp:attachment":[{"href":"https:\/\/zap4ktv.com\/sv\/wp-json\/wp\/v2\/media?parent=3232"}],"curies":[{"name":"wp","href":"https:\/\/api.w.org\/{rel}","templated":true}]}}