{"id":3249,"date":"2023-05-17T20:08:56","date_gmt":"2023-05-17T20:08:56","guid":{"rendered":"https:\/\/ipsmarty.store\/?page_id=3249"},"modified":"2024-12-05T16:12:55","modified_gmt":"2024-12-05T16:12:55","slug":"gdpr","status":"publish","type":"page","link":"https:\/\/zap4ktv.com\/sv\/gdpr\/","title":{"rendered":"GDPR"},"content":{"rendered":"<div data-elementor-type=\"wp-page\" data-elementor-id=\"3249\" class=\"elementor elementor-3249\">\n\t\t\t\t<div class=\"elementor-element elementor-element-df2fe9e e-flex e-con-boxed e-con e-parent\" data-id=\"df2fe9e\" data-element_type=\"container\" data-settings=\"{&quot;background_background&quot;:&quot;classic&quot;}\">\n\t\t\t\t\t<div class=\"e-con-inner\">\n\t\t\t\t<div class=\"elementor-element elementor-element-8d9e6bd elementor-widget elementor-widget-heading\" data-id=\"8d9e6bd\" data-element_type=\"widget\" data-widget_type=\"heading.default\">\n\t\t\t\t<div class=\"elementor-widget-container\">\n\t\t\t\t\t<h2 class=\"elementor-heading-title elementor-size-default\">GDPR-policy<\/h2>\t\t\t\t<\/div>\n\t\t\t\t<\/div>\n\t\t\t\t\t<\/div>\n\t\t\t\t<\/div>\n\t\t<div class=\"elementor-element elementor-element-0f18c5c e-flex e-con-boxed e-con e-parent\" data-id=\"0f18c5c\" data-element_type=\"container\" data-settings=\"{&quot;background_background&quot;:&quot;classic&quot;}\">\n\t\t\t\t\t<div class=\"e-con-inner\">\n\t\t\t\t<div class=\"elementor-element elementor-element-165dfa4 elementor-widget elementor-widget-text-editor\" data-id=\"165dfa4\" data-element_type=\"widget\" data-widget_type=\"text-editor.default\">\n\t\t\t\t<div class=\"elementor-widget-container\">\n\t\t\t\t\t\t\t\t\t<p>P\u00e5 Zap4kTv.com, tillg\u00e4nglig fr\u00e5n Zap4kTv.com, \u00e4r skyddet av v\u00e5ra bes\u00f6kares integritet en av v\u00e5ra h\u00f6gsta prioriteringar. Denna integritetspolicy beskriver de typer av information vi samlar in och registrerar p\u00e5 Zap4kTv.com och hur vi anv\u00e4nder den.<\/p><p>Om du har ytterligare fr\u00e5gor eller beh\u00f6ver mer information om v\u00e5r integritetspolicy \u00e4r du v\u00e4lkommen att kontakta oss.<\/p><p><strong>General Data Protection Regulation (GDPR)<\/strong><br \/>Vi fungerar som personuppgiftsansvarig f\u00f6r dina personuppgifter. V\u00e5r r\u00e4ttsliga grund f\u00f6r att samla in och anv\u00e4nda personlig information beror p\u00e5 den specifika informationen och sammanhanget:<\/p><ul><li>Zap4kTv m\u00e5ste uppfylla ett kontrakt med dig.<\/li><li>Du har gett Zap4kTv till\u00e5telse att anv\u00e4nda din information.<\/li><li>Att behandla din information \u00e4r i linje med Zap4kTv:s legitima intressen.<\/li><li>Zap4kTv m\u00e5ste f\u00f6lja r\u00e4ttsliga skyldigheter.<\/li><\/ul><p>Vi kommer att beh\u00e5lla din personliga information endast s\u00e5 l\u00e4nge det \u00e4r n\u00f6dv\u00e4ndigt f\u00f6r de syften som beskrivs i denna integritetspolicy, inklusive efterlevnad av juridiska skyldigheter, tvistl\u00f6sning och uppr\u00e4tth\u00e5llande av v\u00e5ra policyer.<\/p><p>Om du \u00e4r bosatt i Europeiska ekonomiska samarbetsomr\u00e5det (EES) har du specifika r\u00e4ttigheter ang\u00e5ende dina uppgifter. F\u00f6r att veta vilken personlig information vi har om dig eller f\u00f6r att beg\u00e4ra att den tas bort, v\u00e4nligen kontakta oss. Dina r\u00e4ttigheter inkluderar:<\/p><ul><li>F\u00e5 \u00e5tkomst till, uppdatera eller radera din information.<\/li><li>R\u00e4tta felaktiga uppgifter.<\/li><li>Inv\u00e4nda mot databehandling.<\/li><li>Begr\u00e4nsning av dataanv\u00e4ndning.<\/li><li>Dataportabilitet.<\/li><li>\u00c5terkalla samtycke.<\/li><\/ul><p><strong>Loggfiler<\/strong><br \/>Zap4kTv.com f\u00f6ljer standardpraxis f\u00f6r att anv\u00e4nda loggfiler. Dessa filer loggar bes\u00f6kare under webbplats\u00e5tkomst och hj\u00e4lper till att analysera trender, administrera webbplatsen, sp\u00e5ra anv\u00e4ndarbeteende och samla in demografisk information. Loggade data kan innefatta IP-adresser, webbl\u00e4sartyper, internetleverant\u00f6rer, tidsst\u00e4mplar, h\u00e4nvisnings-\/utg\u00e5ngssidor och antal klick, varav ingen \u00e4r l\u00e4nkad till identifierbara individer.<\/p><p><strong>Cookies och webbsignaler<\/strong><br \/>Zap4kTv.com anv\u00e4nder cookies f\u00f6r att lagra bes\u00f6karnas preferenser och sp\u00e5ra webbplatsinteraktioner f\u00f6r att f\u00f6rb\u00e4ttra anv\u00e4ndarupplevelsen. Cookies hj\u00e4lper till att anpassa inneh\u00e5ll baserat p\u00e5 webbl\u00e4sartyper eller annan information.<\/p><p><strong>Annonspartners sekretesspolicyer<\/strong><br \/>V\u00e5ra annonspartners kan anv\u00e4nda cookies, JavaScript eller webbsignaler i sina annonser och l\u00e4nkar p\u00e5 Zap4kTv.com. Dessa tekniker samlar in din IP-adress f\u00f6r att m\u00e4ta kampanjens effektivitet och anpassa annonser. Zap4kTv.com har inte tillg\u00e5ng till eller kontroll \u00f6ver tredjepartscookies.<\/p><p><strong>Tredjeparts sekretesspolicyer<\/strong><br \/>Zap4kTv.coms sekretesspolicy t\u00e4cker inte tredjepartsannons\u00f6rer eller webbplatser. Vi rekommenderar att du l\u00e4ser deras sekretesspolicyer f\u00f6r detaljerad praxis och instruktioner om att v\u00e4lja bort dem. Du kan hantera cookie-preferenser via din webbl\u00e4sarinst\u00e4llningar.<\/p><p><strong>Barninformation<\/strong><br \/>Att skydda barn p\u00e5 n\u00e4tet \u00e4r viktigt f\u00f6r oss. Vi uppmuntrar f\u00f6r\u00e4ldrar och v\u00e5rdnadshavare att \u00f6vervaka sina barns onlineaktiviteter. Zap4kTv.com samlar inte medvetet in personligt identifierbar information fr\u00e5n barn under 13. Om du tror att ditt barn har l\u00e4mnat s\u00e5dan information, v\u00e4nligen kontakta oss omedelbart, s\u00e5 tar vi omedelbart bort den fr\u00e5n v\u00e5ra register.<\/p><p><strong>Sekretesspolicy online<\/strong><br \/>Denna integritetspolicy g\u00e4ller endast f\u00f6r onlineaktiviteter p\u00e5 Zap4kTv.com och avser information som delas eller samlas in via v\u00e5r webbplats. Det t\u00e4cker inte insamling av offlinedata eller andra kanaler.<\/p><p><strong>Samtycke<\/strong><br \/>Genom att anv\u00e4nda v\u00e5r webbplats samtycker du till v\u00e5r integritetspolicy och godk\u00e4nner dess villkor.<\/p>\t\t\t\t\t\t\t\t<\/div>\n\t\t\t\t<\/div>\n\t\t\t\t\t<\/div>\n\t\t\t\t<\/div>\n\t\t\t\t<\/div>","protected":false},"excerpt":{"rendered":"<p>GDPR Policy At Zap4kTv.com, accessible from Zap4kTv.com, protecting our visitors&#8217; privacy is one of our top priorities. This Privacy Policy outlines the types of information we collect and record at Zap4kTv.com and how we use it. If you have additional questions or need further information about our Privacy Policy, please feel free to contact us. [&hellip;]<\/p>","protected":false},"author":2,"featured_media":0,"parent":0,"menu_order":0,"comment_status":"closed","ping_status":"closed","template":"","meta":{"footnotes":""},"class_list":["post-3249","page","type-page","status-publish","hentry"],"blocksy_meta":{"page_title_panel":"","has_hero_section":"disabled","24a716533436107933a52363f5ab8f7e":"","hero_section":"type-1","hero_elements":[{"id":"custom_title","enabled":true,"heading_tag":"h1","title":"Hem"},{"id":"custom_description","enabled":true,"description_visibility":{"desktop":true,"tablet":true,"mobile":false}},{"id":"custom_meta","enabled":false,"meta_elements":[{"id":"author","enabled":true,"label":"By","has_author_avatar":"yes","avatar_size":25},{"id":"post_date","enabled":true,"label":"On","date_format_source":"default","date_format":"M j, Y"},{"id":"updated_date","enabled":false,"label":"On","date_format_source":"default","date_format":"M j, Y"},{"id":"categories","enabled":false,"label":"In","style":"simple"},{"id":"comments","enabled":true}],"page_meta_elements":{"joined":true,"articles_count":true,"comments":true}},{"id":"breadcrumbs","enabled":false}],"6ffd2d564cf7a86fa37232a3f7cf19a3":"","hero_alignment1":"CT_CSS_SKIP_RULE","hero_margin":40,"hero_alignment2":"center","hero_vertical_alignment":"center","3aca50897909981e61e36bfa22b0d995":"","hero_structure":"narrow","41bf9b501568498c842f1e2e55fa051a":"","page_title_bg_type":"featured_image","custom_hero_background":{"attachment_id":null},"page_title_image_size":"full","parallax":{"desktop":false,"tablet":false,"mobile":false},"26c4c92295fdc3dff318d145205ecb1b":"","hero_height":"250px","pageTitleFont":{"family":"Default","variation":"Default","size":"30px","line-height":"CT_CSS_SKIP_RULE","letter-spacing":"CT_CSS_SKIP_RULE","text-transform":"CT_CSS_SKIP_RULE","text-decoration":"CT_CSS_SKIP_RULE"},"pageTitleFontColor":{"default":{"color":"CT_CSS_SKIP_RULEDEFAULT"}},"pageMetaFont":{"family":"Default","variation":"n6","size":"12px","line-height":"1.3","letter-spacing":"CT_CSS_SKIP_RULE","text-transform":"uppercase","text-decoration":"CT_CSS_SKIP_RULE"},"pageMetaFontColor":{"default":{"color":"CT_CSS_SKIP_RULEDEFAULT"},"hover":{"color":"CT_CSS_SKIP_RULEDEFAULT"}},"page_meta_button_type_font_colors":{"default":{"color":"CT_CSS_SKIP_RULEDEFAULT"},"hover":{"color":"CT_CSS_SKIP_RULEDEFAULT"}},"page_meta_button_type_background_colors":{"default":{"color":"CT_CSS_SKIP_RULEDEFAULT"},"hover":{"color":"CT_CSS_SKIP_RULEDEFAULT"}},"pageExcerptFont":{"family":"Default","variation":"Default","size":"CT_CSS_SKIP_RULE","line-height":"CT_CSS_SKIP_RULE","letter-spacing":"CT_CSS_SKIP_RULE","text-transform":"CT_CSS_SKIP_RULE","text-decoration":"CT_CSS_SKIP_RULE"},"pageExcerptColor":{"default":{"color":"CT_CSS_SKIP_RULEDEFAULT"}},"breadcrumbsFont":{"family":"Default","variation":"Default","size":"CT_CSS_SKIP_RULE","line-height":"CT_CSS_SKIP_RULE","letter-spacing":"CT_CSS_SKIP_RULE","text-transform":"CT_CSS_SKIP_RULE","text-decoration":"CT_CSS_SKIP_RULE"},"breadcrumbsFontColor":{"default":{"color":"CT_CSS_SKIP_RULEDEFAULT"},"initial":{"color":"CT_CSS_SKIP_RULEDEFAULT"},"hover":{"color":"CT_CSS_SKIP_RULEDEFAULT"}},"pageTitleOverlay":{"background_type":"color","background_pattern":"type-1","background_image":{"attachment_id":null,"x":0,"y":0},"gradient":"linear-gradient(135deg,rgba(6,147,227,1) 0%,rgb(155,81,224) 100%)","background_repeat":"repeat","background_size":"auto","background_attachment":"scroll","patternColor":{"default":{"color":"#e5e7ea"}},"overlayColor":{"default":{"color":"CT_CSS_SKIP_RULE"}},"backgroundColor":{"default":{"color":"CT_CSS_SKIP_RULE"}}},"pageTitleBackground":{"background_type":"color","background_pattern":"type-1","background_image":{"attachment_id":null,"x":0,"y":0},"gradient":"linear-gradient(135deg,rgba(6,147,227,1) 0%,rgb(155,81,224) 100%)","background_repeat":"repeat","background_size":"auto","background_attachment":"scroll","patternColor":{"default":{"color":"#e5e7ea"}},"overlayColor":{"default":{"color":"CT_CSS_SKIP_RULE"}},"backgroundColor":{"default":{"color":"var(--theme-palette-color-6)"}}},"pageTitlePadding":{"top":"50px","bottom":"50px","left":"auto","right":"auto","linked":true},"a0794c1dc283c4ded9a39189a9306047":"","page_structure_type":"default","7471d577b0186ec57603ee093a45bb67":"","content_style_source":"inherit","content_style":"wide","vertical_spacing_source":"custom","content_area_spacing":"none","background":{"background_type":"color","background_pattern":"type-1","background_image":{"attachment_id":null,"x":0,"y":0},"gradient":"linear-gradient(135deg,rgba(6,147,227,1) 0%,rgb(155,81,224) 100%)","background_repeat":"repeat","background_size":"auto","background_attachment":"scroll","patternColor":{"default":{"color":"#e5e7ea"}},"overlayColor":{"default":{"color":"CT_CSS_SKIP_RULE"}},"backgroundColor":{"default":{"color":"CT_CSS_SKIP_RULE"}}},"content_background":{"background_type":"color","background_pattern":"type-1","background_image":{"attachment_id":null,"x":0,"y":0},"gradient":"linear-gradient(135deg,rgba(6,147,227,1) 0%,rgb(155,81,224) 100%)","background_repeat":"repeat","background_size":"auto","background_attachment":"scroll","patternColor":{"default":{"color":"#e5e7ea"}},"overlayColor":{"default":{"color":"CT_CSS_SKIP_RULE"}},"backgroundColor":{"default":{"color":"var(--theme-palette-color-8)"}}},"content_boxed_shadow":{"inherit":false,"blur":18,"spread":-6,"v_offset":12,"h_offset":0,"inset":false,"enable":true,"color":{"color":"rgba(34, 56, 101, 0.04)"}},"content_boxed_border":{"width":1,"style":"none","color":{"color":"rgba(44,62,80,0.2)"}},"content_boxed_radius":{"top":"3px","bottom":"3px","left":"3px","right":"3px","linked":true},"boxed_content_spacing":{"desktop":{"top":"40px","bottom":"40px","left":"40px","right":"40px","linked":true},"tablet":{"top":"35px","bottom":"35px","left":"35px","right":"35px","linked":true},"mobile":{"top":"20px","bottom":"20px","left":"20px","right":"20px","linked":true}},"745dac3c11a60e777d75e63a71e0acf3":"","disable_featured_image":"no","disable_share_box":"no","disable_header":"no","disable_footer":"no","styles_descriptor":{"styles":{"desktop":"","tablet":"","mobile":""},"google_fonts":[],"version":6}},"yoast_head":"<!-- This site is optimized with the Yoast SEO Premium plugin v24.0 (Yoast SEO v24.1) - https:\/\/yoast.com\/wordpress\/plugins\/seo\/ -->\n<title>GDPR - Zap4kTv - Best IPTV Subscription Service 2025<\/title>\n<meta name=\"robots\" content=\"index, follow, max-snippet:-1, max-image-preview:large, max-video-preview:-1\" \/>\n<link rel=\"canonical\" href=\"https:\/\/zap4ktv.com\/sv\/gdpr\/\" \/>\n<meta property=\"og:locale\" content=\"sv_SE\" \/>\n<meta property=\"og:type\" content=\"article\" \/>\n<meta property=\"og:title\" content=\"GDPR\" \/>\n<meta property=\"og:description\" content=\"GDPR Policy At Zap4kTv.com, accessible from Zap4kTv.com, protecting our visitors&#8217; privacy is one of our top priorities. This Privacy Policy outlines the types of information we collect and record at Zap4kTv.com and how we use it. If you have additional questions or need further information about our Privacy Policy, please feel free to contact us. [&hellip;]\" \/>\n<meta property=\"og:url\" content=\"https:\/\/zap4ktv.com\/sv\/gdpr\/\" \/>\n<meta property=\"og:site_name\" content=\"Zap4kTv - Best IPTV Subscription Service 2025\" \/>\n<meta property=\"article:modified_time\" content=\"2024-12-05T16:12:55+00:00\" \/>\n<meta name=\"twitter:card\" content=\"summary_large_image\" \/>\n<meta name=\"twitter:label1\" content=\"Ber\u00e4knad l\u00e4stid\" \/>\n\t<meta name=\"twitter:data1\" content=\"2 minuter\" \/>\n<script type=\"application\/ld+json\" class=\"yoast-schema-graph\">{\"@context\":\"https:\/\/schema.org\",\"@graph\":[{\"@type\":\"WebPage\",\"@id\":\"https:\/\/zap4ktv.com\/gdpr\/\",\"url\":\"https:\/\/zap4ktv.com\/gdpr\/\",\"name\":\"GDPR - Zap4kTv - Best IPTV Subscription Service 2025\",\"isPartOf\":{\"@id\":\"https:\/\/zap4ktv.com\/#website\"},\"datePublished\":\"2023-05-17T20:08:56+00:00\",\"dateModified\":\"2024-12-05T16:12:55+00:00\",\"breadcrumb\":{\"@id\":\"https:\/\/zap4ktv.com\/gdpr\/#breadcrumb\"},\"inLanguage\":\"sv-SE\",\"potentialAction\":[{\"@type\":\"ReadAction\",\"target\":[\"https:\/\/zap4ktv.com\/gdpr\/\"]}]},{\"@type\":\"BreadcrumbList\",\"@id\":\"https:\/\/zap4ktv.com\/gdpr\/#breadcrumb\",\"itemListElement\":[{\"@type\":\"ListItem\",\"position\":1,\"name\":\"Home\",\"item\":\"https:\/\/zap4ktv.com\/\"},{\"@type\":\"ListItem\",\"position\":2,\"name\":\"GDPR\"}]},{\"@type\":\"WebSite\",\"@id\":\"https:\/\/zap4ktv.com\/#website\",\"url\":\"https:\/\/zap4ktv.com\/\",\"name\":\"Zap4kTv - Best IPTV Subscription Service 2025\",\"description\":\"Top IPTV Subscription Provider in 2025\",\"publisher\":{\"@id\":\"https:\/\/zap4ktv.com\/#organization\"},\"potentialAction\":[{\"@type\":\"SearchAction\",\"target\":{\"@type\":\"EntryPoint\",\"urlTemplate\":\"https:\/\/zap4ktv.com\/?s={search_term_string}\"},\"query-input\":{\"@type\":\"PropertyValueSpecification\",\"valueRequired\":true,\"valueName\":\"search_term_string\"}}],\"inLanguage\":\"sv-SE\"},{\"@type\":\"Organization\",\"@id\":\"https:\/\/zap4ktv.com\/#organization\",\"name\":\"Zap4kTv - Best IPTV Subscription Service 2025\",\"url\":\"https:\/\/zap4ktv.com\/\",\"logo\":{\"@type\":\"ImageObject\",\"inLanguage\":\"sv-SE\",\"@id\":\"https:\/\/zap4ktv.com\/#\/schema\/logo\/image\/\",\"url\":\"https:\/\/ml6f5dkbciyx.i.optimole.com\/w:auto\/h:auto\/q:mauto\/ig:avif\/https:\/\/zap4ktv.com\/wp-content\/uploads\/2024\/12\/Design-sans-titre-13.png\",\"contentUrl\":\"https:\/\/ml6f5dkbciyx.i.optimole.com\/w:auto\/h:auto\/q:mauto\/ig:avif\/https:\/\/zap4ktv.com\/wp-content\/uploads\/2024\/12\/Design-sans-titre-13.png\",\"width\":1080,\"height\":1080,\"caption\":\"Zap4kTv - Best IPTV Subscription Service 2025\"},\"image\":{\"@id\":\"https:\/\/zap4ktv.com\/#\/schema\/logo\/image\/\"}}]}<\/script>\n<!-- \/ Yoast SEO Premium plugin. -->","yoast_head_json":{"title":"GDPR - Zap4kTv - Best IPTV Subscription Service 2025","robots":{"index":"index","follow":"follow","max-snippet":"max-snippet:-1","max-image-preview":"max-image-preview:large","max-video-preview":"max-video-preview:-1"},"canonical":"https:\/\/zap4ktv.com\/sv\/gdpr\/","og_locale":"sv_SE","og_type":"article","og_title":"GDPR","og_description":"GDPR Policy At Zap4kTv.com, accessible from Zap4kTv.com, protecting our visitors&#8217; privacy is one of our top priorities. This Privacy Policy outlines the types of information we collect and record at Zap4kTv.com and how we use it. If you have additional questions or need further information about our Privacy Policy, please feel free to contact us. [&hellip;]","og_url":"https:\/\/zap4ktv.com\/sv\/gdpr\/","og_site_name":"Zap4kTv - Best IPTV Subscription Service 2025","article_modified_time":"2024-12-05T16:12:55+00:00","twitter_card":"summary_large_image","twitter_misc":{"Ber\u00e4knad l\u00e4stid":"2 minuter"},"schema":{"@context":"https:\/\/schema.org","@graph":[{"@type":"WebPage","@id":"https:\/\/zap4ktv.com\/gdpr\/","url":"https:\/\/zap4ktv.com\/gdpr\/","name":"GDPR - Zap4kTv - Best IPTV Subscription Service 2025","isPartOf":{"@id":"https:\/\/zap4ktv.com\/#website"},"datePublished":"2023-05-17T20:08:56+00:00","dateModified":"2024-12-05T16:12:55+00:00","breadcrumb":{"@id":"https:\/\/zap4ktv.com\/gdpr\/#breadcrumb"},"inLanguage":"sv-SE","potentialAction":[{"@type":"ReadAction","target":["https:\/\/zap4ktv.com\/gdpr\/"]}]},{"@type":"BreadcrumbList","@id":"https:\/\/zap4ktv.com\/gdpr\/#breadcrumb","itemListElement":[{"@type":"ListItem","position":1,"name":"Home","item":"https:\/\/zap4ktv.com\/"},{"@type":"ListItem","position":2,"name":"GDPR"}]},{"@type":"WebSite","@id":"https:\/\/zap4ktv.com\/#website","url":"https:\/\/zap4ktv.com\/","name":"Zap4kTv - B\u00e4sta IPTV-prenumerationstj\u00e4nst 2025","description":"B\u00e4sta IPTV-abonnemangsleverant\u00f6ren 2025","publisher":{"@id":"https:\/\/zap4ktv.com\/#organization"},"potentialAction":[{"@type":"SearchAction","target":{"@type":"EntryPoint","urlTemplate":"https:\/\/zap4ktv.com\/?s={search_term_string}"},"query-input":{"@type":"PropertyValueSpecification","valueRequired":true,"valueName":"search_term_string"}}],"inLanguage":"sv-SE"},{"@type":"Organization","@id":"https:\/\/zap4ktv.com\/#organization","name":"Zap4kTv - B\u00e4sta IPTV-prenumerationstj\u00e4nst 2025","url":"https:\/\/zap4ktv.com\/","logo":{"@type":"ImageObject","inLanguage":"sv-SE","@id":"https:\/\/zap4ktv.com\/#\/schema\/logo\/image\/","url":"https:\/\/ml6f5dkbciyx.i.optimole.com\/w:auto\/h:auto\/q:mauto\/ig:avif\/https:\/\/zap4ktv.com\/wp-content\/uploads\/2024\/12\/Design-sans-titre-13.png","contentUrl":"https:\/\/ml6f5dkbciyx.i.optimole.com\/w:auto\/h:auto\/q:mauto\/ig:avif\/https:\/\/zap4ktv.com\/wp-content\/uploads\/2024\/12\/Design-sans-titre-13.png","width":1080,"height":1080,"caption":"Zap4kTv - Best IPTV Subscription Service 2025"},"image":{"@id":"https:\/\/zap4ktv.com\/#\/schema\/logo\/image\/"}}]}},"jetpack_sharing_enabled":true,"_links":{"self":[{"href":"https:\/\/zap4ktv.com\/sv\/wp-json\/wp\/v2\/pages\/3249","targetHints":{"allow":["GET"]}}],"collection":[{"href":"https:\/\/zap4ktv.com\/sv\/wp-json\/wp\/v2\/pages"}],"about":[{"href":"https:\/\/zap4ktv.com\/sv\/wp-json\/wp\/v2\/types\/page"}],"author":[{"embeddable":true,"href":"https:\/\/zap4ktv.com\/sv\/wp-json\/wp\/v2\/users\/2"}],"replies":[{"embeddable":true,"href":"https:\/\/zap4ktv.com\/sv\/wp-json\/wp\/v2\/comments?post=3249"}],"version-history":[{"count":13,"href":"https:\/\/zap4ktv.com\/sv\/wp-json\/wp\/v2\/pages\/3249\/revisions"}],"predecessor-version":[{"id":3982,"href":"https:\/\/zap4ktv.com\/sv\/wp-json\/wp\/v2\/pages\/3249\/revisions\/3982"}],"wp:attachment":[{"href":"https:\/\/zap4ktv.com\/sv\/wp-json\/wp\/v2\/media?parent=3249"}],"curies":[{"name":"wp","href":"https:\/\/api.w.org\/{rel}","templated":true}]}}